{"id":53853,"date":"2023-12-12T12:47:19","date_gmt":"2023-12-12T11:47:19","guid":{"rendered":"https:\/\/pet-shopping.de\/shop\/produkt\/karlie-rondo-halsband-unterlegt-rot-20mm-47cm\/"},"modified":"2023-12-12T12:47:21","modified_gmt":"2023-12-12T11:47:21","slug":"karlie-rondo-halsband-unterlegt-rot-20mm-47cm","status":"publish","type":"product","link":"https:\/\/all-pets.de\/shop\/produkt\/karlie-rondo-halsband-unterlegt-rot-20mm-47cm\/","title":{"rendered":"Karlie Rondo Halsband unterlegt &#8211; Rot &#8211; 20mm\/47cm"},"content":{"rendered":"<ul>\n<li>Vollrindleder<\/li>\n<li>mit Nappaleder unterlegt<\/li>\n<li>geriegelt<\/li>\n<li>abgen\u00e4ht<\/li>\n<li>Unterteil gebuggt<\/li>\n<li>verchromte Beschl\u00e4ge<\/li>\n<li>Farbe: rot, schwarz unterlegt<\/li>\n<li>Gesamtl\u00e4nge: ca. 47 cm<\/li>\n<li>Breite: ca. 20 mm<\/li>\n<\/ul>\n","protected":false},"excerpt":{"rendered":"<p>Vollrindleder mit Nappaleder unterlegt geriegelt abgen\u00e4ht Unterteil gebuggt verchromte Beschl\u00e4ge Farbe: rot, schwarz unterlegt Gesamtl\u00e4nge: ca. 47 cm Breite: ca. 20 mm<\/p>\n","protected":false},"featured_media":53852,"comment_status":"closed","ping_status":"open","template":"","meta":[],"product_cat":[13790],"product_tag":[],"class_list":{"0":"post-53853","1":"product","2":"type-product","3":"status-publish","4":"has-post-thumbnail","6":"product_cat-lederhalsbaender","8":"first","9":"instock","10":"taxable","11":"shipping-taxable","12":"purchasable","13":"product-type-simple"},"_links":{"self":[{"href":"https:\/\/all-pets.de\/shop\/wp-json\/wp\/v2\/product\/53853","targetHints":{"allow":["GET"]}}],"collection":[{"href":"https:\/\/all-pets.de\/shop\/wp-json\/wp\/v2\/product"}],"about":[{"href":"https:\/\/all-pets.de\/shop\/wp-json\/wp\/v2\/types\/product"}],"replies":[{"embeddable":true,"href":"https:\/\/all-pets.de\/shop\/wp-json\/wp\/v2\/comments?post=53853"}],"wp:featuredmedia":[{"embeddable":true,"href":"https:\/\/all-pets.de\/shop\/wp-json\/wp\/v2\/media\/53852"}],"wp:attachment":[{"href":"https:\/\/all-pets.de\/shop\/wp-json\/wp\/v2\/media?parent=53853"}],"wp:term":[{"taxonomy":"product_cat","embeddable":true,"href":"https:\/\/all-pets.de\/shop\/wp-json\/wp\/v2\/product_cat?post=53853"},{"taxonomy":"product_tag","embeddable":true,"href":"https:\/\/all-pets.de\/shop\/wp-json\/wp\/v2\/product_tag?post=53853"}],"curies":[{"name":"wp","href":"https:\/\/api.w.org\/{rel}","templated":true}]}}