{"id":53858,"date":"2023-12-12T12:47:22","date_gmt":"2023-12-12T11:47:22","guid":{"rendered":"https:\/\/pet-shopping.de\/shop\/produkt\/karlie-hundetreppe-easy-step-grau-41-x-295-x-43-cm\/"},"modified":"2023-12-12T12:47:22","modified_gmt":"2023-12-12T11:47:22","slug":"karlie-hundetreppe-easy-step-grau-41-x-295-x-43-cm","status":"publish","type":"product","link":"https:\/\/all-pets.de\/shop\/produkt\/karlie-hundetreppe-easy-step-grau-41-x-295-x-43-cm\/","title":{"rendered":"Karlie Hundetreppe EASY STEP &#8211; Grau &#8211; 41 x 29,5 x 43 cm"},"content":{"rendered":"<p>Die Hundetreppe EASY STEP macht das Hundeleben leichter. Besonders praktisch f\u00fcr Hunde, die sehr jung oder schon \u00e4lter sind, aber auch Hunde, die R\u00fccken- oder Gelenkprobleme haben, hilft Easy Step ganz nah bei seinem Frauchen zu sein.<\/p>\n<p>Farbe: Grau<br \/> Bezug abnehmbar und bei 30\u00b0 waschbar<\/p>\n<p>Gr\u00f6\u00dfe: ca. 41 x 29,5 x 43 cm (BxHxT)<\/p>\n","protected":false},"excerpt":{"rendered":"<p>Die Hundetreppe EASY STEP macht das Hundeleben leichter. Besonders praktisch f\u00fcr Hunde, die sehr jung oder schon \u00e4lter sind, aber auch Hunde, die R\u00fccken- oder Gelenkprobleme haben, hilft Easy Step ganz nah bei seinem Frauchen zu sein. Farbe: Grau Bezug abnehmbar und bei 30\u00b0 waschbar Gr\u00f6\u00dfe: ca. 41 x 29,5 x 43 cm (BxHxT)<\/p>\n","protected":false},"featured_media":32908,"comment_status":"closed","ping_status":"open","template":"","meta":[],"product_cat":[13734],"product_tag":[],"class_list":{"0":"post-53858","1":"product","2":"type-product","3":"status-publish","4":"has-post-thumbnail","6":"product_cat-kratzbaeume-moebel-treppenkatzenwelt-kratzbaeume-moebel-treppenkatzenwelt-katzenbetten-katzenkoerbe-nuetzliche-helferkatzenwelt-haus-hof-hundewelt","8":"first","9":"instock","10":"taxable","11":"shipping-taxable","12":"purchasable","13":"product-type-simple"},"_links":{"self":[{"href":"https:\/\/all-pets.de\/shop\/wp-json\/wp\/v2\/product\/53858","targetHints":{"allow":["GET"]}}],"collection":[{"href":"https:\/\/all-pets.de\/shop\/wp-json\/wp\/v2\/product"}],"about":[{"href":"https:\/\/all-pets.de\/shop\/wp-json\/wp\/v2\/types\/product"}],"replies":[{"embeddable":true,"href":"https:\/\/all-pets.de\/shop\/wp-json\/wp\/v2\/comments?post=53858"}],"wp:featuredmedia":[{"embeddable":true,"href":"https:\/\/all-pets.de\/shop\/wp-json\/wp\/v2\/media\/32908"}],"wp:attachment":[{"href":"https:\/\/all-pets.de\/shop\/wp-json\/wp\/v2\/media?parent=53858"}],"wp:term":[{"taxonomy":"product_cat","embeddable":true,"href":"https:\/\/all-pets.de\/shop\/wp-json\/wp\/v2\/product_cat?post=53858"},{"taxonomy":"product_tag","embeddable":true,"href":"https:\/\/all-pets.de\/shop\/wp-json\/wp\/v2\/product_tag?post=53858"}],"curies":[{"name":"wp","href":"https:\/\/api.w.org\/{rel}","templated":true}]}}