{"id":53904,"date":"2023-12-12T12:47:30","date_gmt":"2023-12-12T11:47:30","guid":{"rendered":"https:\/\/pet-shopping.de\/shop\/produkt\/karlie-nordic-halsband-aus-hirschleder-hellbeige-30-mm-55-cm\/"},"modified":"2023-12-12T12:47:30","modified_gmt":"2023-12-12T11:47:30","slug":"karlie-nordic-halsband-aus-hirschleder-hellbeige-30-mm-55-cm","status":"publish","type":"product","link":"https:\/\/all-pets.de\/shop\/produkt\/karlie-nordic-halsband-aus-hirschleder-hellbeige-30-mm-55-cm\/","title":{"rendered":"Karlie Nordic Halsband aus Hirschleder &#8211; Hellbeige &#8211; 30 mm \/ 55 cm"},"content":{"rendered":"<p>Die Nordic Halsb\u00e4nder bestehen aus hochwertigem gen\u00e4htem Hirschleder. Sie sind super soft und atmungsaktiv und mit verchromten Beschl\u00e4gen best\u00fcckt.<\/p>\n<p>Farbe: hellbeige<br \/> Gesamtl\u00e4nge: ca. 55 cm<br \/> Breite: ca. 30 mm<br \/> Geeignet f\u00fcr einen Halsumfang von ca. 43,5 &#8211; 49,5 cm<\/p>\n","protected":false},"excerpt":{"rendered":"<p>Die Nordic Halsb\u00e4nder bestehen aus hochwertigem gen\u00e4htem Hirschleder. Sie sind super soft und atmungsaktiv und mit verchromten Beschl\u00e4gen best\u00fcckt. Farbe: hellbeige Gesamtl\u00e4nge: ca. 55 cm Breite: ca. 30 mm Geeignet f\u00fcr einen Halsumfang von ca. 43,5 &#8211; 49,5 cm<\/p>\n","protected":false},"featured_media":33032,"comment_status":"closed","ping_status":"open","template":"","meta":[],"product_cat":[13790],"product_tag":[],"class_list":{"0":"post-53904","1":"product","2":"type-product","3":"status-publish","4":"has-post-thumbnail","6":"product_cat-lederhalsbaender","8":"first","9":"instock","10":"taxable","11":"shipping-taxable","12":"purchasable","13":"product-type-simple"},"_links":{"self":[{"href":"https:\/\/all-pets.de\/shop\/wp-json\/wp\/v2\/product\/53904","targetHints":{"allow":["GET"]}}],"collection":[{"href":"https:\/\/all-pets.de\/shop\/wp-json\/wp\/v2\/product"}],"about":[{"href":"https:\/\/all-pets.de\/shop\/wp-json\/wp\/v2\/types\/product"}],"replies":[{"embeddable":true,"href":"https:\/\/all-pets.de\/shop\/wp-json\/wp\/v2\/comments?post=53904"}],"wp:featuredmedia":[{"embeddable":true,"href":"https:\/\/all-pets.de\/shop\/wp-json\/wp\/v2\/media\/33032"}],"wp:attachment":[{"href":"https:\/\/all-pets.de\/shop\/wp-json\/wp\/v2\/media?parent=53904"}],"wp:term":[{"taxonomy":"product_cat","embeddable":true,"href":"https:\/\/all-pets.de\/shop\/wp-json\/wp\/v2\/product_cat?post=53904"},{"taxonomy":"product_tag","embeddable":true,"href":"https:\/\/all-pets.de\/shop\/wp-json\/wp\/v2\/product_tag?post=53904"}],"curies":[{"name":"wp","href":"https:\/\/api.w.org\/{rel}","templated":true}]}}