{"id":53922,"date":"2023-12-12T12:47:32","date_gmt":"2023-12-12T11:47:32","guid":{"rendered":"https:\/\/pet-shopping.de\/shop\/produkt\/karlie-buffalo-oriental-leine-braun-natur-22-mm-100-cm\/"},"modified":"2023-12-12T12:47:33","modified_gmt":"2023-12-12T11:47:33","slug":"karlie-buffalo-oriental-leine-braun-natur-22-mm-100-cm","status":"publish","type":"product","link":"https:\/\/all-pets.de\/shop\/produkt\/karlie-buffalo-oriental-leine-braun-natur-22-mm-100-cm\/","title":{"rendered":"Karlie BUFFALO ORIENTAL Leine &#8211; Braun\/Natur &#8211; 22 mm \/ 100 cm"},"content":{"rendered":"<p>Eine besonders weiche Leine aus B\u00fcffelleder, unterf\u00fcttert mit gebuggtem Softleder. Sie f\u00e4llt auf durch die au\u00dfergew\u00f6hnliche Scratch-Optik des Leders. Jede Leine wird in Handarbeit hergestellt, eine zus\u00e4tzliche Nyloneinlage sorgt f\u00fcr Stabilit\u00e4t und Rei\u00dffestigkeit. Die Leine ist erh\u00e4ltlich in braun, dunkelbraun und dunkelrot. Die Beschl\u00e4ge f\u00fcr die dunkelbraune Leine sind altkupferfarben, die Beschl\u00e4ge f\u00fcr eine braune oder dunkelrote Leine sind altnickelfarben. Made in Germany.<\/p>\n<p>L\u00e4nge: ca. 100 cm<br \/>Farbe: Braun\/Natur<\/p>\n","protected":false},"excerpt":{"rendered":"<p>Eine besonders weiche Leine aus B\u00fcffelleder, unterf\u00fcttert mit gebuggtem Softleder. Sie f\u00e4llt auf durch die au\u00dfergew\u00f6hnliche Scratch-Optik des Leders. Jede Leine wird in Handarbeit hergestellt, eine zus\u00e4tzliche Nyloneinlage sorgt f\u00fcr Stabilit\u00e4t und Rei\u00dffestigkeit. Die Leine ist erh\u00e4ltlich in braun, dunkelbraun und dunkelrot. Die Beschl\u00e4ge f\u00fcr die dunkelbraune Leine sind altkupferfarben, die Beschl\u00e4ge f\u00fcr eine braune [&hellip;]<\/p>\n","protected":false},"featured_media":53873,"comment_status":"closed","ping_status":"open","template":"","meta":[],"product_cat":[13749],"product_tag":[],"class_list":{"0":"post-53922","1":"product","2":"type-product","3":"status-publish","4":"has-post-thumbnail","6":"product_cat-lederleinen","8":"first","9":"instock","10":"taxable","11":"shipping-taxable","12":"purchasable","13":"product-type-simple"},"_links":{"self":[{"href":"https:\/\/all-pets.de\/shop\/wp-json\/wp\/v2\/product\/53922","targetHints":{"allow":["GET"]}}],"collection":[{"href":"https:\/\/all-pets.de\/shop\/wp-json\/wp\/v2\/product"}],"about":[{"href":"https:\/\/all-pets.de\/shop\/wp-json\/wp\/v2\/types\/product"}],"replies":[{"embeddable":true,"href":"https:\/\/all-pets.de\/shop\/wp-json\/wp\/v2\/comments?post=53922"}],"wp:featuredmedia":[{"embeddable":true,"href":"https:\/\/all-pets.de\/shop\/wp-json\/wp\/v2\/media\/53873"}],"wp:attachment":[{"href":"https:\/\/all-pets.de\/shop\/wp-json\/wp\/v2\/media?parent=53922"}],"wp:term":[{"taxonomy":"product_cat","embeddable":true,"href":"https:\/\/all-pets.de\/shop\/wp-json\/wp\/v2\/product_cat?post=53922"},{"taxonomy":"product_tag","embeddable":true,"href":"https:\/\/all-pets.de\/shop\/wp-json\/wp\/v2\/product_tag?post=53922"}],"curies":[{"name":"wp","href":"https:\/\/api.w.org\/{rel}","templated":true}]}}