{"id":53923,"date":"2023-12-12T12:47:32","date_gmt":"2023-12-12T11:47:32","guid":{"rendered":"https:\/\/pet-shopping.de\/shop\/produkt\/karlie-buffalo-oriental-halsband-dunkelrot-natur-30-mm-40-cm\/"},"modified":"2023-12-12T12:47:33","modified_gmt":"2023-12-12T11:47:33","slug":"karlie-buffalo-oriental-halsband-dunkelrot-natur-30-mm-40-cm","status":"publish","type":"product","link":"https:\/\/all-pets.de\/shop\/produkt\/karlie-buffalo-oriental-halsband-dunkelrot-natur-30-mm-40-cm\/","title":{"rendered":"Karlie BUFFALO ORIENTAL Halsband &#8211; Dunkelrot\/Natur &#8211; 30 mm \/ 40 cm"},"content":{"rendered":"<p>Ein super softes, besonders weiches Halsband aus B\u00fcffelleder, unterf\u00fcttert mit naturbraunem gebuggten Softleder. Das Halsband f\u00e4llt auf durch die au\u00dfergew\u00f6hnliche Scratch-Optik des Leders und durch wundersch\u00f6ne orientalische Ornamente. Das superweiche Leder bietet Ihrem Hund einen hohen Tragekomfort. Jedes Halsband wird in Handarbeit hergestellt, ist strapazierf\u00e4hig, rei\u00dffest und langlebig. Die Beschl\u00e4ge und Ornamente f\u00fcr das dunkelrote Halsband sind altnickelfarben. Made in Germany. <\/p>\n<p>Farbe: dunkelrot-natur<br \/>Gesamtl\u00e4nge: ca. 40 cm<br \/>Breite: ca. 30 mm<\/p>\n","protected":false},"excerpt":{"rendered":"<p>Ein super softes, besonders weiches Halsband aus B\u00fcffelleder, unterf\u00fcttert mit naturbraunem gebuggten Softleder. Das Halsband f\u00e4llt auf durch die au\u00dfergew\u00f6hnliche Scratch-Optik des Leders und durch wundersch\u00f6ne orientalische Ornamente. Das superweiche Leder bietet Ihrem Hund einen hohen Tragekomfort. Jedes Halsband wird in Handarbeit hergestellt, ist strapazierf\u00e4hig, rei\u00dffest und langlebig. Die Beschl\u00e4ge und Ornamente f\u00fcr das dunkelrote [&hellip;]<\/p>\n","protected":false},"featured_media":53924,"comment_status":"closed","ping_status":"open","template":"","meta":[],"product_cat":[13790],"product_tag":[],"class_list":{"0":"post-53923","1":"product","2":"type-product","3":"status-publish","4":"has-post-thumbnail","6":"product_cat-lederhalsbaender","8":"first","9":"instock","10":"taxable","11":"shipping-taxable","12":"purchasable","13":"product-type-simple"},"_links":{"self":[{"href":"https:\/\/all-pets.de\/shop\/wp-json\/wp\/v2\/product\/53923","targetHints":{"allow":["GET"]}}],"collection":[{"href":"https:\/\/all-pets.de\/shop\/wp-json\/wp\/v2\/product"}],"about":[{"href":"https:\/\/all-pets.de\/shop\/wp-json\/wp\/v2\/types\/product"}],"replies":[{"embeddable":true,"href":"https:\/\/all-pets.de\/shop\/wp-json\/wp\/v2\/comments?post=53923"}],"wp:featuredmedia":[{"embeddable":true,"href":"https:\/\/all-pets.de\/shop\/wp-json\/wp\/v2\/media\/53924"}],"wp:attachment":[{"href":"https:\/\/all-pets.de\/shop\/wp-json\/wp\/v2\/media?parent=53923"}],"wp:term":[{"taxonomy":"product_cat","embeddable":true,"href":"https:\/\/all-pets.de\/shop\/wp-json\/wp\/v2\/product_cat?post=53923"},{"taxonomy":"product_tag","embeddable":true,"href":"https:\/\/all-pets.de\/shop\/wp-json\/wp\/v2\/product_tag?post=53923"}],"curies":[{"name":"wp","href":"https:\/\/api.w.org\/{rel}","templated":true}]}}