{"id":53925,"date":"2023-12-12T12:47:32","date_gmt":"2023-12-12T11:47:32","guid":{"rendered":"https:\/\/pet-shopping.de\/shop\/produkt\/karlie-rondo-leine-genaeht-natur-130-cm-16-mm-130-cm\/"},"modified":"2023-12-12T12:47:33","modified_gmt":"2023-12-12T11:47:33","slug":"karlie-rondo-leine-genaeht-natur-130-cm-16-mm-130-cm","status":"publish","type":"product","link":"https:\/\/all-pets.de\/shop\/produkt\/karlie-rondo-leine-genaeht-natur-130-cm-16-mm-130-cm\/","title":{"rendered":"Karlie Rondo Leine gen\u00e4ht &#8211; Natur, 130 cm &#8211; 16 mm \/ 130 cm"},"content":{"rendered":"<p>Diese solide gen\u00e4hte Leine aus weichem Vollrindleder ist durch das verwendete hochwertige Leder und die stabilen verchromten Beschl\u00e4ge besonders robust und langlebig. <\/p>\n<p><\/p>\n<p>Farbe: Natur<br \/>L\u00e4nge: ca. 130 cm<br \/>Breite: ca. 16 mm<\/p>\n<p><\/p>\n<p>Die Rondo Serie umfasst eine gro\u00dfe Vielfalt an Halsb\u00e4ndern, Leinen und F\u00fchrleinen &#8211; genietet, gen\u00e4ht, eingeflochten, mit Ziernieten, Motiven. Rondo Leder ist ein sehr weiches Vollrindleder. Das Leder hat einen hohen Fettanteil, wodurch sich die Produkte angenehm griffig anf\u00fchlen. Durch seinen hohen Fettanteil ist es au\u00dferdem einfach zu pflegen und unempfindlich gegen Feuchtigkeit. Dieses durchgef\u00e4rbte, strapazierf\u00e4hige Leder wird in den Farben schwarz, rot, natur und braun verarbeitet. <br \/>Gut zu wissen: naturfarbiges Leder dunkelt unter Lichteinwirkung mit der Zeit nach.<\/p><\/p>\n","protected":false},"excerpt":{"rendered":"<p>Diese solide gen\u00e4hte Leine aus weichem Vollrindleder ist durch das verwendete hochwertige Leder und die stabilen verchromten Beschl\u00e4ge besonders robust und langlebig. Farbe: NaturL\u00e4nge: ca. 130 cmBreite: ca. 16 mm Die Rondo Serie umfasst eine gro\u00dfe Vielfalt an Halsb\u00e4ndern, Leinen und F\u00fchrleinen &#8211; genietet, gen\u00e4ht, eingeflochten, mit Ziernieten, Motiven. Rondo Leder ist ein sehr weiches [&hellip;]<\/p>\n","protected":false},"featured_media":53861,"comment_status":"closed","ping_status":"open","template":"","meta":[],"product_cat":[13749],"product_tag":[],"class_list":{"0":"post-53925","1":"product","2":"type-product","3":"status-publish","4":"has-post-thumbnail","6":"product_cat-lederleinen","8":"first","9":"instock","10":"taxable","11":"shipping-taxable","12":"purchasable","13":"product-type-simple"},"_links":{"self":[{"href":"https:\/\/all-pets.de\/shop\/wp-json\/wp\/v2\/product\/53925","targetHints":{"allow":["GET"]}}],"collection":[{"href":"https:\/\/all-pets.de\/shop\/wp-json\/wp\/v2\/product"}],"about":[{"href":"https:\/\/all-pets.de\/shop\/wp-json\/wp\/v2\/types\/product"}],"replies":[{"embeddable":true,"href":"https:\/\/all-pets.de\/shop\/wp-json\/wp\/v2\/comments?post=53925"}],"wp:featuredmedia":[{"embeddable":true,"href":"https:\/\/all-pets.de\/shop\/wp-json\/wp\/v2\/media\/53861"}],"wp:attachment":[{"href":"https:\/\/all-pets.de\/shop\/wp-json\/wp\/v2\/media?parent=53925"}],"wp:term":[{"taxonomy":"product_cat","embeddable":true,"href":"https:\/\/all-pets.de\/shop\/wp-json\/wp\/v2\/product_cat?post=53925"},{"taxonomy":"product_tag","embeddable":true,"href":"https:\/\/all-pets.de\/shop\/wp-json\/wp\/v2\/product_tag?post=53925"}],"curies":[{"name":"wp","href":"https:\/\/api.w.org\/{rel}","templated":true}]}}