{"id":53945,"date":"2023-12-12T12:47:46","date_gmt":"2023-12-12T11:47:46","guid":{"rendered":"https:\/\/pet-shopping.de\/shop\/produkt\/karlie-nordic-halsband-aus-hirschleder-hellbraun-40-mm-65-cm\/"},"modified":"2023-12-12T12:47:47","modified_gmt":"2023-12-12T11:47:47","slug":"karlie-nordic-halsband-aus-hirschleder-hellbraun-40-mm-65-cm","status":"publish","type":"product","link":"https:\/\/all-pets.de\/shop\/produkt\/karlie-nordic-halsband-aus-hirschleder-hellbraun-40-mm-65-cm\/","title":{"rendered":"Karlie Nordic Halsband aus Hirschleder &#8211; Hellbraun &#8211; 40 mm \/ 65 cm"},"content":{"rendered":"<p>Die Nordic Halsb\u00e4nder bestehen aus hochwertigem gen\u00e4htem Hirschleder. Sie sind super soft und atmungsaktiv und mit verchromten Beschl\u00e4gen best\u00fcckt.<\/p>\n<p>Farbe: hellbraun<br \/> Gesamtl\u00e4nge: ca. 65 cm<br \/> Breite: ca. 40 mm<br \/> Geeignet f\u00fcr einen Halsumfang von ca. 50,5 &#8211; 58,5 cm<\/p>\n","protected":false},"excerpt":{"rendered":"<p>Die Nordic Halsb\u00e4nder bestehen aus hochwertigem gen\u00e4htem Hirschleder. Sie sind super soft und atmungsaktiv und mit verchromten Beschl\u00e4gen best\u00fcckt. Farbe: hellbraun Gesamtl\u00e4nge: ca. 65 cm Breite: ca. 40 mm Geeignet f\u00fcr einen Halsumfang von ca. 50,5 &#8211; 58,5 cm<\/p>\n","protected":false},"featured_media":33032,"comment_status":"closed","ping_status":"open","template":"","meta":[],"product_cat":[13790],"product_tag":[],"class_list":{"0":"post-53945","1":"product","2":"type-product","3":"status-publish","4":"has-post-thumbnail","6":"product_cat-lederhalsbaender","8":"first","9":"instock","10":"taxable","11":"shipping-taxable","12":"purchasable","13":"product-type-simple"},"_links":{"self":[{"href":"https:\/\/all-pets.de\/shop\/wp-json\/wp\/v2\/product\/53945","targetHints":{"allow":["GET"]}}],"collection":[{"href":"https:\/\/all-pets.de\/shop\/wp-json\/wp\/v2\/product"}],"about":[{"href":"https:\/\/all-pets.de\/shop\/wp-json\/wp\/v2\/types\/product"}],"replies":[{"embeddable":true,"href":"https:\/\/all-pets.de\/shop\/wp-json\/wp\/v2\/comments?post=53945"}],"wp:featuredmedia":[{"embeddable":true,"href":"https:\/\/all-pets.de\/shop\/wp-json\/wp\/v2\/media\/33032"}],"wp:attachment":[{"href":"https:\/\/all-pets.de\/shop\/wp-json\/wp\/v2\/media?parent=53945"}],"wp:term":[{"taxonomy":"product_cat","embeddable":true,"href":"https:\/\/all-pets.de\/shop\/wp-json\/wp\/v2\/product_cat?post=53945"},{"taxonomy":"product_tag","embeddable":true,"href":"https:\/\/all-pets.de\/shop\/wp-json\/wp\/v2\/product_tag?post=53945"}],"curies":[{"name":"wp","href":"https:\/\/api.w.org\/{rel}","templated":true}]}}