{"id":53947,"date":"2023-12-12T12:47:46","date_gmt":"2023-12-12T11:47:46","guid":{"rendered":"https:\/\/pet-shopping.de\/shop\/produkt\/karlie-rondo-leine-genaeht-rot-160-cm-22-mm-160-cm\/"},"modified":"2023-12-12T12:47:47","modified_gmt":"2023-12-12T11:47:47","slug":"karlie-rondo-leine-genaeht-rot-160-cm-22-mm-160-cm","status":"publish","type":"product","link":"https:\/\/all-pets.de\/shop\/produkt\/karlie-rondo-leine-genaeht-rot-160-cm-22-mm-160-cm\/","title":{"rendered":"Karlie Rondo Leine gen\u00e4ht &#8211; Rot, 160 cm &#8211; 22 mm \/ 160 cm"},"content":{"rendered":"<ul>\n<li>Karlie Hundeleine Rondo mit Handschlaufe<\/li>\n<li>mit Handschlaufe<\/li>\n<li>verchromte Beschl\u00e4ge<\/li>\n<li>mit Zierrille<\/li>\n<li>in der L\u00e4nge nicht verstellbar<\/li>\n<li>gen\u00e4ht, geriegelt <\/li>\n<li>Material: Vollrindleder<\/li>\n<li>Farbe: rot<\/li>\n<li>L\u00e4nge: ca. 160 cm<\/li>\n<li>Breite: ca. 22 mm<\/li>\n<\/ul>\n","protected":false},"excerpt":{"rendered":"<p>Karlie Hundeleine Rondo mit Handschlaufe mit Handschlaufe verchromte Beschl\u00e4ge mit Zierrille in der L\u00e4nge nicht verstellbar gen\u00e4ht, geriegelt Material: Vollrindleder Farbe: rot L\u00e4nge: ca. 160 cm Breite: ca. 22 mm<\/p>\n","protected":false},"featured_media":53861,"comment_status":"closed","ping_status":"open","template":"","meta":[],"product_cat":[13749],"product_tag":[],"class_list":{"0":"post-53947","1":"product","2":"type-product","3":"status-publish","4":"has-post-thumbnail","6":"product_cat-lederleinen","8":"first","9":"instock","10":"taxable","11":"shipping-taxable","12":"purchasable","13":"product-type-simple"},"_links":{"self":[{"href":"https:\/\/all-pets.de\/shop\/wp-json\/wp\/v2\/product\/53947","targetHints":{"allow":["GET"]}}],"collection":[{"href":"https:\/\/all-pets.de\/shop\/wp-json\/wp\/v2\/product"}],"about":[{"href":"https:\/\/all-pets.de\/shop\/wp-json\/wp\/v2\/types\/product"}],"replies":[{"embeddable":true,"href":"https:\/\/all-pets.de\/shop\/wp-json\/wp\/v2\/comments?post=53947"}],"wp:featuredmedia":[{"embeddable":true,"href":"https:\/\/all-pets.de\/shop\/wp-json\/wp\/v2\/media\/53861"}],"wp:attachment":[{"href":"https:\/\/all-pets.de\/shop\/wp-json\/wp\/v2\/media?parent=53947"}],"wp:term":[{"taxonomy":"product_cat","embeddable":true,"href":"https:\/\/all-pets.de\/shop\/wp-json\/wp\/v2\/product_cat?post=53947"},{"taxonomy":"product_tag","embeddable":true,"href":"https:\/\/all-pets.de\/shop\/wp-json\/wp\/v2\/product_tag?post=53947"}],"curies":[{"name":"wp","href":"https:\/\/api.w.org\/{rel}","templated":true}]}}