{"id":53949,"date":"2023-12-12T12:47:46","date_gmt":"2023-12-12T11:47:46","guid":{"rendered":"https:\/\/pet-shopping.de\/shop\/produkt\/karlie-nordic-leine-aus-hirschleder-hellbeige-14-mm-110-cm\/"},"modified":"2023-12-12T12:47:47","modified_gmt":"2023-12-12T11:47:47","slug":"karlie-nordic-leine-aus-hirschleder-hellbeige-14-mm-110-cm","status":"publish","type":"product","link":"https:\/\/all-pets.de\/shop\/produkt\/karlie-nordic-leine-aus-hirschleder-hellbeige-14-mm-110-cm\/","title":{"rendered":"Karlie Nordic Leine aus Hirschleder &#8211; Hellbeige &#8211; 14 mm \/ 110 cm"},"content":{"rendered":"<p>Die Nordic Leinen bestehen aus hochwertigem gen\u00e4htem Hirschleder. Sie sind super soft und atmungsaktiv und mit verchromten Beschl\u00e4gen best\u00fcckt.<\/p>\n<p>Farbe: hellbeige<br \/> L\u00e4nge: ca. 110 cm<br \/> Breite: ca. 14 mm<\/p>\n","protected":false},"excerpt":{"rendered":"<p>Die Nordic Leinen bestehen aus hochwertigem gen\u00e4htem Hirschleder. Sie sind super soft und atmungsaktiv und mit verchromten Beschl\u00e4gen best\u00fcckt. Farbe: hellbeige L\u00e4nge: ca. 110 cm Breite: ca. 14 mm<\/p>\n","protected":false},"featured_media":33027,"comment_status":"closed","ping_status":"open","template":"","meta":[],"product_cat":[13749],"product_tag":[],"class_list":{"0":"post-53949","1":"product","2":"type-product","3":"status-publish","4":"has-post-thumbnail","6":"product_cat-lederleinen","8":"first","9":"instock","10":"taxable","11":"shipping-taxable","12":"purchasable","13":"product-type-simple"},"_links":{"self":[{"href":"https:\/\/all-pets.de\/shop\/wp-json\/wp\/v2\/product\/53949","targetHints":{"allow":["GET"]}}],"collection":[{"href":"https:\/\/all-pets.de\/shop\/wp-json\/wp\/v2\/product"}],"about":[{"href":"https:\/\/all-pets.de\/shop\/wp-json\/wp\/v2\/types\/product"}],"replies":[{"embeddable":true,"href":"https:\/\/all-pets.de\/shop\/wp-json\/wp\/v2\/comments?post=53949"}],"wp:featuredmedia":[{"embeddable":true,"href":"https:\/\/all-pets.de\/shop\/wp-json\/wp\/v2\/media\/33027"}],"wp:attachment":[{"href":"https:\/\/all-pets.de\/shop\/wp-json\/wp\/v2\/media?parent=53949"}],"wp:term":[{"taxonomy":"product_cat","embeddable":true,"href":"https:\/\/all-pets.de\/shop\/wp-json\/wp\/v2\/product_cat?post=53949"},{"taxonomy":"product_tag","embeddable":true,"href":"https:\/\/all-pets.de\/shop\/wp-json\/wp\/v2\/product_tag?post=53949"}],"curies":[{"name":"wp","href":"https:\/\/api.w.org\/{rel}","templated":true}]}}