{"id":53956,"date":"2023-12-12T12:47:49","date_gmt":"2023-12-12T11:47:49","guid":{"rendered":"https:\/\/pet-shopping.de\/shop\/produkt\/karlie-buffalo-denim-halsband-grau-12-mm-32-cm\/"},"modified":"2023-12-12T12:47:49","modified_gmt":"2023-12-12T11:47:49","slug":"karlie-buffalo-denim-halsband-grau-12-mm-32-cm","status":"publish","type":"product","link":"https:\/\/all-pets.de\/shop\/produkt\/karlie-buffalo-denim-halsband-grau-12-mm-32-cm\/","title":{"rendered":"Karlie BUFFALO DENIM Halsband &#8211; Grau &#8211; 12 mm \/ 32 cm"},"content":{"rendered":"<p>Die edlen Buffalo Denim Halsb\u00e4nder bestehen aus hochwertigem Kalbsleder. Es ist sorgf\u00e4ltig abgen\u00e4ht und gebuggt und mit verchromten Beschl\u00e4gen versehen. Da das Material wasserabweisend ist, hat das Halsband eine besonders lange Lebensdauer. Inklusive Adresstube.<\/p>\n<p>Farbe: grau<br \/> Gesamtl\u00e4nge: ca. 32 cm<br \/> Breite: ca. 12 mm<\/p>\n","protected":false},"excerpt":{"rendered":"<p>Die edlen Buffalo Denim Halsb\u00e4nder bestehen aus hochwertigem Kalbsleder. Es ist sorgf\u00e4ltig abgen\u00e4ht und gebuggt und mit verchromten Beschl\u00e4gen versehen. Da das Material wasserabweisend ist, hat das Halsband eine besonders lange Lebensdauer. Inklusive Adresstube. Farbe: grau Gesamtl\u00e4nge: ca. 32 cm Breite: ca. 12 mm<\/p>\n","protected":false},"featured_media":33155,"comment_status":"closed","ping_status":"open","template":"","meta":[],"product_cat":[13790],"product_tag":[],"class_list":{"0":"post-53956","1":"product","2":"type-product","3":"status-publish","4":"has-post-thumbnail","6":"product_cat-lederhalsbaender","8":"first","9":"instock","10":"taxable","11":"shipping-taxable","12":"purchasable","13":"product-type-simple"},"_links":{"self":[{"href":"https:\/\/all-pets.de\/shop\/wp-json\/wp\/v2\/product\/53956","targetHints":{"allow":["GET"]}}],"collection":[{"href":"https:\/\/all-pets.de\/shop\/wp-json\/wp\/v2\/product"}],"about":[{"href":"https:\/\/all-pets.de\/shop\/wp-json\/wp\/v2\/types\/product"}],"replies":[{"embeddable":true,"href":"https:\/\/all-pets.de\/shop\/wp-json\/wp\/v2\/comments?post=53956"}],"wp:featuredmedia":[{"embeddable":true,"href":"https:\/\/all-pets.de\/shop\/wp-json\/wp\/v2\/media\/33155"}],"wp:attachment":[{"href":"https:\/\/all-pets.de\/shop\/wp-json\/wp\/v2\/media?parent=53956"}],"wp:term":[{"taxonomy":"product_cat","embeddable":true,"href":"https:\/\/all-pets.de\/shop\/wp-json\/wp\/v2\/product_cat?post=53956"},{"taxonomy":"product_tag","embeddable":true,"href":"https:\/\/all-pets.de\/shop\/wp-json\/wp\/v2\/product_tag?post=53956"}],"curies":[{"name":"wp","href":"https:\/\/api.w.org\/{rel}","templated":true}]}}