{"id":53974,"date":"2023-12-12T12:47:53","date_gmt":"2023-12-12T11:47:53","guid":{"rendered":"https:\/\/pet-shopping.de\/shop\/produkt\/lebon-hundebett-paula-plus-beige-80-x-60-cm\/"},"modified":"2023-12-12T12:47:53","modified_gmt":"2023-12-12T11:47:53","slug":"lebon-hundebett-paula-plus-beige-80-x-60-cm","status":"publish","type":"product","link":"https:\/\/all-pets.de\/shop\/produkt\/lebon-hundebett-paula-plus-beige-80-x-60-cm\/","title":{"rendered":"Lebon Hundebett Paula PLUS &#8211; Beige &#8211; 80 x 60 cm"},"content":{"rendered":"<p>Die Hundebetten &#8222;Paula Plus&#8220; \u00fcberzeugen durch Ihre <strong>Qualit\u00e4t<\/strong>und sind f\u00fcr drinnen und drau\u00dfen geeignet. Der Nylonbezug ist <strong>rei\u00dffest, wasserfest und sehr strapazierf\u00e4hig.<\/strong><br \/>Dieses Bett ist ein optischer Hingucker durch den <strong>elegantenEinstieg<\/strong> und die edle Umrandung. Der Bezug l\u00e4sst sicheinfach durch einen <strong>Rei\u00dfverschluss<\/strong> komplett abziehenund ist bei <strong>40\u00b0C waschbar<\/strong>.<br \/>Ebenso ist eine einfache Pflege durch ein feuchtes abwischen des Bezugesm\u00f6glich.<\/p>\n<p><strong>NEU:<\/strong> Dieses Hundebett hat die besondere Eigenschaft des<strong> \u201eMEMORY EFFEKT\u201c<\/strong>. Durch den inneren Kern werden die Gelenke Ihres Hundes besonders geschont. Der besondere Liegekern passt sich dem <strong>K\u00f6rper des Hundes an und ENTLASTET<\/strong> somit alle meist sehr beanspruchten DRUCKSTELLEN. Nach KURZER ZEIT NIMMT DAS MATERIAL SEINE URSPRUNGSFORM WIEDER AN. Ob als VORSORGE bei jungen Hunden oder bereits \u00e4lteren Hunden bietet die zus\u00e4tzliche Auflage die perfekte Beschaffenheit um DIE GELENKE VOR HARTEN B\u00d6DEN ZU SCHONEN. So bieten Sie Ihrem Liebling einen ANGENEHMEN UND WEICHEN SCHLAF.<\/p>\n<ul>\n<li>Entlastet Druckstellen<\/li>\n<li>Gelenk- und Wirbels\u00e4ulen-schonender Schlaf<\/li>\n<li>Extra dicke Liegefl\u00e4che<\/li>\n<li>Passt sich dem K\u00f6rper an<\/li>\n<li>Rei\u00dfverschluss<\/li>\n<li>Bezug maschinenwaschbar bis 40\u00b0C<\/li>\n<li>Strapazierf\u00e4hig<\/li>\n<li>Hochwertig verarbeitet  <\/li>\n<\/ul>\n<p>Farbe: Beige <\/p>\n<p>Au\u00dfenma\u00dfe: ca. 80 x 60cm<\/p>\n<p>Innenma\u00dfe: ca. 53 x 36cm <\/p>\n<p>H\u00f6he: ca. 18cm<\/p>\n","protected":false},"excerpt":{"rendered":"<p>Die Hundebetten &#8222;Paula Plus&#8220; \u00fcberzeugen durch Ihre Qualit\u00e4tund sind f\u00fcr drinnen und drau\u00dfen geeignet. Der Nylonbezug ist rei\u00dffest, wasserfest und sehr strapazierf\u00e4hig.Dieses Bett ist ein optischer Hingucker durch den elegantenEinstieg und die edle Umrandung. Der Bezug l\u00e4sst sicheinfach durch einen Rei\u00dfverschluss komplett abziehenund ist bei 40\u00b0C waschbar.Ebenso ist eine einfache Pflege durch ein feuchtes abwischen [&hellip;]<\/p>\n","protected":false},"featured_media":33229,"comment_status":"closed","ping_status":"open","template":"","meta":[],"product_cat":[15113],"product_tag":[],"class_list":{"0":"post-53974","1":"product","2":"type-product","3":"status-publish","4":"has-post-thumbnail","6":"product_cat-hundebetten-hundekissen-betten-koerbe","8":"first","9":"instock","10":"taxable","11":"shipping-taxable","12":"purchasable","13":"product-type-simple"},"_links":{"self":[{"href":"https:\/\/all-pets.de\/shop\/wp-json\/wp\/v2\/product\/53974","targetHints":{"allow":["GET"]}}],"collection":[{"href":"https:\/\/all-pets.de\/shop\/wp-json\/wp\/v2\/product"}],"about":[{"href":"https:\/\/all-pets.de\/shop\/wp-json\/wp\/v2\/types\/product"}],"replies":[{"embeddable":true,"href":"https:\/\/all-pets.de\/shop\/wp-json\/wp\/v2\/comments?post=53974"}],"wp:featuredmedia":[{"embeddable":true,"href":"https:\/\/all-pets.de\/shop\/wp-json\/wp\/v2\/media\/33229"}],"wp:attachment":[{"href":"https:\/\/all-pets.de\/shop\/wp-json\/wp\/v2\/media?parent=53974"}],"wp:term":[{"taxonomy":"product_cat","embeddable":true,"href":"https:\/\/all-pets.de\/shop\/wp-json\/wp\/v2\/product_cat?post=53974"},{"taxonomy":"product_tag","embeddable":true,"href":"https:\/\/all-pets.de\/shop\/wp-json\/wp\/v2\/product_tag?post=53974"}],"curies":[{"name":"wp","href":"https:\/\/api.w.org\/{rel}","templated":true}]}}