{"id":53983,"date":"2023-12-12T12:47:54","date_gmt":"2023-12-12T11:47:54","guid":{"rendered":"https:\/\/pet-shopping.de\/shop\/produkt\/trixie-futterhaus-zum-aufhaengen-braun\/"},"modified":"2023-12-12T12:47:55","modified_gmt":"2023-12-12T11:47:55","slug":"trixie-futterhaus-zum-aufhaengen-braun","status":"publish","type":"product","link":"https:\/\/all-pets.de\/shop\/produkt\/trixie-futterhaus-zum-aufhaengen-braun\/","title":{"rendered":"Trixie Futterhaus zum Aufh\u00e4ngen &#8211; braun"},"content":{"rendered":"<ul>\n<li>aus lasiertem Kiefernholz<\/li>\n<li>zum Aufh\u00e4ngen<\/li>\n<li>mit gro\u00dffl\u00e4chigem Dach\u00fcberstand<\/li>\n<li>mit besandeter Dachpappe<\/li>\n<li>mit gro\u00dfer Landefl\u00e4che<\/li>\n<\/ul>\n<p>\u00a0Gr\u00f6\u00dfe: 30 \u00d7 18 \u00d7 28 cm<\/p>\n<p>Farbe: braun <\/p>\n","protected":false},"excerpt":{"rendered":"<p>aus lasiertem Kiefernholz zum Aufh\u00e4ngen mit gro\u00dffl\u00e4chigem Dach\u00fcberstand mit besandeter Dachpappe mit gro\u00dfer Landefl\u00e4che \u00a0Gr\u00f6\u00dfe: 30 \u00d7 18 \u00d7 28 cm Farbe: braun<\/p>\n","protected":false},"featured_media":33265,"comment_status":"closed","ping_status":"open","template":"","meta":[],"product_cat":[13813],"product_tag":[],"class_list":{"0":"post-53983","1":"product","2":"type-product","3":"status-publish","4":"has-post-thumbnail","6":"product_cat-futterhaeuser-nistkaesten","8":"first","9":"instock","10":"taxable","11":"shipping-taxable","12":"purchasable","13":"product-type-simple"},"_links":{"self":[{"href":"https:\/\/all-pets.de\/shop\/wp-json\/wp\/v2\/product\/53983","targetHints":{"allow":["GET"]}}],"collection":[{"href":"https:\/\/all-pets.de\/shop\/wp-json\/wp\/v2\/product"}],"about":[{"href":"https:\/\/all-pets.de\/shop\/wp-json\/wp\/v2\/types\/product"}],"replies":[{"embeddable":true,"href":"https:\/\/all-pets.de\/shop\/wp-json\/wp\/v2\/comments?post=53983"}],"wp:featuredmedia":[{"embeddable":true,"href":"https:\/\/all-pets.de\/shop\/wp-json\/wp\/v2\/media\/33265"}],"wp:attachment":[{"href":"https:\/\/all-pets.de\/shop\/wp-json\/wp\/v2\/media?parent=53983"}],"wp:term":[{"taxonomy":"product_cat","embeddable":true,"href":"https:\/\/all-pets.de\/shop\/wp-json\/wp\/v2\/product_cat?post=53983"},{"taxonomy":"product_tag","embeddable":true,"href":"https:\/\/all-pets.de\/shop\/wp-json\/wp\/v2\/product_tag?post=53983"}],"curies":[{"name":"wp","href":"https:\/\/api.w.org\/{rel}","templated":true}]}}