{"id":53998,"date":"2023-12-12T12:47:56","date_gmt":"2023-12-12T11:47:56","guid":{"rendered":"https:\/\/pet-shopping.de\/shop\/produkt\/trixie-premium-y-geschirr-rot-33-42-cm-10-mm\/"},"modified":"2023-12-12T12:47:57","modified_gmt":"2023-12-12T11:47:57","slug":"trixie-premium-y-geschirr-rot-33-42-cm-10-mm","status":"publish","type":"product","link":"https:\/\/all-pets.de\/shop\/produkt\/trixie-premium-y-geschirr-rot-33-42-cm-10-mm\/","title":{"rendered":"Trixie Premium Y-Geschirr &#8211; rot &#8211; 33-42 cm\/10 mm"},"content":{"rendered":"<ul>\n<li>Gurtband<\/li>\n<li>optimale Druckverteilung durch breites Brustpolster<\/li>\n<li>Bruststeg und Bauchgurt stufenlos verstellbar<\/li>\n<li>neoprengepolstert<\/li>\n<li>zus\u00e4tzlicher Anleinring und reflektierende Elemente im Brustbereich<\/li>\n<li>Farbe: rot<\/li>\n<li>Gr\u00f6\u00dfe: XS<\/li>\n<li>Bauchumfang: ca. 33-42 cm<\/li>\n<li>Materialbreite: ca. 10 mm<\/li>\n<\/ul>\n","protected":false},"excerpt":{"rendered":"<p>Gurtband optimale Druckverteilung durch breites Brustpolster Bruststeg und Bauchgurt stufenlos verstellbar neoprengepolstert zus\u00e4tzlicher Anleinring und reflektierende Elemente im Brustbereich Farbe: rot Gr\u00f6\u00dfe: XS Bauchumfang: ca. 33-42 cm Materialbreite: ca. 10 mm<\/p>\n","protected":false},"featured_media":33305,"comment_status":"closed","ping_status":"open","template":"","meta":[],"product_cat":[13812],"product_tag":[],"class_list":{"0":"post-53998","1":"product","2":"type-product","3":"status-publish","4":"has-post-thumbnail","6":"product_cat-hundegeschirre","8":"first","9":"instock","10":"taxable","11":"shipping-taxable","12":"purchasable","13":"product-type-simple"},"_links":{"self":[{"href":"https:\/\/all-pets.de\/shop\/wp-json\/wp\/v2\/product\/53998","targetHints":{"allow":["GET"]}}],"collection":[{"href":"https:\/\/all-pets.de\/shop\/wp-json\/wp\/v2\/product"}],"about":[{"href":"https:\/\/all-pets.de\/shop\/wp-json\/wp\/v2\/types\/product"}],"replies":[{"embeddable":true,"href":"https:\/\/all-pets.de\/shop\/wp-json\/wp\/v2\/comments?post=53998"}],"wp:featuredmedia":[{"embeddable":true,"href":"https:\/\/all-pets.de\/shop\/wp-json\/wp\/v2\/media\/33305"}],"wp:attachment":[{"href":"https:\/\/all-pets.de\/shop\/wp-json\/wp\/v2\/media?parent=53998"}],"wp:term":[{"taxonomy":"product_cat","embeddable":true,"href":"https:\/\/all-pets.de\/shop\/wp-json\/wp\/v2\/product_cat?post=53998"},{"taxonomy":"product_tag","embeddable":true,"href":"https:\/\/all-pets.de\/shop\/wp-json\/wp\/v2\/product_tag?post=53998"}],"curies":[{"name":"wp","href":"https:\/\/api.w.org\/{rel}","templated":true}]}}