{"id":54002,"date":"2023-12-12T12:47:56","date_gmt":"2023-12-12T11:47:56","guid":{"rendered":"https:\/\/pet-shopping.de\/shop\/produkt\/dogit-pluesch-loewe-mit-ball-l-11-cm\/"},"modified":"2023-12-12T12:47:57","modified_gmt":"2023-12-12T11:47:57","slug":"dogit-pluesch-loewe-mit-ball-l-11-cm","status":"publish","type":"product","link":"https:\/\/all-pets.de\/shop\/produkt\/dogit-pluesch-loewe-mit-ball-l-11-cm\/","title":{"rendered":"DOGIT Pl\u00fcsch-L\u00f6we mit Ball &#8211; L &#8211; 11 cm"},"content":{"rendered":"<p>Dieser niedliche L\u00f6we hat einen Bezug aus weichem Pl\u00fcsch und ist mit einemSchaumstoffball gef\u00fcllt &#8211; f\u00fcr Stundenlanges Spiel und Spa\u00df.<\/p>\n<p>Motiv: L\u00f6we<\/p>\n<p>Gr\u00f6\u00dfe: 11 cm<\/p>\n","protected":false},"excerpt":{"rendered":"<p>Dieser niedliche L\u00f6we hat einen Bezug aus weichem Pl\u00fcsch und ist mit einemSchaumstoffball gef\u00fcllt &#8211; f\u00fcr Stundenlanges Spiel und Spa\u00df. Motiv: L\u00f6we Gr\u00f6\u00dfe: 11 cm<\/p>\n","protected":false},"featured_media":33365,"comment_status":"closed","ping_status":"open","template":"","meta":[],"product_cat":[15722],"product_tag":[],"class_list":{"0":"post-54002","1":"product","2":"type-product","3":"status-publish","4":"has-post-thumbnail","6":"product_cat-plueschspielzeug-hundespielzeug-sport-hundebaellehundewelt-hundespielzeug-sport-hundespielzeug-sporthundewelt","8":"first","9":"instock","10":"taxable","11":"shipping-taxable","12":"purchasable","13":"product-type-simple"},"_links":{"self":[{"href":"https:\/\/all-pets.de\/shop\/wp-json\/wp\/v2\/product\/54002","targetHints":{"allow":["GET"]}}],"collection":[{"href":"https:\/\/all-pets.de\/shop\/wp-json\/wp\/v2\/product"}],"about":[{"href":"https:\/\/all-pets.de\/shop\/wp-json\/wp\/v2\/types\/product"}],"replies":[{"embeddable":true,"href":"https:\/\/all-pets.de\/shop\/wp-json\/wp\/v2\/comments?post=54002"}],"wp:featuredmedia":[{"embeddable":true,"href":"https:\/\/all-pets.de\/shop\/wp-json\/wp\/v2\/media\/33365"}],"wp:attachment":[{"href":"https:\/\/all-pets.de\/shop\/wp-json\/wp\/v2\/media?parent=54002"}],"wp:term":[{"taxonomy":"product_cat","embeddable":true,"href":"https:\/\/all-pets.de\/shop\/wp-json\/wp\/v2\/product_cat?post=54002"},{"taxonomy":"product_tag","embeddable":true,"href":"https:\/\/all-pets.de\/shop\/wp-json\/wp\/v2\/product_tag?post=54002"}],"curies":[{"name":"wp","href":"https:\/\/api.w.org\/{rel}","templated":true}]}}