{"id":54009,"date":"2023-12-12T12:47:58","date_gmt":"2023-12-12T11:47:58","guid":{"rendered":"https:\/\/pet-shopping.de\/shop\/produkt\/trixie-sicherheitsweste-aus-oxford-polyester-s-40-cm\/"},"modified":"2023-12-12T12:48:00","modified_gmt":"2023-12-12T11:48:00","slug":"trixie-sicherheitsweste-aus-oxford-polyester-s-40-cm","status":"publish","type":"product","link":"https:\/\/all-pets.de\/shop\/produkt\/trixie-sicherheitsweste-aus-oxford-polyester-s-40-cm\/","title":{"rendered":"Trixie Sicherheitsweste aus Oxford-Polyester &#8211; S \/ 40 cm"},"content":{"rendered":"<ul>\n<li>Oxford-Polyester<\/li>\n<li>reflektierende Elemente<\/li>\n<li>mit Klettverschluss im Brustbereich<\/li>\n<li>Bauchgurt mit Schnalle, stufenlos verstellbar<\/li>\n<li>durch Rei\u00dfverschluss im R\u00fcckenbereich mit Geschirr kombinierbar<\/li>\n<li>Farbe: neongelb<\/li>\n<li>wasserabweisend<\/li>\n<li>Gr\u00f6\u00dfe S: R\u00fcckenl\u00e4nge ca. 40 cm<\/li>\n<\/ul>\n","protected":false},"excerpt":{"rendered":"<p>Oxford-Polyester reflektierende Elemente mit Klettverschluss im Brustbereich Bauchgurt mit Schnalle, stufenlos verstellbar durch Rei\u00dfverschluss im R\u00fcckenbereich mit Geschirr kombinierbar Farbe: neongelb wasserabweisend Gr\u00f6\u00dfe S: R\u00fcckenl\u00e4nge ca. 40 cm<\/p>\n","protected":false},"featured_media":54005,"comment_status":"closed","ping_status":"open","template":"","meta":[],"product_cat":[15729],"product_tag":[],"class_list":{"0":"post-54009","1":"product","2":"type-product","3":"status-publish","4":"has-post-thumbnail","6":"product_cat-reflektierend-halsbaender-leinen-funktions-kleidunghundewelt-unterwegs-funktions-kleidunghundewelt-hundebekleidung-sicherheithundewelt","8":"first","9":"instock","10":"taxable","11":"shipping-taxable","12":"purchasable","13":"product-type-simple"},"_links":{"self":[{"href":"https:\/\/all-pets.de\/shop\/wp-json\/wp\/v2\/product\/54009","targetHints":{"allow":["GET"]}}],"collection":[{"href":"https:\/\/all-pets.de\/shop\/wp-json\/wp\/v2\/product"}],"about":[{"href":"https:\/\/all-pets.de\/shop\/wp-json\/wp\/v2\/types\/product"}],"replies":[{"embeddable":true,"href":"https:\/\/all-pets.de\/shop\/wp-json\/wp\/v2\/comments?post=54009"}],"wp:featuredmedia":[{"embeddable":true,"href":"https:\/\/all-pets.de\/shop\/wp-json\/wp\/v2\/media\/54005"}],"wp:attachment":[{"href":"https:\/\/all-pets.de\/shop\/wp-json\/wp\/v2\/media?parent=54009"}],"wp:term":[{"taxonomy":"product_cat","embeddable":true,"href":"https:\/\/all-pets.de\/shop\/wp-json\/wp\/v2\/product_cat?post=54009"},{"taxonomy":"product_tag","embeddable":true,"href":"https:\/\/all-pets.de\/shop\/wp-json\/wp\/v2\/product_tag?post=54009"}],"curies":[{"name":"wp","href":"https:\/\/api.w.org\/{rel}","templated":true}]}}