{"id":54013,"date":"2023-12-12T12:47:58","date_gmt":"2023-12-12T11:47:58","guid":{"rendered":"https:\/\/pet-shopping.de\/shop\/produkt\/trixie-hygiene-unterlage-nappy-mit-aktivkohle-60-x-60-cm-10-stueck\/"},"modified":"2023-12-12T12:48:00","modified_gmt":"2023-12-12T11:48:00","slug":"trixie-hygiene-unterlage-nappy-mit-aktivkohle-60-x-60-cm-10-stueck","status":"publish","type":"product","link":"https:\/\/all-pets.de\/shop\/produkt\/trixie-hygiene-unterlage-nappy-mit-aktivkohle-60-x-60-cm-10-stueck\/","title":{"rendered":"Trixie Hygiene-Unterlage Nappy mit Aktivkohle &#8211; 60 x 60 cm \/ 10 St\u00fcck"},"content":{"rendered":"<ul>\n<li>Stubenrein-Training<\/li>\n<li>optimale Geruchsbindung<\/li>\n<li>auch als K\u00f6rbcheneinlage oder Schlafunterlage bei Inkontinenz geeignet<\/li>\n<li>versiegelter Rand sch\u00fctzt vor Auslaufen der Fl\u00fcssigkeit<\/li>\n<li>aus langfaserigem, nat\u00fcrlichem Zellstoff<\/li>\n<li>Ma\u00dfe: ca. 60 x 60 cm<\/li>\n<li>Inhalt: 10 St\u00fcck<\/li>\n<\/ul>\n","protected":false},"excerpt":{"rendered":"<p>Stubenrein-Training optimale Geruchsbindung auch als K\u00f6rbcheneinlage oder Schlafunterlage bei Inkontinenz geeignet versiegelter Rand sch\u00fctzt vor Auslaufen der Fl\u00fcssigkeit aus langfaserigem, nat\u00fcrlichem Zellstoff Ma\u00dfe: ca. 60 x 60 cm Inhalt: 10 St\u00fcck<\/p>\n","protected":false},"featured_media":54014,"comment_status":"closed","ping_status":"open","template":"","meta":[],"product_cat":[15730],"product_tag":[],"class_list":{"0":"post-54013","1":"product","2":"type-product","3":"status-publish","4":"has-post-thumbnail","6":"product_cat-hundetoiletten-hygiene-pflege-gesundheit-welpen-aufzuchthundewelt-pflege-gesundheit-hundewelt","8":"first","9":"instock","10":"taxable","11":"shipping-taxable","12":"purchasable","13":"product-type-simple"},"_links":{"self":[{"href":"https:\/\/all-pets.de\/shop\/wp-json\/wp\/v2\/product\/54013","targetHints":{"allow":["GET"]}}],"collection":[{"href":"https:\/\/all-pets.de\/shop\/wp-json\/wp\/v2\/product"}],"about":[{"href":"https:\/\/all-pets.de\/shop\/wp-json\/wp\/v2\/types\/product"}],"replies":[{"embeddable":true,"href":"https:\/\/all-pets.de\/shop\/wp-json\/wp\/v2\/comments?post=54013"}],"wp:featuredmedia":[{"embeddable":true,"href":"https:\/\/all-pets.de\/shop\/wp-json\/wp\/v2\/media\/54014"}],"wp:attachment":[{"href":"https:\/\/all-pets.de\/shop\/wp-json\/wp\/v2\/media?parent=54013"}],"wp:term":[{"taxonomy":"product_cat","embeddable":true,"href":"https:\/\/all-pets.de\/shop\/wp-json\/wp\/v2\/product_cat?post=54013"},{"taxonomy":"product_tag","embeddable":true,"href":"https:\/\/all-pets.de\/shop\/wp-json\/wp\/v2\/product_tag?post=54013"}],"curies":[{"name":"wp","href":"https:\/\/api.w.org\/{rel}","templated":true}]}}