{"id":54026,"date":"2023-12-12T12:48:03","date_gmt":"2023-12-12T11:48:03","guid":{"rendered":"https:\/\/pet-shopping.de\/shop\/produkt\/trixie-4-wege-freilauftuer-weiss\/"},"modified":"2023-12-12T12:48:03","modified_gmt":"2023-12-12T11:48:03","slug":"trixie-4-wege-freilauftuer-weiss","status":"publish","type":"product","link":"https:\/\/all-pets.de\/shop\/produkt\/trixie-4-wege-freilauftuer-weiss\/","title":{"rendered":"Trixie 4-Wege Freilauft\u00fcr &#8211; wei\u00df"},"content":{"rendered":"<ul>\n<li>transparente Klappe, ger\u00e4uscharm<\/li>\n<li>mit umlaufender TPR-Dichtung<\/li>\n<li>mit Drehverschluss<\/li>\n<li>Einbautiefe mindestens 5 mm<\/li>\n<li>Gesamtma\u00dfe 20 \u00d7 22 cm<\/li>\n<li>Ausschnitt 15,9 \u00d7 16,8 cm<\/li>\n<li>Klappengr\u00f6\u00dfe 14 \u00d7 15,5 cm<\/li>\n<li>3 Jahre Garantie<\/li>\n<li>Kunststoff<\/li>\n<li>Farbe: wei\u00df<\/li>\n<\/ul>\n","protected":false},"excerpt":{"rendered":"<p>transparente Klappe, ger\u00e4uscharm mit umlaufender TPR-Dichtung mit Drehverschluss Einbautiefe mindestens 5 mm Gesamtma\u00dfe 20 \u00d7 22 cm Ausschnitt 15,9 \u00d7 16,8 cm Klappengr\u00f6\u00dfe 14 \u00d7 15,5 cm 3 Jahre Garantie Kunststoff Farbe: wei\u00df<\/p>\n","protected":false},"featured_media":54027,"comment_status":"closed","ping_status":"open","template":"","meta":[],"product_cat":[14414],"product_tag":[],"class_list":{"0":"post-54026","1":"product","2":"type-product","3":"status-publish","4":"has-post-thumbnail","6":"product_cat-katzenklappen","8":"first","9":"instock","10":"taxable","11":"shipping-taxable","12":"purchasable","13":"product-type-simple"},"_links":{"self":[{"href":"https:\/\/all-pets.de\/shop\/wp-json\/wp\/v2\/product\/54026","targetHints":{"allow":["GET"]}}],"collection":[{"href":"https:\/\/all-pets.de\/shop\/wp-json\/wp\/v2\/product"}],"about":[{"href":"https:\/\/all-pets.de\/shop\/wp-json\/wp\/v2\/types\/product"}],"replies":[{"embeddable":true,"href":"https:\/\/all-pets.de\/shop\/wp-json\/wp\/v2\/comments?post=54026"}],"wp:featuredmedia":[{"embeddable":true,"href":"https:\/\/all-pets.de\/shop\/wp-json\/wp\/v2\/media\/54027"}],"wp:attachment":[{"href":"https:\/\/all-pets.de\/shop\/wp-json\/wp\/v2\/media?parent=54026"}],"wp:term":[{"taxonomy":"product_cat","embeddable":true,"href":"https:\/\/all-pets.de\/shop\/wp-json\/wp\/v2\/product_cat?post=54026"},{"taxonomy":"product_tag","embeddable":true,"href":"https:\/\/all-pets.de\/shop\/wp-json\/wp\/v2\/product_tag?post=54026"}],"curies":[{"name":"wp","href":"https:\/\/api.w.org\/{rel}","templated":true}]}}