{"id":54031,"date":"2023-12-12T12:48:03","date_gmt":"2023-12-12T11:48:03","guid":{"rendered":"https:\/\/pet-shopping.de\/shop\/produkt\/flexi-rollleine-new-classic-gurt-8m-bis-50kg-rot\/"},"modified":"2023-12-12T12:48:04","modified_gmt":"2023-12-12T11:48:04","slug":"flexi-rollleine-new-classic-gurt-8m-bis-50kg-rot","status":"publish","type":"product","link":"https:\/\/all-pets.de\/shop\/produkt\/flexi-rollleine-new-classic-gurt-8m-bis-50kg-rot\/","title":{"rendered":"FLEXI Rollleine New CLASSIC Gurt &#8211; 8m, bis 50kg &#8211; Rot"},"content":{"rendered":"<ul>\n<li>erweiterbar durch flexi Multi Box und LED Lighting System<\/li>\n<li>Gr\u00f6\u00dfe L <\/li>\n<li>Gurtl\u00e4nge 8m<\/li>\n<li>geeignet f\u00fcr Hunde bis zu 50kg K\u00f6rpergewicht<\/li>\n<li>Farbe: Rot<\/li>\n<\/ul>\n","protected":false},"excerpt":{"rendered":"<p>erweiterbar durch flexi Multi Box und LED Lighting System Gr\u00f6\u00dfe L Gurtl\u00e4nge 8m geeignet f\u00fcr Hunde bis zu 50kg K\u00f6rpergewicht Farbe: Rot<\/p>\n","protected":false},"featured_media":33478,"comment_status":"closed","ping_status":"open","template":"","meta":[],"product_cat":[15321],"product_tag":[],"class_list":{"0":"post-54031","1":"product","2":"type-product","3":"status-publish","4":"has-post-thumbnail","6":"product_cat-roll-leinen","8":"first","9":"instock","10":"taxable","11":"shipping-taxable","12":"purchasable","13":"product-type-simple"},"_links":{"self":[{"href":"https:\/\/all-pets.de\/shop\/wp-json\/wp\/v2\/product\/54031","targetHints":{"allow":["GET"]}}],"collection":[{"href":"https:\/\/all-pets.de\/shop\/wp-json\/wp\/v2\/product"}],"about":[{"href":"https:\/\/all-pets.de\/shop\/wp-json\/wp\/v2\/types\/product"}],"replies":[{"embeddable":true,"href":"https:\/\/all-pets.de\/shop\/wp-json\/wp\/v2\/comments?post=54031"}],"wp:featuredmedia":[{"embeddable":true,"href":"https:\/\/all-pets.de\/shop\/wp-json\/wp\/v2\/media\/33478"}],"wp:attachment":[{"href":"https:\/\/all-pets.de\/shop\/wp-json\/wp\/v2\/media?parent=54031"}],"wp:term":[{"taxonomy":"product_cat","embeddable":true,"href":"https:\/\/all-pets.de\/shop\/wp-json\/wp\/v2\/product_cat?post=54031"},{"taxonomy":"product_tag","embeddable":true,"href":"https:\/\/all-pets.de\/shop\/wp-json\/wp\/v2\/product_tag?post=54031"}],"curies":[{"name":"wp","href":"https:\/\/api.w.org\/{rel}","templated":true}]}}