{"id":54034,"date":"2023-12-12T12:48:03","date_gmt":"2023-12-12T11:48:03","guid":{"rendered":"https:\/\/pet-shopping.de\/shop\/produkt\/trixie-sofa-harvey-o-46-x-28-cm\/"},"modified":"2023-12-12T12:48:04","modified_gmt":"2023-12-12T11:48:04","slug":"trixie-sofa-harvey-o-46-x-28-cm","status":"publish","type":"product","link":"https:\/\/all-pets.de\/shop\/produkt\/trixie-sofa-harvey-o-46-x-28-cm\/","title":{"rendered":"Trixie Sofa Harvey &#8211; \u00f8 46 \u00d7 28 cm"},"content":{"rendered":"<ul>\n<li>Langhaar-Pl\u00fcsch<\/li>\n<li>Polyester-Bezug<\/li>\n<li>Lehne aus stabilem Holz, gepolstert<\/li>\n<li>Wendekissen mit Bezug aus Langhaar-Pl\u00fcsch\/Velours und Polyestervlies-F\u00fcllung<\/li>\n<li>mit Holzf\u00fc\u00dfen<\/li>\n<li>belastbar bis zu 40 kg<\/li>\n<li>Farbe: wei\u00df-schwarz<\/li>\n<li>Ma\u00dfe: ca. \u00f8 46 \u00d7 28 cm<\/li>\n<\/ul>\n","protected":false},"excerpt":{"rendered":"<p>Langhaar-Pl\u00fcsch Polyester-Bezug Lehne aus stabilem Holz, gepolstert Wendekissen mit Bezug aus Langhaar-Pl\u00fcsch\/Velours und Polyestervlies-F\u00fcllung mit Holzf\u00fc\u00dfen belastbar bis zu 40 kg Farbe: wei\u00df-schwarz Ma\u00dfe: ca. \u00f8 46 \u00d7 28 cm<\/p>\n","protected":false},"featured_media":54035,"comment_status":"closed","ping_status":"open","template":"","meta":[],"product_cat":[15731],"product_tag":[],"class_list":{"0":"post-54034","1":"product","2":"type-product","3":"status-publish","4":"has-post-thumbnail","6":"product_cat-sofas-betten-koerbe-betten-sofashundewelt","8":"first","9":"instock","10":"taxable","11":"shipping-taxable","12":"purchasable","13":"product-type-simple"},"_links":{"self":[{"href":"https:\/\/all-pets.de\/shop\/wp-json\/wp\/v2\/product\/54034","targetHints":{"allow":["GET"]}}],"collection":[{"href":"https:\/\/all-pets.de\/shop\/wp-json\/wp\/v2\/product"}],"about":[{"href":"https:\/\/all-pets.de\/shop\/wp-json\/wp\/v2\/types\/product"}],"replies":[{"embeddable":true,"href":"https:\/\/all-pets.de\/shop\/wp-json\/wp\/v2\/comments?post=54034"}],"wp:featuredmedia":[{"embeddable":true,"href":"https:\/\/all-pets.de\/shop\/wp-json\/wp\/v2\/media\/54035"}],"wp:attachment":[{"href":"https:\/\/all-pets.de\/shop\/wp-json\/wp\/v2\/media?parent=54034"}],"wp:term":[{"taxonomy":"product_cat","embeddable":true,"href":"https:\/\/all-pets.de\/shop\/wp-json\/wp\/v2\/product_cat?post=54034"},{"taxonomy":"product_tag","embeddable":true,"href":"https:\/\/all-pets.de\/shop\/wp-json\/wp\/v2\/product_tag?post=54034"}],"curies":[{"name":"wp","href":"https:\/\/api.w.org\/{rel}","templated":true}]}}