{"id":54043,"date":"2023-12-12T12:48:03","date_gmt":"2023-12-12T11:48:03","guid":{"rendered":"https:\/\/pet-shopping.de\/shop\/produkt\/karlie-falt-transportbox-smart-top-plus-s\/"},"modified":"2023-12-12T12:48:06","modified_gmt":"2023-12-12T11:48:06","slug":"karlie-falt-transportbox-smart-top-plus-s","status":"publish","type":"product","link":"https:\/\/all-pets.de\/shop\/produkt\/karlie-falt-transportbox-smart-top-plus-s\/","title":{"rendered":"Karlie Falt-Transportbox SMART TOP PLUS &#8211; S"},"content":{"rendered":"<p>Praktisch und komfortabel! Das mobile und vertraute Heim f\u00fcr In- &#038; Outdoor. Leichtes Eigengewicht, wasserabweisend, gro\u00dfz\u00fcgige L\u00fcftungsfenster. Pop-up-Aufbau (steht in Sekundenschnelle). Bei Nichtgebrauch \u2013 platzsparend zusammenlegbar. Das strapazierf\u00e4hige Nylonmaterial ist einfach zu reinigen. Inkl. Boden-Heringe zur Befestigung beim Outdoorgebrauch, Tragetasche, Liegedecke, Seitentaschen zum Verstauen von Snacks, etc..<\/p>\n<p>Mit Smart Top hat Ihr Liebling \u00fcberall seinen eigenen Platz und f\u00fchlt sich immer wie zu Hause!<\/p>\n<p>Farbe: Schwarz-Grau<br \/> Ma\u00dfe Gr\u00f6\u00dfe S: 64 x 46 x 53 cm (LxBxH)<\/p>\n","protected":false},"excerpt":{"rendered":"<p>Praktisch und komfortabel! Das mobile und vertraute Heim f\u00fcr In- &#038; Outdoor. Leichtes Eigengewicht, wasserabweisend, gro\u00dfz\u00fcgige L\u00fcftungsfenster. Pop-up-Aufbau (steht in Sekundenschnelle). Bei Nichtgebrauch \u2013 platzsparend zusammenlegbar. Das strapazierf\u00e4hige Nylonmaterial ist einfach zu reinigen. Inkl. Boden-Heringe zur Befestigung beim Outdoorgebrauch, Tragetasche, Liegedecke, Seitentaschen zum Verstauen von Snacks, etc.. Mit Smart Top hat Ihr Liebling \u00fcberall seinen [&hellip;]<\/p>\n","protected":false},"featured_media":33504,"comment_status":"closed","ping_status":"open","template":"","meta":[],"product_cat":[15395],"product_tag":[],"class_list":{"0":"post-54043","1":"product","2":"type-product","3":"status-publish","4":"has-post-thumbnail","6":"product_cat-transportboxen-reise-transport-falthuettenhundewelt-katzentransport-reise-falthuettenkatzenwelt-reise-transport","8":"first","9":"instock","10":"taxable","11":"shipping-taxable","12":"purchasable","13":"product-type-simple"},"_links":{"self":[{"href":"https:\/\/all-pets.de\/shop\/wp-json\/wp\/v2\/product\/54043","targetHints":{"allow":["GET"]}}],"collection":[{"href":"https:\/\/all-pets.de\/shop\/wp-json\/wp\/v2\/product"}],"about":[{"href":"https:\/\/all-pets.de\/shop\/wp-json\/wp\/v2\/types\/product"}],"replies":[{"embeddable":true,"href":"https:\/\/all-pets.de\/shop\/wp-json\/wp\/v2\/comments?post=54043"}],"wp:featuredmedia":[{"embeddable":true,"href":"https:\/\/all-pets.de\/shop\/wp-json\/wp\/v2\/media\/33504"}],"wp:attachment":[{"href":"https:\/\/all-pets.de\/shop\/wp-json\/wp\/v2\/media?parent=54043"}],"wp:term":[{"taxonomy":"product_cat","embeddable":true,"href":"https:\/\/all-pets.de\/shop\/wp-json\/wp\/v2\/product_cat?post=54043"},{"taxonomy":"product_tag","embeddable":true,"href":"https:\/\/all-pets.de\/shop\/wp-json\/wp\/v2\/product_tag?post=54043"}],"curies":[{"name":"wp","href":"https:\/\/api.w.org\/{rel}","templated":true}]}}