{"id":54044,"date":"2023-12-12T12:48:07","date_gmt":"2023-12-12T11:48:07","guid":{"rendered":"https:\/\/pet-shopping.de\/shop\/produkt\/trixie-schleppleine-gummiert-fuchsia-5-m-15-mm\/"},"modified":"2023-12-12T12:48:07","modified_gmt":"2023-12-12T11:48:07","slug":"trixie-schleppleine-gummiert-fuchsia-5-m-15-mm","status":"publish","type":"product","link":"https:\/\/all-pets.de\/shop\/produkt\/trixie-schleppleine-gummiert-fuchsia-5-m-15-mm\/","title":{"rendered":"Trixie Schleppleine, gummiert &#8211; fuchsia &#8211; 5 m\/15 mm"},"content":{"rendered":"<p>Schleppleinen werden meist bei jungen Hunden als Erziehungsinstrument eingesetzt, k\u00f6nnen aber auch bei Tieren mit starkem Jagdtrieb eine gute Alternative zur flexiblen Rollleine sein. Die 5 bis 15 Meter lange Leine gibt dem Hund beim Schn\u00fcffeln und Herumst\u00f6bern genug Bewegungsfreiheit &#8211; \u00fcberl\u00e4sst ihn aber nicht sich selbst. Kommt der Hund vom Weg ab oder will einem Tier hinterherjagen, kannst du ihn dank der robusten Hunde-Leine jederzeit zur\u00fcckholen. Das gibt dir Sicherheit und ist ein gutes Training, wenn du deinen Hund sp\u00e4ter auch ohne Leine laufen lassen m\u00f6chtest. Auch f\u00fcr das \u00dcben von Kommandos auf Distanz, eignet sich eine Schleppleine hervorragend. Das gummierte Gurtband gibt beim Halten der Leine zus\u00e4tzlichen Grip und hilft, wenn mehr Kraft beim Zur\u00fcckholen des Tieres verlangt wird. Hierbei unterst\u00fctzt zus\u00e4tzlich das robuste und strapazierf\u00e4hige Leinen-Material, welches Wind und Wetter stand h\u00e4lt. Auff\u00e4llige Leinen-Farben sind f\u00fcr jedermann gut sichtbar und verhindern versehentliches Stolpern \u00fcber die Schleppleine.<\/p>\n<ul>\n<li>Gurtband<\/li>\n<li>ohne Handschlaufe<\/li>\n<li>mit \u00d6se z. B. zum Befestigen der Hundemarke oder eines Flashers<\/li>\n<li>Zugkraft bis 100 kg<\/li>\n<li>Farbe: fuchsia<\/li>\n<li>L\u00e4nge: ca. 5 m<\/li>\n<li>Breite: ca. 15 mm<\/li>\n<\/ul>\n","protected":false},"excerpt":{"rendered":"<p>Schleppleinen werden meist bei jungen Hunden als Erziehungsinstrument eingesetzt, k\u00f6nnen aber auch bei Tieren mit starkem Jagdtrieb eine gute Alternative zur flexiblen Rollleine sein. Die 5 bis 15 Meter lange Leine gibt dem Hund beim Schn\u00fcffeln und Herumst\u00f6bern genug Bewegungsfreiheit &#8211; \u00fcberl\u00e4sst ihn aber nicht sich selbst. Kommt der Hund vom Weg ab oder will [&hellip;]<\/p>\n","protected":false},"featured_media":54045,"comment_status":"closed","ping_status":"open","template":"","meta":[],"product_cat":[13690],"product_tag":[],"class_list":{"0":"post-54044","1":"product","2":"type-product","3":"status-publish","4":"has-post-thumbnail","6":"product_cat-such-schleppleinen","8":"first","9":"instock","10":"taxable","11":"shipping-taxable","12":"purchasable","13":"product-type-simple"},"_links":{"self":[{"href":"https:\/\/all-pets.de\/shop\/wp-json\/wp\/v2\/product\/54044","targetHints":{"allow":["GET"]}}],"collection":[{"href":"https:\/\/all-pets.de\/shop\/wp-json\/wp\/v2\/product"}],"about":[{"href":"https:\/\/all-pets.de\/shop\/wp-json\/wp\/v2\/types\/product"}],"replies":[{"embeddable":true,"href":"https:\/\/all-pets.de\/shop\/wp-json\/wp\/v2\/comments?post=54044"}],"wp:featuredmedia":[{"embeddable":true,"href":"https:\/\/all-pets.de\/shop\/wp-json\/wp\/v2\/media\/54045"}],"wp:attachment":[{"href":"https:\/\/all-pets.de\/shop\/wp-json\/wp\/v2\/media?parent=54044"}],"wp:term":[{"taxonomy":"product_cat","embeddable":true,"href":"https:\/\/all-pets.de\/shop\/wp-json\/wp\/v2\/product_cat?post=54044"},{"taxonomy":"product_tag","embeddable":true,"href":"https:\/\/all-pets.de\/shop\/wp-json\/wp\/v2\/product_tag?post=54044"}],"curies":[{"name":"wp","href":"https:\/\/api.w.org\/{rel}","templated":true}]}}