{"id":54063,"date":"2023-12-12T12:48:11","date_gmt":"2023-12-12T11:48:11","guid":{"rendered":"https:\/\/pet-shopping.de\/shop\/produkt\/wolfsblut-wild-duck-large-breed-125-kg\/"},"modified":"2023-12-12T12:48:11","modified_gmt":"2023-12-12T11:48:11","slug":"wolfsblut-wild-duck-large-breed-125-kg","status":"publish","type":"product","link":"https:\/\/all-pets.de\/shop\/produkt\/wolfsblut-wild-duck-large-breed-125-kg\/","title":{"rendered":"Wolfsblut Wild Duck Large Breed &#8211; 12,5 kg"},"content":{"rendered":"<p>Wild Duck Large Breed von Wolfsblut ist ein Trocken-Hundefutter, dessen Zusammensetzung speziell auf die Bed\u00fcrfnisse von gro\u00dfen Hunden abgestimmt ist<\/p>\n<p> &#8211; Nur nat\u00fcrliche Inhaltsstoffe<br \/> &#8211; Mit reichlich Entenfleisch in Lebensmittelqualit\u00e4t aus b\u00e4uerlicher Freilandhaltung<br \/> &#8211; Mit Kartoffeln, die \u00fcber eine betr\u00e4chtliche Menge an B- und C-Vitaminen sowie 15 verschiedenen Mineralstoffen und Spurenelementen verf\u00fcgen<br \/> &#8211; Mit K\u00fcrbis, Amaranth, Schachtelhalm, Bockshornklee, L\u00f6wenzahn und ihren nat\u00fcrlich positiven Wirkungen auf die Gesundheit<br \/> &#8211; Mit dem Wolfsblut Gelenkschutz und seinen ausgew\u00e4hlten Naturstoffen gegen Arthritis und Arthrose<br \/> &#8211; Mit den nat\u00fcrlichen Probiotika MOS und FOS, die auch in Babynahrung erg\u00e4nzt werden und einen positiven Einfluss auf die Verdauung haben<br \/> &#8211; Ohne Getreide (glutenfrei), weil Getreide keine nat\u00fcrliche Nahrung f\u00fcr Fleischfresser ist und zu den h\u00e4ufigsten Allergieausl\u00f6sern bei Hunden z\u00e4hlt<br \/> &#8211; Ohne industriell hergestellten Zucker, Soja, Geschmacksverst\u00e4rker, chemische Farbstoffe und k\u00fcnstliche Konservierungsmittel<br \/> &#8211; Geeignet auch f\u00fcr Allergiker und allergiegef\u00e4hrdete Hunde<br \/> &#8211; Ein Geschmacksklassiker, der sehr gern gefressen wird<\/p>\n<p> Die t\u00e4glich gesunde Hundenahrung<\/p>\n<p> Der Stoffwechsel gro\u00dfer Hunde ist in der Regel langsamer als bei kleinen Hunden. Sie sollten daher viel bewegt und m\u00f6glichst fett- und kalorienarm ern\u00e4hrt werden, sonst kommt es schnell zu \u00dcbergewicht. Das wiederum hat h\u00e4ufig direkte Auswirkungen auf den Bewegungsapparat. Gelenkentz\u00fcndungen (Arthritis) treten bei gro\u00dfen Hunden weit h\u00e4ufiger auf als bei ihren kleineren Artgenossen. Dr. med. vet. Altst\u00e4tten (alias Dr. Wolf) sagt dazu: Auch die Chronozit\u00e4t, also Arthrose, spielt eine wichtige Rolle. Bei den meisten gro\u00dfen Hunden bildet sich aus der akuten Arthritis fast immer eine Arthrose. <\/p>\n<p> Die Wolfsblut-Futtersorten f\u00fcr gro\u00dfe Hunderassen sind speziell auf deren Bed\u00fcrfnisse abgestimmt und enthalten den Wolfsblut Gelenkschutz, eine Kombination ausgew\u00e4hlter Naturstoffe gegen Arthritis und Arthrose.<\/p>\n<p> Die Zusammensetzung des Hundefutters Wild Duck Large Breed orientiert sich an der Nahrung der Ur-Hunde und verbindet diese mit dem Wissen unserer Zeit.<\/p>\n<p> Die Ur-Hunde ern\u00e4hrten sich neben ihrer Hauptnahrungsquelle Fleisch und Fisch auch von Fr\u00fcchten, Kr\u00e4utern und Gem\u00fcse. Diese haben sie entweder \u00fcber den Mageninhalt der Beutetiere aufgenommen oder selber gesucht und gefressen. Die Fr\u00fcchte, Kr\u00e4uter und das Gem\u00fcse lieferten den Ur-Hunden die ben\u00f6tigten Vitamine, Mineralstoffe, Vitalstoffe, Spurenelemente, Enzyme und sekund\u00e4re Pflanzenstoffe.<br \/> Die Zusammensetzung von Wild Duck Large Breed orientiert sich haupts\u00e4chlich an der Nahrung der Ur-Hunde und enth\u00e4lt daher, neben einem hohen Anteil Entenfleisch, u.a. auch Kartoffeln, K\u00fcrbis, Amaranth, Schachtelhalm, Bockshornklee und L\u00f6wenzahn.<\/p>\n<p> Die Zusammensetzung von Wild Duck Large Breed orientiert sich aber auch an dem Wissen unserer Zeit und enth\u00e4lt daher zus\u00e4tzlich die Naturstoffe<\/p>\n<p> &#8211; probiotische MOS (Mannan-Oligosaccharide) und FOS (Fructo-Oligosaccharide) f\u00fcr eine optimale Verdauung,<br \/> &#8211; Nucleotide, ein Naturstoff f\u00fcr die St\u00e4rkung des Immunsystems,<br \/> &#8211; den Naturstoff Yucca Schidigera Extrakt von der Yucca Pflanze, mit positiver Wirkung auf die Darmgesundheit und<br \/> &#8211; den Wolfsblut Gelenkschutz: Der Wolfsblut Gelenkschutz enth\u00e4lt ausgew\u00e4hlte Naturstoffe gegen Arthritis und Arthrose.<\/p>\n<p> Die durchdachten Zutaten erg\u00e4nzen eine gro\u00dfe Portion Entenfleisch<\/p>\n<p> Entenfleisch<\/p>\n<p> &#8211; verf\u00fcgt \u00fcber einen hohen Anteil der mehrfach unges\u00e4ttigten Fetts\u00e4uren Omega-3 und Omega-6 und<br \/> &#8211; besitzt einen hohen Eisen-, Zink- und Kupferanteil sowie<br \/> &#8211; reichlich Vitamine der B-Gruppe.<\/p>\n<p> Das in Wild Duck Large Breed enthaltene Entenfleisch besteht vorwiegend aus Muskelfleisch.<\/p>\n<p> Das Hundefutter Wild Duck Large Breed ist die nat\u00fcrliche und artgerechte t\u00e4gliche Nahrung f\u00fcr Ihren gro\u00dfen Hund, dessen Zusammensetzung das Urspr\u00fcngliche mit dem Wissen unserer Zeit verbindet. Dabei dienen alle Zutaten dieser einzigartigen Kombination dem Erhalt der Gesundheit Ihres Sch\u00fctzlings.<\/p>\n<p> Zusammensetzung:<br \/> Entenfleisch (min. 23 %), Kartoffeln (min. 23 %), getrocknetes Entenfleisch (min. 13,5 %), S\u00fc\u00dfkartoffeln, Erbsen, K\u00fcrbis, Entenfett, H\u00fchnersud, Leinsamen, Erbsenfasern, Thymian, Majoran, Oregano, Petersilie, Salbei, Fenchel, Pastinake, Immutop (Topinamburkonzentrat), Erbsenprotein, Mineralstoffe, Yucca Extrakt, Granatapfel, Nopalia (Nopalextrakt), Amaranth, Schachtelhalm, Brombeeren, Himbeeren, Heidelbeeren, Schwarze Johannisbeeren, Holunderbeeren, Aroniabeeren, Glucosamin, Methylsulfonylmethan, Gr\u00fcnlippmuschel, Mannan-oligosaccharide (Probiotisch MOS), Fructo-oligosaccharide (Probiotisch FOS), Chondrotinsulfat, Nucleotide, L\u00f6wenzahn, Cetyl Myristoleate, Anissamen, Bockshornklee<\/p>\n<p> Zusatzstoffe:<br \/> Ern\u00e4hrungsphysiologische Zusatzstoffe pro kg: Vitamine: Vitamin A (als Retinylacetat) 21.871 IU, Vitamin D3 (als Cholecalciferol) 1.471 IU, Vitamin E (als Alpha Tocopherolacetat) 740 IU, Taurin 1.100 mg, Spurenelemente: Kalziumjodat wasserfrei 1,58 mg, Natriumselenit 0,51 mg, monohydriertes Eisensulfat 309 mg, pentahydriertes Kupfersulfat 41 mg, Kupferchelat von Aminos\u00e4urehydrat 51 mg, Zinkchelat von Aminos\u00e4urehydrat 342 mg, monohydriertes Mangansulfat 112,5 mg, monohydriertes Zinksulfat 285 mg, Eisenchelat von Aminos\u00e4urehydrat 20,5 mg, Aminos\u00e4uren: DL-Methionin 2.126 mg, L-Carnithin 82 mg<\/p>\n<p> Analytische Bestandteile:<br \/> Rohprotein: 23 %<br \/> Rohfett: 13 %<br \/> Rohfaser: 3,5 %<br \/> Rohasche: 9 %<\/p>\n","protected":false},"excerpt":{"rendered":"<p>Wild Duck Large Breed von Wolfsblut ist ein Trocken-Hundefutter, dessen Zusammensetzung speziell auf die Bed\u00fcrfnisse von gro\u00dfen Hunden abgestimmt ist &#8211; Nur nat\u00fcrliche Inhaltsstoffe &#8211; Mit reichlich Entenfleisch in Lebensmittelqualit\u00e4t aus b\u00e4uerlicher Freilandhaltung &#8211; Mit Kartoffeln, die \u00fcber eine betr\u00e4chtliche Menge an B- und C-Vitaminen sowie 15 verschiedenen Mineralstoffen und Spurenelementen verf\u00fcgen &#8211; Mit K\u00fcrbis, [&hellip;]<\/p>\n","protected":false},"featured_media":54064,"comment_status":"closed","ping_status":"open","template":"","meta":[],"product_cat":[15392],"product_tag":[],"class_list":{"0":"post-54063","1":"product","2":"type-product","3":"status-publish","4":"has-post-thumbnail","6":"product_cat-wolfsblut-getreidefrei-hundetrockenfutter-wolfsbluthundewelt-hundetrockenfutter","8":"first","9":"instock","10":"taxable","11":"shipping-taxable","12":"purchasable","13":"product-type-simple"},"_links":{"self":[{"href":"https:\/\/all-pets.de\/shop\/wp-json\/wp\/v2\/product\/54063","targetHints":{"allow":["GET"]}}],"collection":[{"href":"https:\/\/all-pets.de\/shop\/wp-json\/wp\/v2\/product"}],"about":[{"href":"https:\/\/all-pets.de\/shop\/wp-json\/wp\/v2\/types\/product"}],"replies":[{"embeddable":true,"href":"https:\/\/all-pets.de\/shop\/wp-json\/wp\/v2\/comments?post=54063"}],"wp:featuredmedia":[{"embeddable":true,"href":"https:\/\/all-pets.de\/shop\/wp-json\/wp\/v2\/media\/54064"}],"wp:attachment":[{"href":"https:\/\/all-pets.de\/shop\/wp-json\/wp\/v2\/media?parent=54063"}],"wp:term":[{"taxonomy":"product_cat","embeddable":true,"href":"https:\/\/all-pets.de\/shop\/wp-json\/wp\/v2\/product_cat?post=54063"},{"taxonomy":"product_tag","embeddable":true,"href":"https:\/\/all-pets.de\/shop\/wp-json\/wp\/v2\/product_tag?post=54063"}],"curies":[{"name":"wp","href":"https:\/\/api.w.org\/{rel}","templated":true}]}}