{"id":54075,"date":"2023-12-12T12:48:11","date_gmt":"2023-12-12T11:48:11","guid":{"rendered":"https:\/\/pet-shopping.de\/shop\/produkt\/trixie-kissen-harvey-rund-100-cm\/"},"modified":"2023-12-12T12:48:13","modified_gmt":"2023-12-12T11:48:13","slug":"trixie-kissen-harvey-rund-100-cm","status":"publish","type":"product","link":"https:\/\/all-pets.de\/shop\/produkt\/trixie-kissen-harvey-rund-100-cm\/","title":{"rendered":"Trixie Kissen Harvey &#8211; rund &#8211; 100 cm"},"content":{"rendered":"<ul>\n<li>Langhaar-Pl\u00fcsch<\/li>\n<li>Polyester-Bezug<\/li>\n<li>Polyestervlies-F\u00fcllung, ca. 20 cm<\/li>\n<li>extra hohe F\u00fcllmenge<\/li>\n<li>rutschfester Boden<\/li>\n<li>Farbe: wei\u00df-schwarz<\/li>\n<li>Durchmesser: ca. 100 cm<\/li>\n<\/ul>\n","protected":false},"excerpt":{"rendered":"<p>Langhaar-Pl\u00fcsch Polyester-Bezug Polyestervlies-F\u00fcllung, ca. 20 cm extra hohe F\u00fcllmenge rutschfester Boden Farbe: wei\u00df-schwarz Durchmesser: ca. 100 cm<\/p>\n","protected":false},"featured_media":33609,"comment_status":"closed","ping_status":"open","template":"","meta":[],"product_cat":[15113],"product_tag":[],"class_list":{"0":"post-54075","1":"product","2":"type-product","3":"status-publish","4":"has-post-thumbnail","6":"product_cat-hundebetten-hundekissen-betten-koerbe","8":"first","9":"instock","10":"taxable","11":"shipping-taxable","12":"purchasable","13":"product-type-simple"},"_links":{"self":[{"href":"https:\/\/all-pets.de\/shop\/wp-json\/wp\/v2\/product\/54075","targetHints":{"allow":["GET"]}}],"collection":[{"href":"https:\/\/all-pets.de\/shop\/wp-json\/wp\/v2\/product"}],"about":[{"href":"https:\/\/all-pets.de\/shop\/wp-json\/wp\/v2\/types\/product"}],"replies":[{"embeddable":true,"href":"https:\/\/all-pets.de\/shop\/wp-json\/wp\/v2\/comments?post=54075"}],"wp:featuredmedia":[{"embeddable":true,"href":"https:\/\/all-pets.de\/shop\/wp-json\/wp\/v2\/media\/33609"}],"wp:attachment":[{"href":"https:\/\/all-pets.de\/shop\/wp-json\/wp\/v2\/media?parent=54075"}],"wp:term":[{"taxonomy":"product_cat","embeddable":true,"href":"https:\/\/all-pets.de\/shop\/wp-json\/wp\/v2\/product_cat?post=54075"},{"taxonomy":"product_tag","embeddable":true,"href":"https:\/\/all-pets.de\/shop\/wp-json\/wp\/v2\/product_tag?post=54075"}],"curies":[{"name":"wp","href":"https:\/\/api.w.org\/{rel}","templated":true}]}}