{"id":54084,"date":"2023-12-12T12:48:14","date_gmt":"2023-12-12T11:48:14","guid":{"rendered":"https:\/\/pet-shopping.de\/shop\/produkt\/brit-care-cat-grain-free-indoor-anti-stress-400g\/"},"modified":"2023-12-12T12:48:15","modified_gmt":"2023-12-12T11:48:15","slug":"brit-care-cat-grain-free-indoor-anti-stress-400g","status":"publish","type":"product","link":"https:\/\/all-pets.de\/shop\/produkt\/brit-care-cat-grain-free-indoor-anti-stress-400g\/","title":{"rendered":"Brit Care Cat Grain-Free &#8211; Indoor &#8211; Anti-Stress &#8211; 400g"},"content":{"rendered":"<p><p>Alleinfuttermittel f\u00fcr erwachsene Katzen.<\/p>\n<p>Super Premium Trockennahrung f\u00fcr erwachsene Katzen ab 12 Monate. Hypoallergene und getreidefreie Rezeptur. Anti-Stress-Wirkung f\u00fcr eine verbesserte Ausgeglichenheit. Reich an frischem H\u00fchnerfleisch &#038; Omega Fetts\u00e4uren. Reduzierter Energiegehalt f\u00fcr Katzen mit eingeschr\u00e4nktem Bewegungsradius.<\/p>\n<p>Beruhigung &#038; Ausgeglichenheit<br \/>\u00c4nderungen im Revier, so wie Ortswechsel, insbesondere bei Katzen, die in der Wohnung leben, k\u00f6nnen Stresssituationen hervorrufen und das Nervensystem einer Katze belasten. Beruhigende Kr\u00e4uter wie echtes Herzgespann f\u00f6rdern die Ausgeglichenheit und helfen, nat\u00fcrlich und wirksam vor Stress zu sch\u00fctzen. Dies kann die Herzfunktion stabilisieren und den Blutdruck senken.<\/p>\n<p>Gewichtsregulierung &#038; Anti Haarball<br \/>Die ballaststoffreiche Rezeptur mit K\u00fcrbis, \u00c4pfeln und Psylliumsamen und -schalen tragen zu einem leichteren Durchgang verschluckter Haare bei. Faserstoffe f\u00f6rdern das V\u00f6llegef\u00fchl und helfen so dabei das Gewicht besser reguliert.<\/p>\n<p>Gesunde Darmflora &#038; St\u00e4rkung von Sehkraft und Herz<br \/>Hochwertige Proteine und essentielle Fetts\u00e4uren sind Grundlage einer guten Verdauung und geben Energie f\u00fcr ein aktives Leben. Probiotika und Pr\u00e4biotika f\u00f6rdern eine gesunde Darmflora und regulieren den Stoffwechsel. Taurin unterst\u00fctzt die Sehkraft und st\u00e4rkt die Herz- und Gehirnfunktion.<\/p>\n<p>Getreidefrei &#8211; KEINE Farbstoffe &#8211; KEINE Konservierungsstoffe &#8211; KEINE GMO &#8211; KEIN Soja.<\/p>\n<p>Zusammensetzung<br \/>frisches H\u00fchnerfleisch (26%), gelbe Erbsen (25%), getrocknetes H\u00fchnerfleisch (20%), getrocknete \u00c4pfel (8%), K\u00fcrbis (6%), Gefl\u00fcgelfett (mit Tocopherolen konserviert, 4%), Lachs\u00f6l (2%), Flohsamenschale und Samen (2%), H\u00fchnerleber, hydrolysiert (2%), Bierhefe (2%), Leinsamen (1%), getrocknetes echtes Herzgespann (0.5%), getrocknete Kamille (0,5%), Mineralien, getrockneter Sanddorn (0,3%), getrocknete Preiselbeeren (0,2%), Fructo-Oligosaccharide (0,015%), Mannan-Oligosaccharide (0,015%), Mojave-Yucca (0,008%), Lactobacillus acidophilus HA &#8211; 122 inaktiviert (15&#215;109 Zellen\/kg).<\/p>\n<p>Analytische Bestandteile<br \/>Rohprotein 30,0 %, Rohfett 13,0 %, Rohfaser 4,0 %, Rohasche 6,8 %, Feuchtigkeit 10,0 %, Omega-3 0,3 %, Omega-6 1,5 %, Kalzium 1,0 %, Phosphor 0,7 %, Natrium 0,4 %, Magnesium 0,07 %.<\/p>\n<p>Ern\u00e4hrungsphysiologische Zusatzstoffe pro 1 KG<br \/>Vitamin A (3a672a) 20 000 I.E., Vitamin D3 (E671) 800 I.E., Vitamin E (3a700) 600 mg, Vitamin C (3a312) 300 mg, Taurin (3a370) 2 500 mg, L-Carnitin (3a910) 50 mg, Cholinchlorid (3a890) 2 500 mg, Biotin (3a880) 2 mg, Vitamin B1 (3a821) 10 mg, Vitamin B2 12 mg, Niacinamid (3a315) 50 mg, Calcium-D-Pantothenat (3a841) 40 mg, Vitamin B6 (3a831) 10 mg, Fols\u00e4ure (3a316) 2 mg, Vitamin B12 0.04 mg, Zink (3b606) 120 mg, Eisen (3b106) 45 mg, Mangan (3b504) 55 mg, Kaliumjodid (3b201) 4 mg, Kupfer (3b406) 10 mg, Selen (3b8.10) 0,2 mg, L-Methionin (3c305) 2 000 mg.<\/p>\n<p>Umsetzbare Energie<br \/>3.640 kcal\/kg.<\/p>\n<p>Gewicht der Katze (kg) \/ Menge (g\/Tag) <\/p>\n<p>2\u20133 \/ 35\u201345<br \/>3\u20135 \/ 45\u201370<br \/>5\u20137 \/ 70\u201380<br \/>7\u20139 \/ 80\u201395<\/p>\n","protected":false},"excerpt":{"rendered":"<p>Alleinfuttermittel f\u00fcr erwachsene Katzen. Super Premium Trockennahrung f\u00fcr erwachsene Katzen ab 12 Monate. Hypoallergene und getreidefreie Rezeptur. Anti-Stress-Wirkung f\u00fcr eine verbesserte Ausgeglichenheit. Reich an frischem H\u00fchnerfleisch &#038; Omega Fetts\u00e4uren. Reduzierter Energiegehalt f\u00fcr Katzen mit eingeschr\u00e4nktem Bewegungsradius. Beruhigung &#038; Ausgeglichenheit\u00c4nderungen im Revier, so wie Ortswechsel, insbesondere bei Katzen, die in der Wohnung leben, k\u00f6nnen Stresssituationen hervorrufen [&hellip;]<\/p>\n","protected":false},"featured_media":54085,"comment_status":"closed","ping_status":"open","template":"","meta":[],"product_cat":[15511],"product_tag":[],"class_list":{"0":"post-54084","1":"product","2":"type-product","3":"status-publish","4":"has-post-thumbnail","6":"product_cat-brit-care-cat-katzen-trockenfutter","8":"first","9":"instock","10":"taxable","11":"shipping-taxable","12":"purchasable","13":"product-type-simple"},"_links":{"self":[{"href":"https:\/\/all-pets.de\/shop\/wp-json\/wp\/v2\/product\/54084","targetHints":{"allow":["GET"]}}],"collection":[{"href":"https:\/\/all-pets.de\/shop\/wp-json\/wp\/v2\/product"}],"about":[{"href":"https:\/\/all-pets.de\/shop\/wp-json\/wp\/v2\/types\/product"}],"replies":[{"embeddable":true,"href":"https:\/\/all-pets.de\/shop\/wp-json\/wp\/v2\/comments?post=54084"}],"wp:featuredmedia":[{"embeddable":true,"href":"https:\/\/all-pets.de\/shop\/wp-json\/wp\/v2\/media\/54085"}],"wp:attachment":[{"href":"https:\/\/all-pets.de\/shop\/wp-json\/wp\/v2\/media?parent=54084"}],"wp:term":[{"taxonomy":"product_cat","embeddable":true,"href":"https:\/\/all-pets.de\/shop\/wp-json\/wp\/v2\/product_cat?post=54084"},{"taxonomy":"product_tag","embeddable":true,"href":"https:\/\/all-pets.de\/shop\/wp-json\/wp\/v2\/product_tag?post=54084"}],"curies":[{"name":"wp","href":"https:\/\/api.w.org\/{rel}","templated":true}]}}