{"id":54095,"date":"2023-12-12T12:48:16","date_gmt":"2023-12-12T11:48:16","guid":{"rendered":"https:\/\/pet-shopping.de\/shop\/produkt\/karlie-rondo-halsband-mit-ziernieten-rot-27cm-10mm\/"},"modified":"2023-12-12T12:48:17","modified_gmt":"2023-12-12T11:48:17","slug":"karlie-rondo-halsband-mit-ziernieten-rot-27cm-10mm","status":"publish","type":"product","link":"https:\/\/all-pets.de\/shop\/produkt\/karlie-rondo-halsband-mit-ziernieten-rot-27cm-10mm\/","title":{"rendered":"Karlie RONDO Halsband mit Ziernieten &#8211; Rot &#8211; 27cm \/ 10mm"},"content":{"rendered":"<div>Die Halsb\u00e4nder, Leinen und Geschirre der RONDO-Produktreihe von Karlie bestehen aus echtem Leder und stammen aus deutscher Herstellung. Genau das macht die RONDO-Artikel besonders strapazierf\u00e4hig und langlebig. \u00a0<\/div>\n<div>\u00a0<\/div>\n<p>Dieses h\u00fcbsche Lederhalsband ist mit dekorativen Rundkopfnieten verziert. Es ist genietet und mit einem Zierreifel versehen. Die Beschl\u00e4ge sind selbstverst\u00e4ndlich verchromt.<\/p>\n<p>Farbe: Rot<\/p>\n<p>Gesamtl\u00e4nge: 27 cm<br \/>Breite: 10 mm<\/p><\/p>\n","protected":false},"excerpt":{"rendered":"<p>Die Halsb\u00e4nder, Leinen und Geschirre der RONDO-Produktreihe von Karlie bestehen aus echtem Leder und stammen aus deutscher Herstellung. Genau das macht die RONDO-Artikel besonders strapazierf\u00e4hig und langlebig. \u00a0 \u00a0 Dieses h\u00fcbsche Lederhalsband ist mit dekorativen Rundkopfnieten verziert. Es ist genietet und mit einem Zierreifel versehen. Die Beschl\u00e4ge sind selbstverst\u00e4ndlich verchromt. Farbe: Rot Gesamtl\u00e4nge: 27 cmBreite: [&hellip;]<\/p>\n","protected":false},"featured_media":33681,"comment_status":"closed","ping_status":"open","template":"","meta":[],"product_cat":[13790],"product_tag":[],"class_list":{"0":"post-54095","1":"product","2":"type-product","3":"status-publish","4":"has-post-thumbnail","6":"product_cat-lederhalsbaender","8":"first","9":"instock","10":"taxable","11":"shipping-taxable","12":"purchasable","13":"product-type-simple"},"_links":{"self":[{"href":"https:\/\/all-pets.de\/shop\/wp-json\/wp\/v2\/product\/54095","targetHints":{"allow":["GET"]}}],"collection":[{"href":"https:\/\/all-pets.de\/shop\/wp-json\/wp\/v2\/product"}],"about":[{"href":"https:\/\/all-pets.de\/shop\/wp-json\/wp\/v2\/types\/product"}],"replies":[{"embeddable":true,"href":"https:\/\/all-pets.de\/shop\/wp-json\/wp\/v2\/comments?post=54095"}],"wp:featuredmedia":[{"embeddable":true,"href":"https:\/\/all-pets.de\/shop\/wp-json\/wp\/v2\/media\/33681"}],"wp:attachment":[{"href":"https:\/\/all-pets.de\/shop\/wp-json\/wp\/v2\/media?parent=54095"}],"wp:term":[{"taxonomy":"product_cat","embeddable":true,"href":"https:\/\/all-pets.de\/shop\/wp-json\/wp\/v2\/product_cat?post=54095"},{"taxonomy":"product_tag","embeddable":true,"href":"https:\/\/all-pets.de\/shop\/wp-json\/wp\/v2\/product_tag?post=54095"}],"curies":[{"name":"wp","href":"https:\/\/api.w.org\/{rel}","templated":true}]}}