{"id":54098,"date":"2023-12-12T12:48:18","date_gmt":"2023-12-12T11:48:18","guid":{"rendered":"https:\/\/pet-shopping.de\/shop\/produkt\/trixie-napf-set-keramik-holz-2-x-04-l\/"},"modified":"2023-12-12T12:48:18","modified_gmt":"2023-12-12T11:48:18","slug":"trixie-napf-set-keramik-holz-2-x-04-l","status":"publish","type":"product","link":"https:\/\/all-pets.de\/shop\/produkt\/trixie-napf-set-keramik-holz-2-x-04-l\/","title":{"rendered":"Trixie Napf-Set Keramik\/Holz &#8211; 2 x 0,4 l"},"content":{"rendered":"<ul>\n<li>2 Keramikn\u00e4pfe mit Halter<\/li>\n<li>schwerer Napfhalter aus robustem, lackiertem Hartholz (Kautschukbaum)<\/li>\n<li>ger\u00e4uscharm und sicherer Halt durch Silikonnoppen zwischen Napf und Halter<\/li>\n<li>rutschfest durch Gummif\u00fc\u00dfe<\/li>\n<\/ul>\n<p>Ma\u00dfe: 36 x 19 x 7 cm<br \/> mit 2 x 0,4 l N\u00e4pfen, schwarz<\/p>\n","protected":false},"excerpt":{"rendered":"<p>2 Keramikn\u00e4pfe mit Halter schwerer Napfhalter aus robustem, lackiertem Hartholz (Kautschukbaum) ger\u00e4uscharm und sicherer Halt durch Silikonnoppen zwischen Napf und Halter rutschfest durch Gummif\u00fc\u00dfe Ma\u00dfe: 36 x 19 x 7 cm mit 2 x 0,4 l N\u00e4pfen, schwarz<\/p>\n","protected":false},"featured_media":33700,"comment_status":"closed","ping_status":"open","template":"","meta":[],"product_cat":[14136],"product_tag":[],"class_list":{"0":"post-54098","1":"product","2":"type-product","3":"status-publish","4":"has-post-thumbnail","6":"product_cat-futter-wassernaepfe-katzennaepfe-traenken-futter-wassernaepfekatzenwelt-hundenaepfe-traenken","8":"first","9":"instock","10":"taxable","11":"shipping-taxable","12":"purchasable","13":"product-type-simple"},"_links":{"self":[{"href":"https:\/\/all-pets.de\/shop\/wp-json\/wp\/v2\/product\/54098","targetHints":{"allow":["GET"]}}],"collection":[{"href":"https:\/\/all-pets.de\/shop\/wp-json\/wp\/v2\/product"}],"about":[{"href":"https:\/\/all-pets.de\/shop\/wp-json\/wp\/v2\/types\/product"}],"replies":[{"embeddable":true,"href":"https:\/\/all-pets.de\/shop\/wp-json\/wp\/v2\/comments?post=54098"}],"wp:featuredmedia":[{"embeddable":true,"href":"https:\/\/all-pets.de\/shop\/wp-json\/wp\/v2\/media\/33700"}],"wp:attachment":[{"href":"https:\/\/all-pets.de\/shop\/wp-json\/wp\/v2\/media?parent=54098"}],"wp:term":[{"taxonomy":"product_cat","embeddable":true,"href":"https:\/\/all-pets.de\/shop\/wp-json\/wp\/v2\/product_cat?post=54098"},{"taxonomy":"product_tag","embeddable":true,"href":"https:\/\/all-pets.de\/shop\/wp-json\/wp\/v2\/product_tag?post=54098"}],"curies":[{"name":"wp","href":"https:\/\/api.w.org\/{rel}","templated":true}]}}