{"id":54108,"date":"2023-12-12T12:48:19","date_gmt":"2023-12-12T11:48:19","guid":{"rendered":"https:\/\/pet-shopping.de\/shop\/produkt\/catit-silikonmatte-erdnuss-46-x-29-cm-gruen\/"},"modified":"2023-12-12T12:48:19","modified_gmt":"2023-12-12T11:48:19","slug":"catit-silikonmatte-erdnuss-46-x-29-cm-gruen","status":"publish","type":"product","link":"https:\/\/all-pets.de\/shop\/produkt\/catit-silikonmatte-erdnuss-46-x-29-cm-gruen\/","title":{"rendered":"CATIT Silikonmatte Erdnuss &#8211; 46 x 29 cm &#8211; Gr\u00fcn"},"content":{"rendered":"<p><span style=\"font-weight: bold\">Weiche Silikon-Unterlegmatte mit Edelstahl-Napf<\/span><\/p>\n<ul>\n<li>Weiche Silikon-Unterlegmatte mit Rand<\/li>\n<li>Mit integrierter Schlaufe zum einfachen Trocknen oder zur praktischen Lagerung der Matte<\/li>\n<li>Niedriges, schnurrhaarfreundliches Design<\/li>\n<\/ul>\n<p> Gro\u00dfartig in Kombination mit den Catit Trinkbrunnen, dem Catit Multi-Napf und anderen Catit Futtern\u00e4pfen. Das lebensmittelgeeignete Silikon ist flexibel und einfach zu reinigen. <\/p>\n<p>Farbe: Gr\u00fcn<br \/> Gesamtma\u00dfe: ca. <span class=\"entry--content\">46 x 29 x 2,5 cm<\/span><br \/> Ma\u00dfe des Napfes: ca. 2,3 x 13 x 13 cm (HxBxT)<\/p>\n","protected":false},"excerpt":{"rendered":"<p>Weiche Silikon-Unterlegmatte mit Edelstahl-Napf Weiche Silikon-Unterlegmatte mit Rand Mit integrierter Schlaufe zum einfachen Trocknen oder zur praktischen Lagerung der Matte Niedriges, schnurrhaarfreundliches Design Gro\u00dfartig in Kombination mit den Catit Trinkbrunnen, dem Catit Multi-Napf und anderen Catit Futtern\u00e4pfen. Das lebensmittelgeeignete Silikon ist flexibel und einfach zu reinigen. Farbe: Gr\u00fcn Gesamtma\u00dfe: ca. 46 x 29 x 2,5 [&hellip;]<\/p>\n","protected":false},"featured_media":33804,"comment_status":"closed","ping_status":"open","template":"","meta":[],"product_cat":[15732],"product_tag":[],"class_list":{"0":"post-54108","1":"product","2":"type-product","3":"status-publish","4":"has-post-thumbnail","6":"product_cat-napfunterlagen-katzennaepfe-traenken-futter-wassernaepfekatzenwelt-katzennaepfe-traenken","8":"first","9":"instock","10":"taxable","11":"shipping-taxable","12":"purchasable","13":"product-type-simple"},"_links":{"self":[{"href":"https:\/\/all-pets.de\/shop\/wp-json\/wp\/v2\/product\/54108","targetHints":{"allow":["GET"]}}],"collection":[{"href":"https:\/\/all-pets.de\/shop\/wp-json\/wp\/v2\/product"}],"about":[{"href":"https:\/\/all-pets.de\/shop\/wp-json\/wp\/v2\/types\/product"}],"replies":[{"embeddable":true,"href":"https:\/\/all-pets.de\/shop\/wp-json\/wp\/v2\/comments?post=54108"}],"wp:featuredmedia":[{"embeddable":true,"href":"https:\/\/all-pets.de\/shop\/wp-json\/wp\/v2\/media\/33804"}],"wp:attachment":[{"href":"https:\/\/all-pets.de\/shop\/wp-json\/wp\/v2\/media?parent=54108"}],"wp:term":[{"taxonomy":"product_cat","embeddable":true,"href":"https:\/\/all-pets.de\/shop\/wp-json\/wp\/v2\/product_cat?post=54108"},{"taxonomy":"product_tag","embeddable":true,"href":"https:\/\/all-pets.de\/shop\/wp-json\/wp\/v2\/product_tag?post=54108"}],"curies":[{"name":"wp","href":"https:\/\/api.w.org\/{rel}","templated":true}]}}