{"id":54115,"date":"2023-12-12T12:48:19","date_gmt":"2023-12-12T11:48:19","guid":{"rendered":"https:\/\/pet-shopping.de\/shop\/produkt\/trixie-edelstahl-flasche-mit-trinknapf-300-ml\/"},"modified":"2023-12-12T12:48:20","modified_gmt":"2023-12-12T11:48:20","slug":"trixie-edelstahl-flasche-mit-trinknapf-300-ml","status":"publish","type":"product","link":"https:\/\/all-pets.de\/shop\/produkt\/trixie-edelstahl-flasche-mit-trinknapf-300-ml\/","title":{"rendered":"Trixie Edelstahl-Flasche mit Trinknapf &#8211; 300 ml"},"content":{"rendered":"<ul>\n<li>rostfreier Edelstahl\/Kunststoff<\/li>\n<li>praktischer Wasserspender f\u00fcr unterwegs<\/li>\n<li>Form des Deckels erm\u00f6glicht die Nutzung als Trinknapf<\/li>\n<\/ul>\n<p>Inhalt: 300 ml<\/p>\n<p>Erh\u00e4ltlich in mehreren Farben, geliefert wird nach Lagerbestand.<br \/> Eine Farbauswahl ist leider nicht m\u00f6glich.<\/p>\n","protected":false},"excerpt":{"rendered":"<p>rostfreier Edelstahl\/Kunststoff praktischer Wasserspender f\u00fcr unterwegs Form des Deckels erm\u00f6glicht die Nutzung als Trinknapf Inhalt: 300 ml Erh\u00e4ltlich in mehreren Farben, geliefert wird nach Lagerbestand. Eine Farbauswahl ist leider nicht m\u00f6glich.<\/p>\n","protected":false},"featured_media":33881,"comment_status":"closed","ping_status":"open","template":"","meta":[],"product_cat":[15739],"product_tag":[],"class_list":{"0":"post-54115","1":"product","2":"type-product","3":"status-publish","4":"has-post-thumbnail","6":"product_cat-reisenaepfe-hundenaepfe-traenken","8":"first","9":"instock","10":"taxable","11":"shipping-taxable","12":"purchasable","13":"product-type-simple"},"_links":{"self":[{"href":"https:\/\/all-pets.de\/shop\/wp-json\/wp\/v2\/product\/54115","targetHints":{"allow":["GET"]}}],"collection":[{"href":"https:\/\/all-pets.de\/shop\/wp-json\/wp\/v2\/product"}],"about":[{"href":"https:\/\/all-pets.de\/shop\/wp-json\/wp\/v2\/types\/product"}],"replies":[{"embeddable":true,"href":"https:\/\/all-pets.de\/shop\/wp-json\/wp\/v2\/comments?post=54115"}],"wp:featuredmedia":[{"embeddable":true,"href":"https:\/\/all-pets.de\/shop\/wp-json\/wp\/v2\/media\/33881"}],"wp:attachment":[{"href":"https:\/\/all-pets.de\/shop\/wp-json\/wp\/v2\/media?parent=54115"}],"wp:term":[{"taxonomy":"product_cat","embeddable":true,"href":"https:\/\/all-pets.de\/shop\/wp-json\/wp\/v2\/product_cat?post=54115"},{"taxonomy":"product_tag","embeddable":true,"href":"https:\/\/all-pets.de\/shop\/wp-json\/wp\/v2\/product_tag?post=54115"}],"curies":[{"name":"wp","href":"https:\/\/api.w.org\/{rel}","templated":true}]}}