{"id":54124,"date":"2023-12-12T12:48:22","date_gmt":"2023-12-12T11:48:22","guid":{"rendered":"https:\/\/pet-shopping.de\/shop\/produkt\/trixie-steh-auf-snack-ei-8-cm\/"},"modified":"2023-12-12T12:48:23","modified_gmt":"2023-12-12T11:48:23","slug":"trixie-steh-auf-snack-ei-8-cm","status":"publish","type":"product","link":"https:\/\/all-pets.de\/shop\/produkt\/trixie-steh-auf-snack-ei-8-cm\/","title":{"rendered":"Trixie Steh-Auf-Snack-Ei &#8211; 8 cm"},"content":{"rendered":"<p>Das Steh-Auf-Snack-Ei besteht aus Naturgummi und ist mit Leckerbissen bef\u00fcllbar. Durch den Steh-Auf-Effekt und die kleine Leckerlie-\u00d6ffnung wird Ihrem Vierbeiner ein extra langes Spielvergn\u00fcgen geboten. Zudem rollt das Ei leise und springt ungleichm\u00e4\u00dfig, was zus\u00e4tzlich den Jagdtrieb des Hundes anspricht.<\/p>\n<p>Gr\u00f6\u00dfe: ca. 8 cm<\/p>\n<p>Diverse Farben. Eine Farbwahl ist leider nicht m\u00f6glich, da die Farbe je nach Lagerbestand gew\u00e4hlt wird.<\/p>\n","protected":false},"excerpt":{"rendered":"<p>Das Steh-Auf-Snack-Ei besteht aus Naturgummi und ist mit Leckerbissen bef\u00fcllbar. Durch den Steh-Auf-Effekt und die kleine Leckerlie-\u00d6ffnung wird Ihrem Vierbeiner ein extra langes Spielvergn\u00fcgen geboten. Zudem rollt das Ei leise und springt ungleichm\u00e4\u00dfig, was zus\u00e4tzlich den Jagdtrieb des Hundes anspricht. Gr\u00f6\u00dfe: ca. 8 cm Diverse Farben. Eine Farbwahl ist leider nicht m\u00f6glich, da die Farbe [&hellip;]<\/p>\n","protected":false},"featured_media":33957,"comment_status":"closed","ping_status":"open","template":"","meta":[],"product_cat":[15174],"product_tag":[],"class_list":{"0":"post-54124","1":"product","2":"type-product","3":"status-publish","4":"has-post-thumbnail","6":"product_cat-hundebaelle-hundespielzeug-sport-intelligenzhundewelt-hundespielzeug-sport","8":"first","9":"instock","10":"taxable","11":"shipping-taxable","12":"purchasable","13":"product-type-simple"},"_links":{"self":[{"href":"https:\/\/all-pets.de\/shop\/wp-json\/wp\/v2\/product\/54124","targetHints":{"allow":["GET"]}}],"collection":[{"href":"https:\/\/all-pets.de\/shop\/wp-json\/wp\/v2\/product"}],"about":[{"href":"https:\/\/all-pets.de\/shop\/wp-json\/wp\/v2\/types\/product"}],"replies":[{"embeddable":true,"href":"https:\/\/all-pets.de\/shop\/wp-json\/wp\/v2\/comments?post=54124"}],"wp:featuredmedia":[{"embeddable":true,"href":"https:\/\/all-pets.de\/shop\/wp-json\/wp\/v2\/media\/33957"}],"wp:attachment":[{"href":"https:\/\/all-pets.de\/shop\/wp-json\/wp\/v2\/media?parent=54124"}],"wp:term":[{"taxonomy":"product_cat","embeddable":true,"href":"https:\/\/all-pets.de\/shop\/wp-json\/wp\/v2\/product_cat?post=54124"},{"taxonomy":"product_tag","embeddable":true,"href":"https:\/\/all-pets.de\/shop\/wp-json\/wp\/v2\/product_tag?post=54124"}],"curies":[{"name":"wp","href":"https:\/\/api.w.org\/{rel}","templated":true}]}}