{"id":54126,"date":"2023-12-12T12:48:22","date_gmt":"2023-12-12T11:48:22","guid":{"rendered":"https:\/\/pet-shopping.de\/shop\/produkt\/nerf-dog-mega-tuff-tpr-spike-ball-63-cm\/"},"modified":"2023-12-12T12:48:23","modified_gmt":"2023-12-12T11:48:23","slug":"nerf-dog-mega-tuff-tpr-spike-ball-63-cm","status":"publish","type":"product","link":"https:\/\/all-pets.de\/shop\/produkt\/nerf-dog-mega-tuff-tpr-spike-ball-63-cm\/","title":{"rendered":"NERF DOG Mega Tuff TPR Spike Ball &#8211; 6,3 cm"},"content":{"rendered":"<p>Die NERF DOG Hundespielzeuge vereinen optimales und funktionales Design mit speziellen Materialien, die eine intensive Nutzung \u00fcber einen langen Zeitraum erlauben.<\/p>\n<p>Der Mega Tuff Spike Ball besteht aus TPR. Das strapazierf\u00e4hige Material h\u00e4lt auch l\u00e4ngerem Kauen stand und die Rillen und Zacken erleichtern das Greifen f\u00fcr Mensch und Tier und reinigen zus\u00e4tzlich die Hundez\u00e4hne.<\/p>\n<p>Farbe: Blau\/Orange<br \/> Durchmesser: ca. 6,3 cm<\/p>\n","protected":false},"excerpt":{"rendered":"<p>Die NERF DOG Hundespielzeuge vereinen optimales und funktionales Design mit speziellen Materialien, die eine intensive Nutzung \u00fcber einen langen Zeitraum erlauben. Der Mega Tuff Spike Ball besteht aus TPR. Das strapazierf\u00e4hige Material h\u00e4lt auch l\u00e4ngerem Kauen stand und die Rillen und Zacken erleichtern das Greifen f\u00fcr Mensch und Tier und reinigen zus\u00e4tzlich die Hundez\u00e4hne. Farbe: [&hellip;]<\/p>\n","protected":false},"featured_media":33968,"comment_status":"closed","ping_status":"open","template":"","meta":[],"product_cat":[13769],"product_tag":[],"class_list":{"0":"post-54126","1":"product","2":"type-product","3":"status-publish","4":"has-post-thumbnail","6":"product_cat-hundebaelle","8":"first","9":"instock","10":"taxable","11":"shipping-taxable","12":"purchasable","13":"product-type-simple"},"_links":{"self":[{"href":"https:\/\/all-pets.de\/shop\/wp-json\/wp\/v2\/product\/54126","targetHints":{"allow":["GET"]}}],"collection":[{"href":"https:\/\/all-pets.de\/shop\/wp-json\/wp\/v2\/product"}],"about":[{"href":"https:\/\/all-pets.de\/shop\/wp-json\/wp\/v2\/types\/product"}],"replies":[{"embeddable":true,"href":"https:\/\/all-pets.de\/shop\/wp-json\/wp\/v2\/comments?post=54126"}],"wp:featuredmedia":[{"embeddable":true,"href":"https:\/\/all-pets.de\/shop\/wp-json\/wp\/v2\/media\/33968"}],"wp:attachment":[{"href":"https:\/\/all-pets.de\/shop\/wp-json\/wp\/v2\/media?parent=54126"}],"wp:term":[{"taxonomy":"product_cat","embeddable":true,"href":"https:\/\/all-pets.de\/shop\/wp-json\/wp\/v2\/product_cat?post=54126"},{"taxonomy":"product_tag","embeddable":true,"href":"https:\/\/all-pets.de\/shop\/wp-json\/wp\/v2\/product_tag?post=54126"}],"curies":[{"name":"wp","href":"https:\/\/api.w.org\/{rel}","templated":true}]}}