{"id":54129,"date":"2023-12-12T12:48:22","date_gmt":"2023-12-12T11:48:22","guid":{"rendered":"https:\/\/pet-shopping.de\/shop\/produkt\/trixie-rundhaus-aus-kiefernholz-ohne-naegel-gross\/"},"modified":"2023-12-12T12:48:23","modified_gmt":"2023-12-12T11:48:23","slug":"trixie-rundhaus-aus-kiefernholz-ohne-naegel-gross","status":"publish","type":"product","link":"https:\/\/all-pets.de\/shop\/produkt\/trixie-rundhaus-aus-kiefernholz-ohne-naegel-gross\/","title":{"rendered":"Trixie Rundhaus aus Kiefernholz ohne N\u00e4gel &#8211; Gro\u00df"},"content":{"rendered":"<p>Das schicke Holzhaus besteht aus hochwertigem Kiefernholz und ist komplett ohne Klammern und N\u00e4gel, damit Ihr Liebling ohne Gefahr nagen kann. <\/p>\n<p>Geeignet f\u00fcr Kaninchen und \u00e4hnlich gro\u00dfe Tiere.<\/p>\n<p>Ma\u00dfe: 42 \u00d7 20 \u00d7 25 cm<\/p>\n","protected":false},"excerpt":{"rendered":"<p>Das schicke Holzhaus besteht aus hochwertigem Kiefernholz und ist komplett ohne Klammern und N\u00e4gel, damit Ihr Liebling ohne Gefahr nagen kann. Geeignet f\u00fcr Kaninchen und \u00e4hnlich gro\u00dfe Tiere. Ma\u00dfe: 42 \u00d7 20 \u00d7 25 cm<\/p>\n","protected":false},"featured_media":33995,"comment_status":"closed","ping_status":"open","template":"","meta":[],"product_cat":[15724],"product_tag":[],"class_list":{"0":"post-54129","1":"product","2":"type-product","3":"status-publish","4":"has-post-thumbnail","6":"product_cat-holzhaeuser-ausstattung-zubehoer-ausstattung-zubehoerkleintierwelt","8":"first","9":"instock","10":"taxable","11":"shipping-taxable","12":"purchasable","13":"product-type-simple"},"_links":{"self":[{"href":"https:\/\/all-pets.de\/shop\/wp-json\/wp\/v2\/product\/54129","targetHints":{"allow":["GET"]}}],"collection":[{"href":"https:\/\/all-pets.de\/shop\/wp-json\/wp\/v2\/product"}],"about":[{"href":"https:\/\/all-pets.de\/shop\/wp-json\/wp\/v2\/types\/product"}],"replies":[{"embeddable":true,"href":"https:\/\/all-pets.de\/shop\/wp-json\/wp\/v2\/comments?post=54129"}],"wp:featuredmedia":[{"embeddable":true,"href":"https:\/\/all-pets.de\/shop\/wp-json\/wp\/v2\/media\/33995"}],"wp:attachment":[{"href":"https:\/\/all-pets.de\/shop\/wp-json\/wp\/v2\/media?parent=54129"}],"wp:term":[{"taxonomy":"product_cat","embeddable":true,"href":"https:\/\/all-pets.de\/shop\/wp-json\/wp\/v2\/product_cat?post=54129"},{"taxonomy":"product_tag","embeddable":true,"href":"https:\/\/all-pets.de\/shop\/wp-json\/wp\/v2\/product_tag?post=54129"}],"curies":[{"name":"wp","href":"https:\/\/api.w.org\/{rel}","templated":true}]}}