{"id":54130,"date":"2023-12-12T12:48:25","date_gmt":"2023-12-12T11:48:25","guid":{"rendered":"https:\/\/pet-shopping.de\/shop\/produkt\/nerf-dog-tpr-float-tennisball-medium\/"},"modified":"2023-12-12T12:48:25","modified_gmt":"2023-12-12T11:48:25","slug":"nerf-dog-tpr-float-tennisball-medium","status":"publish","type":"product","link":"https:\/\/all-pets.de\/shop\/produkt\/nerf-dog-tpr-float-tennisball-medium\/","title":{"rendered":"NERF DOG TPR Float Tennisball &#8211; Medium"},"content":{"rendered":"<p>NERF DOG Schwimmf\u00e4higer Tennisball<\/p>\n<p>Tennisball mit thermoplastischer Gummischale <\/p>\n<p>Die NERF DOG Hundespielzeuge vereinen optimales und funktionelles Design mit speziellen Materialien, die eine intensive Nutzung \u00fcber einen langen Zeitraum erlauben. Dabei stellen unter anderem eine F\u00fcllung aus Polycotton, Naturkautschuk und 3-fache Nylonn\u00e4hte stundenlangen Spa\u00df mit einem Qualit\u00e4tsspielzeug sicher.<\/p>\n<p>Gr\u00f6\u00dfe: ca. 10,2 cm<\/p>\n<p>Farbe: Diverse Farben<\/p>\n<p><font size=\"1\">(Eine Farbwahl ist leider nicht m\u00f6glich, da die Farbe je nach Lagerbestand gew\u00e4hlt wird.)<\/font> <\/p>\n","protected":false},"excerpt":{"rendered":"<p>NERF DOG Schwimmf\u00e4higer Tennisball Tennisball mit thermoplastischer Gummischale Die NERF DOG Hundespielzeuge vereinen optimales und funktionelles Design mit speziellen Materialien, die eine intensive Nutzung \u00fcber einen langen Zeitraum erlauben. Dabei stellen unter anderem eine F\u00fcllung aus Polycotton, Naturkautschuk und 3-fache Nylonn\u00e4hte stundenlangen Spa\u00df mit einem Qualit\u00e4tsspielzeug sicher. Gr\u00f6\u00dfe: ca. 10,2 cm Farbe: Diverse Farben (Eine [&hellip;]<\/p>\n","protected":false},"featured_media":34015,"comment_status":"closed","ping_status":"open","template":"","meta":[],"product_cat":[15512],"product_tag":[],"class_list":{"0":"post-54130","1":"product","2":"type-product","3":"status-publish","4":"has-post-thumbnail","6":"product_cat-aqua-spielzeug-hundespielzeug-sport-hundebaellehundewelt-hundespielzeug-sport-hundespielzeug-sporthundewelt","8":"first","9":"instock","10":"taxable","11":"shipping-taxable","12":"purchasable","13":"product-type-simple"},"_links":{"self":[{"href":"https:\/\/all-pets.de\/shop\/wp-json\/wp\/v2\/product\/54130","targetHints":{"allow":["GET"]}}],"collection":[{"href":"https:\/\/all-pets.de\/shop\/wp-json\/wp\/v2\/product"}],"about":[{"href":"https:\/\/all-pets.de\/shop\/wp-json\/wp\/v2\/types\/product"}],"replies":[{"embeddable":true,"href":"https:\/\/all-pets.de\/shop\/wp-json\/wp\/v2\/comments?post=54130"}],"wp:featuredmedia":[{"embeddable":true,"href":"https:\/\/all-pets.de\/shop\/wp-json\/wp\/v2\/media\/34015"}],"wp:attachment":[{"href":"https:\/\/all-pets.de\/shop\/wp-json\/wp\/v2\/media?parent=54130"}],"wp:term":[{"taxonomy":"product_cat","embeddable":true,"href":"https:\/\/all-pets.de\/shop\/wp-json\/wp\/v2\/product_cat?post=54130"},{"taxonomy":"product_tag","embeddable":true,"href":"https:\/\/all-pets.de\/shop\/wp-json\/wp\/v2\/product_tag?post=54130"}],"curies":[{"name":"wp","href":"https:\/\/api.w.org\/{rel}","templated":true}]}}