{"id":54131,"date":"2023-12-12T12:48:25","date_gmt":"2023-12-12T11:48:25","guid":{"rendered":"https:\/\/pet-shopping.de\/shop\/produkt\/nerf-dog-tuff-tug-blau\/"},"modified":"2023-12-12T12:48:25","modified_gmt":"2023-12-12T11:48:25","slug":"nerf-dog-tuff-tug-blau","status":"publish","type":"product","link":"https:\/\/all-pets.de\/shop\/produkt\/nerf-dog-tuff-tug-blau\/","title":{"rendered":"NERF DOG Tuff Tug &#8211; Blau"},"content":{"rendered":"<p>NERF DOG Gummispielzeug mit Tau<\/p>\n<p>Der NERF DOG Tuff Tug besteht aus wiederstandsf\u00e4higem Gummi mit Tau und ist bestens f\u00fcr Ziehspiele mit Ihrem Liebling geeignet.<\/p>\n<p>Die NERF DOG Hundespielzeuge vereinen optimales und funktionelles Design mit speziellen Materialien, die eine intensive Nutzung \u00fcber einen langen Zeitraum erlauben. Dabei stellen unter anderem eine F\u00fcllung aus Polycotton, Naturkautschuk und 3-fache Nylonn\u00e4hte stundenlangen Spa\u00df mit einem Qualit\u00e4tsspielzeug sicher<\/p>\n<p>Farbe: Blau<\/p>\n","protected":false},"excerpt":{"rendered":"<p>NERF DOG Gummispielzeug mit Tau Der NERF DOG Tuff Tug besteht aus wiederstandsf\u00e4higem Gummi mit Tau und ist bestens f\u00fcr Ziehspiele mit Ihrem Liebling geeignet. Die NERF DOG Hundespielzeuge vereinen optimales und funktionelles Design mit speziellen Materialien, die eine intensive Nutzung \u00fcber einen langen Zeitraum erlauben. Dabei stellen unter anderem eine F\u00fcllung aus Polycotton, Naturkautschuk [&hellip;]<\/p>\n","protected":false},"featured_media":34027,"comment_status":"closed","ping_status":"open","template":"","meta":[],"product_cat":[15740],"product_tag":[],"class_list":{"0":"post-54131","1":"product","2":"type-product","3":"status-publish","4":"has-post-thumbnail","6":"product_cat-weitere-spielzeuge-hundespielzeug-sport-hundespielzeug-sporthundewelt","8":"first","9":"instock","10":"taxable","11":"shipping-taxable","12":"purchasable","13":"product-type-simple"},"_links":{"self":[{"href":"https:\/\/all-pets.de\/shop\/wp-json\/wp\/v2\/product\/54131","targetHints":{"allow":["GET"]}}],"collection":[{"href":"https:\/\/all-pets.de\/shop\/wp-json\/wp\/v2\/product"}],"about":[{"href":"https:\/\/all-pets.de\/shop\/wp-json\/wp\/v2\/types\/product"}],"replies":[{"embeddable":true,"href":"https:\/\/all-pets.de\/shop\/wp-json\/wp\/v2\/comments?post=54131"}],"wp:featuredmedia":[{"embeddable":true,"href":"https:\/\/all-pets.de\/shop\/wp-json\/wp\/v2\/media\/34027"}],"wp:attachment":[{"href":"https:\/\/all-pets.de\/shop\/wp-json\/wp\/v2\/media?parent=54131"}],"wp:term":[{"taxonomy":"product_cat","embeddable":true,"href":"https:\/\/all-pets.de\/shop\/wp-json\/wp\/v2\/product_cat?post=54131"},{"taxonomy":"product_tag","embeddable":true,"href":"https:\/\/all-pets.de\/shop\/wp-json\/wp\/v2\/product_tag?post=54131"}],"curies":[{"name":"wp","href":"https:\/\/api.w.org\/{rel}","templated":true}]}}