{"id":54137,"date":"2023-12-12T12:48:25","date_gmt":"2023-12-12T11:48:25","guid":{"rendered":"https:\/\/pet-shopping.de\/shop\/produkt\/viking-antler-hard-rothirschgeweih-l\/"},"modified":"2023-12-12T12:48:26","modified_gmt":"2023-12-12T11:48:26","slug":"viking-antler-hard-rothirschgeweih-l","status":"publish","type":"product","link":"https:\/\/all-pets.de\/shop\/produkt\/viking-antler-hard-rothirschgeweih-l\/","title":{"rendered":"Viking Antler Hard Rothirschgeweih &#8211; L"},"content":{"rendered":"<p><span>Rothirschgeweih f\u00fcr Hunde &#8211; auch ANTLER HARD genannt &#8211; in PREMIUM Qualit\u00e4t!<br \/>Die Viking Chews Antlers Hard sind St\u00fccke von Rothirschgeweihen speziell f\u00fcr Hunde, um das nat\u00fcrliche Kaubed\u00fcrfnis zu befriedigen. Hard bedeutet 1ganzes Geweihst\u00fcck.\u00a0<\/p>\n<p>Hundehaben ein nat\u00fcrliches Bed\u00fcrfnis zu kauen. Sie halten so die Z\u00e4hne sauber,und gleichzeitig wird im Gehirn der Stoff Endorphine produziert.\u00a0<br \/>Das Rothirschgeweih von Viking Chews kommt aus Europa und ist zu 100% rein,langlebig und nat\u00fcrlich. Nach der Paarungszeit werden sie von denm\u00e4nnlichen Hirschen freigegeben und fallen zu Boden. <br \/>Sie werdengeernet und dann 70 Minuten lang unter hei\u00dfem Dampf von nicht wenigerals 120 Grad gereinigt. Das Rothirschgewei wird dann auf die richtigeGr\u00f6\u00dfe ges\u00e4gt und sorgf\u00e4ltig poliert, so dass keine scharfen Kantenzur\u00fcckbleiben und ein sicheres, hochwertiges Kauspielzeug f\u00fcr Hundeentsteht!\u00a0<\/p>\n<p>Die Viking ChewAntlers sind f\u00fcr Hunde attraktiv wegens seines schmackhaften undnat\u00fcrlichen Geruchs. Ihre Z\u00e4hne werden gereinigt, weil beim Kauen derZahnbelag vom Geweih abgeschabt wird. Die Antlers enth\u00e4lten keineZusatzstoffe und sind reich an Mineralien.\u00a0\u00a0<\/p>\n<p>Vorteile<\/span><\/p>\n<p><span><\/span><\/p>\n<ul>\n<li>\n<p><span>LANGLEBIG &#8211; Sie halte viel l\u00e4nger als normale Kaustangen, Holzknochen, Rohhaut etc.\u00a0<\/span><\/p>\n<\/li>\n<li>\n<p><span>SICHER &#8211; Die einzigartige Art der Reinigung und Politur schafft einen Premium-Kauartikel f\u00fcr den Hund. <\/span><\/p>\n<p><span>Das Geweih des Rothirsches ist daf\u00fcr bekannt, dass es nicht splittert.\u00a0<\/span><\/p>\n<\/li>\n<li>\n<p><span>GESUND &#8211; Enth\u00e4lt viele nat\u00fcrliche N\u00e4hrstoffe und Mineralien und ist sehr reich an Kalzium.\u00a0<\/span><\/p>\n<p><span>Aufgrund des einzigartigen Herstellungsverfahrens ist das Hirschgeweih vonViking Chews frei von Chemikalien. Au\u00dferdem tr\u00e4gt es zu einem gesundenKiefer und Zahnfleisch bei und reinigt die Z\u00e4hne.\u00a0<\/span><\/p>\n<\/li>\n<li>\n<p><span>NAT\u00dcRLICHER GERUCH &#8211; Einzigartige Art der Reinigung verst\u00e4rkt den authentischen Geschmack und Geruch des Geweihs.\u00a0<\/span><\/p>\n<\/li>\n<li>\n<p><span>100% NATURPRODUKT -Verantwortungsvoll und nat\u00fcrlich geerntet, und es werden keineChemikalien zur Reinigung des Geweihs verwendet, im Gegensatz zu vielenanderen Geweihen.\u00a0<\/span><\/p>\n<\/li>\n<li>\n<p><span>GEEIGNET F\u00dcR STARKE KAUER &#8211; Besonders das Geweih des Rothirschs ist bekannt f\u00fcr seine Haltbarkeit und Sicherheit als Kauartikel f\u00fcrHunde!\u00a0<\/span><\/p>\n<\/li>\n<\/ul>\n<p><span><\/span><\/p>\n<p><span>Die Viking Antlers Hard sind geeignet f\u00fcr<\/span><\/p>\n<p><span><\/span><\/p>\n<ul>\n<li>\n<p><span>Alle Hunde mit einem Kaubedarf <\/span><\/p>\n<\/li>\n<li>\n<p><span>F\u00fcr Hunde, die alles zerkauen, ist dieses Geweih wirklich ein Geschenk des Himmels <\/span><\/p>\n<\/li>\n<li>\n<p><span>Perfekt f\u00fcr Hunde, die empfindlich auf Futterallergien reagieren oder ein schwieriges Verdauungssystem haben <\/span><\/p>\n<\/li>\n<li>\n<p><span>Bei Hunden, die \u00fcbergewichtig sind, reduziert das Kauen des Geweihs den Appetit.\u00a0<\/span><\/p>\n<\/li>\n<\/ul>\n<p><span><\/span><\/p>\n<p><span>Analytische Bestandteile<br \/>Rohasche 55%, Rohprotein 37%, Rohfaser 2%, Rohfett 0,1%, Feuchte 9%, Calcium21%, Phosphor 8%, Eisen 195 mg\/kg, Magnesium 5240 mg\/kg.<\/span><\/p>\n<p><span><\/span><\/p>\n<p><span>Als Snack oder Belohnung bereitstellen.\u00a0<br \/>Nat\u00fcrliches Material. Das Geweih hat oft eine andere Farbe und Form.\u00a0<br \/>Nur unter Aufsicht verwenden. Entfernen Sie das Geweih, wenn es zu klein wird und verschluckt werden kann.\u00a0<\/span><\/p>\n<p><span><\/span><\/p>\n<p><span>Gr\u00f6\u00dfe:<br \/>L &#8211; geeignet f\u00fcr Hunde von 15 &#8211; 35 kg<br \/><\/span><\/p>\n","protected":false},"excerpt":{"rendered":"<p>Rothirschgeweih f\u00fcr Hunde &#8211; auch ANTLER HARD genannt &#8211; in PREMIUM Qualit\u00e4t!Die Viking Chews Antlers Hard sind St\u00fccke von Rothirschgeweihen speziell f\u00fcr Hunde, um das nat\u00fcrliche Kaubed\u00fcrfnis zu befriedigen. Hard bedeutet 1ganzes Geweihst\u00fcck.\u00a0 Hundehaben ein nat\u00fcrliches Bed\u00fcrfnis zu kauen. Sie halten so die Z\u00e4hne sauber,und gleichzeitig wird im Gehirn der Stoff Endorphine produziert.\u00a0Das Rothirschgeweih von [&hellip;]<\/p>\n","protected":false},"featured_media":54134,"comment_status":"closed","ping_status":"open","template":"","meta":[],"product_cat":[15342],"product_tag":[],"class_list":{"0":"post-54137","1":"product","2":"type-product","3":"status-publish","4":"has-post-thumbnail","6":"product_cat-viking","8":"first","9":"instock","10":"taxable","11":"shipping-taxable","12":"purchasable","13":"product-type-simple"},"_links":{"self":[{"href":"https:\/\/all-pets.de\/shop\/wp-json\/wp\/v2\/product\/54137","targetHints":{"allow":["GET"]}}],"collection":[{"href":"https:\/\/all-pets.de\/shop\/wp-json\/wp\/v2\/product"}],"about":[{"href":"https:\/\/all-pets.de\/shop\/wp-json\/wp\/v2\/types\/product"}],"replies":[{"embeddable":true,"href":"https:\/\/all-pets.de\/shop\/wp-json\/wp\/v2\/comments?post=54137"}],"wp:featuredmedia":[{"embeddable":true,"href":"https:\/\/all-pets.de\/shop\/wp-json\/wp\/v2\/media\/54134"}],"wp:attachment":[{"href":"https:\/\/all-pets.de\/shop\/wp-json\/wp\/v2\/media?parent=54137"}],"wp:term":[{"taxonomy":"product_cat","embeddable":true,"href":"https:\/\/all-pets.de\/shop\/wp-json\/wp\/v2\/product_cat?post=54137"},{"taxonomy":"product_tag","embeddable":true,"href":"https:\/\/all-pets.de\/shop\/wp-json\/wp\/v2\/product_tag?post=54137"}],"curies":[{"name":"wp","href":"https:\/\/api.w.org\/{rel}","templated":true}]}}