{"id":54148,"date":"2023-12-12T12:48:31","date_gmt":"2023-12-12T11:48:31","guid":{"rendered":"https:\/\/pet-shopping.de\/shop\/produkt\/lebon-hundebett-louis-plus-braun-120-x-90-cm\/"},"modified":"2023-12-12T12:48:31","modified_gmt":"2023-12-12T11:48:31","slug":"lebon-hundebett-louis-plus-braun-120-x-90-cm","status":"publish","type":"product","link":"https:\/\/all-pets.de\/shop\/produkt\/lebon-hundebett-louis-plus-braun-120-x-90-cm\/","title":{"rendered":"Lebon Hundebett Louis PLUS &#8211; Braun &#8211; 120 x 90 cm"},"content":{"rendered":"<p>Die orthop\u00e4dischen Hundebetten Louis PLUS haben die besondere Eigenschaft des Memory Effekt<br \/>(Visco- bzw. Memory Foam). Der orthop\u00e4dische Liegekern passt sich dem K\u00f6rper des Hundes an und entlastet somit alle sehr beanspruchten Druckstellen. Nach kurzer Zeit nimmt das Material seine Ursprungsform wieder an. Pr\u00e4ventiv bei jungen oder<br \/>bereits \u00e4lteren Hunden bietet die zus\u00e4tzliche Visco-elastische Auflage die perfekte Beschaffenheit, f\u00fcr einen<br \/>erholsamen und gesunden Schlaf.<\/p>\n<p><strong>Dieses Premium-Bett bietet f\u00fcr alle Hunde einen optimalen Liegekomfort.<\/strong><\/p>\n<ul>\n<li>Mit Rei\u00dfverschluss<\/li>\n<li>Feucht Abwaschbar (Pflegeleicht)<\/li>\n<li>Extraweiche F\u00fcllung &#038; Extra hoher Rand<\/li>\n<li>Maschinew\u00e4sche bis 40\u00b0Grad<\/li>\n<li>High Quality<\/li>\n<li>Memory Foam<\/li>\n<\/ul>\n<\/p>\n<p>Farbe: Braun<\/p>\n<p>Ma\u00dfe:<\/p>\n<p>Au\u00dfenma\u00dfe (BxTxH): ca. <span class=\"markedContent\" id=\"page2558R_mcid93\"><span style=\"left: calc(var(--scale-factor)*326.23px)  top: calc(var(--scale-factor)*362.11px)  font-size: calc(var(--scale-factor)*8.04px)  font-family: sans-serif  transform: scaleX(1.02574) \" role=\"presentation\" dir=\"ltr\">120 x 90 <\/span><span style=\"left: calc(var(--scale-factor)*352.15px)  top: calc(var(--scale-factor)*362.11px)  font-size: calc(var(--scale-factor)*8.04px)  font-family: sans-serif  transform: scaleX(1.005) \" role=\"presentation\" dir=\"ltr\">x 25<\/span><span style=\"left: calc(var(--scale-factor)*364.81px)  top: calc(var(--scale-factor)*362.11px)  font-size: calc(var(--scale-factor)*8.04px)  font-family: sans-serif \" role=\"presentation\" dir=\"ltr\"> <\/span><span style=\"left: calc(var(--scale-factor)*367.27px)  top: calc(var(--scale-factor)*362.11px)  font-size: calc(var(--scale-factor)*8.04px)  font-family: sans-serif  transform: scaleX(0.969781) \" role=\"presentation\" dir=\"ltr\">cm<\/span><\/span><\/p>\n<p>Innenma\u00dfe (BxT): ca. <span class=\"markedContent\" id=\"page2558R_mcid56\"><span style=\"left: calc(var(--scale-factor)*367.27px)  top: calc(var(--scale-factor)*295.75px)  font-size: calc(var(--scale-factor)*8.04px)  font-family: sans-serif  transform: scaleX(0.969781) \" role=\"presentation\" dir=\"ltr\"><\/span><span style=\"left: calc(var(--scale-factor)*377.74px)  top: calc(var(--scale-factor)*295.75px)  font-size: calc(var(--scale-factor)*8.04px)  font-family: sans-serif \" role=\"presentation\" dir=\"ltr\"> <\/span><\/span><span class=\"markedContent\" id=\"page2558R_mcid93\"><span style=\"left: calc(var(--scale-factor)*367.27px)  top: calc(var(--scale-factor)*362.11px)  font-size: calc(var(--scale-factor)*8.04px)  font-family: sans-serif  transform: scaleX(0.969781) \" role=\"presentation\" dir=\"ltr\"><\/span><span style=\"left: calc(var(--scale-factor)*377.74px)  top: calc(var(--scale-factor)*362.11px)  font-size: calc(var(--scale-factor)*8.04px)  font-family: sans-serif \" role=\"presentation\" dir=\"ltr\"> <\/span><span style=\"left: calc(var(--scale-factor)*380.23px)  top: calc(var(--scale-factor)*362.11px)  font-size: calc(var(--scale-factor)*8.04px)  font-family: sans-serif  transform: scaleX(1.02438) \" role=\"presentation\" dir=\"ltr\">90 x 55 cm<\/span><\/span><\/p>\n<p><\/p>\n<p><\/p><\/p>\n","protected":false},"excerpt":{"rendered":"<p>Die orthop\u00e4dischen Hundebetten Louis PLUS haben die besondere Eigenschaft des Memory Effekt(Visco- bzw. Memory Foam). Der orthop\u00e4dische Liegekern passt sich dem K\u00f6rper des Hundes an und entlastet somit alle sehr beanspruchten Druckstellen. Nach kurzer Zeit nimmt das Material seine Ursprungsform wieder an. Pr\u00e4ventiv bei jungen oderbereits \u00e4lteren Hunden bietet die zus\u00e4tzliche Visco-elastische Auflage die perfekte [&hellip;]<\/p>\n","protected":false},"featured_media":54146,"comment_status":"closed","ping_status":"open","template":"","meta":[],"product_cat":[15113],"product_tag":[],"class_list":{"0":"post-54148","1":"product","2":"type-product","3":"status-publish","4":"has-post-thumbnail","6":"product_cat-hundebetten-hundekissen-betten-koerbe","8":"first","9":"instock","10":"taxable","11":"shipping-taxable","12":"purchasable","13":"product-type-simple"},"_links":{"self":[{"href":"https:\/\/all-pets.de\/shop\/wp-json\/wp\/v2\/product\/54148","targetHints":{"allow":["GET"]}}],"collection":[{"href":"https:\/\/all-pets.de\/shop\/wp-json\/wp\/v2\/product"}],"about":[{"href":"https:\/\/all-pets.de\/shop\/wp-json\/wp\/v2\/types\/product"}],"replies":[{"embeddable":true,"href":"https:\/\/all-pets.de\/shop\/wp-json\/wp\/v2\/comments?post=54148"}],"wp:featuredmedia":[{"embeddable":true,"href":"https:\/\/all-pets.de\/shop\/wp-json\/wp\/v2\/media\/54146"}],"wp:attachment":[{"href":"https:\/\/all-pets.de\/shop\/wp-json\/wp\/v2\/media?parent=54148"}],"wp:term":[{"taxonomy":"product_cat","embeddable":true,"href":"https:\/\/all-pets.de\/shop\/wp-json\/wp\/v2\/product_cat?post=54148"},{"taxonomy":"product_tag","embeddable":true,"href":"https:\/\/all-pets.de\/shop\/wp-json\/wp\/v2\/product_tag?post=54148"}],"curies":[{"name":"wp","href":"https:\/\/api.w.org\/{rel}","templated":true}]}}