{"id":54180,"date":"2023-12-12T12:48:38","date_gmt":"2023-12-12T11:48:38","guid":{"rendered":"https:\/\/pet-shopping.de\/shop\/produkt\/trixie-bett-jimmy-taupe-85-x-75-cm\/"},"modified":"2023-12-12T12:48:38","modified_gmt":"2023-12-12T11:48:38","slug":"trixie-bett-jimmy-taupe-85-x-75-cm","status":"publish","type":"product","link":"https:\/\/all-pets.de\/shop\/produkt\/trixie-bett-jimmy-taupe-85-x-75-cm\/","title":{"rendered":"Trixie Bett Jimmy &#8211; taupe &#8211; 85 \u00d7 75 cm"},"content":{"rendered":"<ul>\n<li>Softpl\u00fcsch<\/li>\n<li>Polyester-Bezug<\/li>\n<li>Schaumstoff-F\u00fcllung<\/li>\n<li>mit Wendekissen<\/li>\n<li>rutschfester Boden<\/li>\n<li>per Handw\u00e4sche zu reinigen<\/li>\n<li>Farbe: taupe<\/li>\n<li>Ma\u00dfe: ca. 85 x 75 cm<\/li>\n<\/ul>\n","protected":false},"excerpt":{"rendered":"<p>Softpl\u00fcsch Polyester-Bezug Schaumstoff-F\u00fcllung mit Wendekissen rutschfester Boden per Handw\u00e4sche zu reinigen Farbe: taupe Ma\u00dfe: ca. 85 x 75 cm<\/p>\n","protected":false},"featured_media":54173,"comment_status":"closed","ping_status":"open","template":"","meta":[],"product_cat":[15113],"product_tag":[],"class_list":{"0":"post-54180","1":"product","2":"type-product","3":"status-publish","4":"has-post-thumbnail","6":"product_cat-hundebetten-hundekissen-betten-koerbe","8":"first","9":"instock","10":"taxable","11":"shipping-taxable","12":"purchasable","13":"product-type-simple"},"_links":{"self":[{"href":"https:\/\/all-pets.de\/shop\/wp-json\/wp\/v2\/product\/54180","targetHints":{"allow":["GET"]}}],"collection":[{"href":"https:\/\/all-pets.de\/shop\/wp-json\/wp\/v2\/product"}],"about":[{"href":"https:\/\/all-pets.de\/shop\/wp-json\/wp\/v2\/types\/product"}],"replies":[{"embeddable":true,"href":"https:\/\/all-pets.de\/shop\/wp-json\/wp\/v2\/comments?post=54180"}],"wp:featuredmedia":[{"embeddable":true,"href":"https:\/\/all-pets.de\/shop\/wp-json\/wp\/v2\/media\/54173"}],"wp:attachment":[{"href":"https:\/\/all-pets.de\/shop\/wp-json\/wp\/v2\/media?parent=54180"}],"wp:term":[{"taxonomy":"product_cat","embeddable":true,"href":"https:\/\/all-pets.de\/shop\/wp-json\/wp\/v2\/product_cat?post=54180"},{"taxonomy":"product_tag","embeddable":true,"href":"https:\/\/all-pets.de\/shop\/wp-json\/wp\/v2\/product_tag?post=54180"}],"curies":[{"name":"wp","href":"https:\/\/api.w.org\/{rel}","templated":true}]}}