{"id":54182,"date":"2023-12-12T12:48:38","date_gmt":"2023-12-12T11:48:38","guid":{"rendered":"https:\/\/pet-shopping.de\/shop\/produkt\/flexi-new-classic-neon-gurt-roll-leine-s-orange\/"},"modified":"2023-12-12T12:48:38","modified_gmt":"2023-12-12T11:48:38","slug":"flexi-new-classic-neon-gurt-roll-leine-s-orange","status":"publish","type":"product","link":"https:\/\/all-pets.de\/shop\/produkt\/flexi-new-classic-neon-gurt-roll-leine-s-orange\/","title":{"rendered":"Flexi New Classic Neon Gurt-Roll-Leine &#8211; S \/ Orange"},"content":{"rendered":"<p>Diese Gurt-Roll-Leine des bekannten Qualit\u00e4tsherstellers Flexi ist mit dem Kurzhub-Bremssystem ausgestattet und f\u00e4llt mit dem schwazen Geh\u00e4use und der stark reflektierenden neonfarbenen Komponente sofort ins Auge.<\/p>\n<p>Ab Gr\u00f6\u00dfe S ist die Leine mit einem reflektierenden Streifen best\u00fcckt und nach Belieben durch die Flexi Multi Box und das LED Lightning System erweiterbar.<\/p>\n<p>Gr\u00f6\u00dfe S hat eine L\u00e4nge von 5 m und ist f\u00fcr Hunde bis zu 15 kg K\u00f6rpergewicht geeignet.<\/p>\n<p>Farbe: Neonorange<\/p>\n","protected":false},"excerpt":{"rendered":"<p>Diese Gurt-Roll-Leine des bekannten Qualit\u00e4tsherstellers Flexi ist mit dem Kurzhub-Bremssystem ausgestattet und f\u00e4llt mit dem schwazen Geh\u00e4use und der stark reflektierenden neonfarbenen Komponente sofort ins Auge. Ab Gr\u00f6\u00dfe S ist die Leine mit einem reflektierenden Streifen best\u00fcckt und nach Belieben durch die Flexi Multi Box und das LED Lightning System erweiterbar. Gr\u00f6\u00dfe S hat eine [&hellip;]<\/p>\n","protected":false},"featured_media":34187,"comment_status":"closed","ping_status":"open","template":"","meta":[],"product_cat":[15321],"product_tag":[],"class_list":{"0":"post-54182","1":"product","2":"type-product","3":"status-publish","4":"has-post-thumbnail","6":"product_cat-roll-leinen","8":"first","9":"instock","10":"taxable","11":"shipping-taxable","12":"purchasable","13":"product-type-simple"},"_links":{"self":[{"href":"https:\/\/all-pets.de\/shop\/wp-json\/wp\/v2\/product\/54182","targetHints":{"allow":["GET"]}}],"collection":[{"href":"https:\/\/all-pets.de\/shop\/wp-json\/wp\/v2\/product"}],"about":[{"href":"https:\/\/all-pets.de\/shop\/wp-json\/wp\/v2\/types\/product"}],"replies":[{"embeddable":true,"href":"https:\/\/all-pets.de\/shop\/wp-json\/wp\/v2\/comments?post=54182"}],"wp:featuredmedia":[{"embeddable":true,"href":"https:\/\/all-pets.de\/shop\/wp-json\/wp\/v2\/media\/34187"}],"wp:attachment":[{"href":"https:\/\/all-pets.de\/shop\/wp-json\/wp\/v2\/media?parent=54182"}],"wp:term":[{"taxonomy":"product_cat","embeddable":true,"href":"https:\/\/all-pets.de\/shop\/wp-json\/wp\/v2\/product_cat?post=54182"},{"taxonomy":"product_tag","embeddable":true,"href":"https:\/\/all-pets.de\/shop\/wp-json\/wp\/v2\/product_tag?post=54182"}],"curies":[{"name":"wp","href":"https:\/\/api.w.org\/{rel}","templated":true}]}}