{"id":54196,"date":"2023-12-12T12:48:39","date_gmt":"2023-12-12T11:48:39","guid":{"rendered":"https:\/\/pet-shopping.de\/shop\/produkt\/karlie-flamingo-edelstahlnapf-mit-schraubbefestigung-580-ml\/"},"modified":"2023-12-12T12:48:40","modified_gmt":"2023-12-12T11:48:40","slug":"karlie-flamingo-edelstahlnapf-mit-schraubbefestigung-580-ml","status":"publish","type":"product","link":"https:\/\/all-pets.de\/shop\/produkt\/karlie-flamingo-edelstahlnapf-mit-schraubbefestigung-580-ml\/","title":{"rendered":"Karlie Flamingo Edelstahlnapf mit Schraubbefestigung &#8211; 580 ml"},"content":{"rendered":"<div>&#8211; Aus Edelstahl\u00a0<\/div>\n<div>&#8211; mit Schraubbefestigung zum Einbau in das K\u00e4figgitter<br \/> &#8211; geeignet f\u00fcr Nager und V\u00f6gel<br \/> &#8211; Fassungsverm\u00f6gen: ca. 580 ml<\/div>\n","protected":false},"excerpt":{"rendered":"<p>&#8211; Aus Edelstahl\u00a0 &#8211; mit Schraubbefestigung zum Einbau in das K\u00e4figgitter &#8211; geeignet f\u00fcr Nager und V\u00f6gel &#8211; Fassungsverm\u00f6gen: ca. 580 ml<\/p>\n","protected":false},"featured_media":34215,"comment_status":"closed","ping_status":"open","template":"","meta":[],"product_cat":[15742],"product_tag":[],"class_list":{"0":"post-54196","1":"product","2":"type-product","3":"status-publish","4":"has-post-thumbnail","6":"product_cat-vogelnaepfe-vogeltraenken-ausstattung-zubehoer-kleintiernaepfevogelwelt","8":"first","9":"instock","10":"taxable","11":"shipping-taxable","12":"purchasable","13":"product-type-simple"},"_links":{"self":[{"href":"https:\/\/all-pets.de\/shop\/wp-json\/wp\/v2\/product\/54196","targetHints":{"allow":["GET"]}}],"collection":[{"href":"https:\/\/all-pets.de\/shop\/wp-json\/wp\/v2\/product"}],"about":[{"href":"https:\/\/all-pets.de\/shop\/wp-json\/wp\/v2\/types\/product"}],"replies":[{"embeddable":true,"href":"https:\/\/all-pets.de\/shop\/wp-json\/wp\/v2\/comments?post=54196"}],"wp:featuredmedia":[{"embeddable":true,"href":"https:\/\/all-pets.de\/shop\/wp-json\/wp\/v2\/media\/34215"}],"wp:attachment":[{"href":"https:\/\/all-pets.de\/shop\/wp-json\/wp\/v2\/media?parent=54196"}],"wp:term":[{"taxonomy":"product_cat","embeddable":true,"href":"https:\/\/all-pets.de\/shop\/wp-json\/wp\/v2\/product_cat?post=54196"},{"taxonomy":"product_tag","embeddable":true,"href":"https:\/\/all-pets.de\/shop\/wp-json\/wp\/v2\/product_tag?post=54196"}],"curies":[{"name":"wp","href":"https:\/\/api.w.org\/{rel}","templated":true}]}}