{"id":54202,"date":"2023-12-12T12:48:41","date_gmt":"2023-12-12T11:48:41","guid":{"rendered":"https:\/\/pet-shopping.de\/shop\/produkt\/trixie-fahrrad-anhaenger-fuer-hunde-grau-schwarz-s\/"},"modified":"2023-12-12T12:48:41","modified_gmt":"2023-12-12T11:48:41","slug":"trixie-fahrrad-anhaenger-fuer-hunde-grau-schwarz-s","status":"publish","type":"product","link":"https:\/\/all-pets.de\/shop\/produkt\/trixie-fahrrad-anhaenger-fuer-hunde-grau-schwarz-s\/","title":{"rendered":"Trixie Fahrrad-Anh\u00e4nger f\u00fcr Hunde &#8211; grau\/schwarz &#8211; S"},"content":{"rendered":"<ul>\n<li>sekundenschneller Auf- und Abbau dank Schnell-Falt-Funktion<\/li>\n<li>R\u00e4der mit Schnellbefestigungssystem<\/li>\n<li>oberer und vorderer Netz-Einsatz mit Regenschutz abdeckbar<\/li>\n<li>mit Heckt\u00fcr<\/li>\n<li>Kissen mit viscoelastischem Schaum<\/li>\n<li>herausnehmbare Bodenplatte mit Anti-Rutsch-Bezug<\/li>\n<li>mit integrierter Kurzleine<\/li>\n<li>mit diversen Taschen und Getr\u00e4nkehaltern<\/li>\n<li>mit beidseitiger Feststellbremse<\/li>\n<li>reflektierende Elemente<\/li>\n<li>Signalwimpel mit reflektierendem Motiv<\/li>\n<li>inklusive Anh\u00e4ngerkupplung<\/li>\n<li>durch Schnell-Click-Funktion einfacher Umbau zum Jogger m\u00f6glich<\/li>\n<li>mit h\u00f6henverstellbarem Griff<\/li>\n<li>Frontrad zum Jogger-Umbau separat erh\u00e4ltlich (Artikel 12795)<\/li>\n<li>rostfreier Stahl, Polyester-Bezug<\/li>\n<li>Farbe: grau\/schwarz<\/li>\n<li>tierschutzkonform nach \u00a7 18 (AT)<\/li>\n<li>wasserabweisendes Material<\/li>\n<li>Gr\u00f6\u00dfe S: Ma\u00dfe: ca. 58 \u00d7 93 \u00d7 74\/114 cm<\/li>\n<li>Artikelgewicht: ca. 11 kg<\/li>\n<li>f\u00fcr Hunde bis zu: 15 kg<\/li>\n<li>H\u00f6he: 93 cm<\/li>\n<\/ul>\n","protected":false},"excerpt":{"rendered":"<p>sekundenschneller Auf- und Abbau dank Schnell-Falt-Funktion R\u00e4der mit Schnellbefestigungssystem oberer und vorderer Netz-Einsatz mit Regenschutz abdeckbar mit Heckt\u00fcr Kissen mit viscoelastischem Schaum herausnehmbare Bodenplatte mit Anti-Rutsch-Bezug mit integrierter Kurzleine mit diversen Taschen und Getr\u00e4nkehaltern mit beidseitiger Feststellbremse reflektierende Elemente Signalwimpel mit reflektierendem Motiv inklusive Anh\u00e4ngerkupplung durch Schnell-Click-Funktion einfacher Umbau zum Jogger m\u00f6glich mit h\u00f6henverstellbarem Griff [&hellip;]<\/p>\n","protected":false},"featured_media":34287,"comment_status":"closed","ping_status":"open","template":"","meta":[],"product_cat":[13843],"product_tag":[],"class_list":{"0":"post-54202","1":"product","2":"type-product","3":"status-publish","4":"has-post-thumbnail","6":"product_cat-rad-und-joggingzubehoer","8":"first","9":"instock","10":"taxable","11":"shipping-taxable","12":"purchasable","13":"product-type-simple"},"_links":{"self":[{"href":"https:\/\/all-pets.de\/shop\/wp-json\/wp\/v2\/product\/54202","targetHints":{"allow":["GET"]}}],"collection":[{"href":"https:\/\/all-pets.de\/shop\/wp-json\/wp\/v2\/product"}],"about":[{"href":"https:\/\/all-pets.de\/shop\/wp-json\/wp\/v2\/types\/product"}],"replies":[{"embeddable":true,"href":"https:\/\/all-pets.de\/shop\/wp-json\/wp\/v2\/comments?post=54202"}],"wp:featuredmedia":[{"embeddable":true,"href":"https:\/\/all-pets.de\/shop\/wp-json\/wp\/v2\/media\/34287"}],"wp:attachment":[{"href":"https:\/\/all-pets.de\/shop\/wp-json\/wp\/v2\/media?parent=54202"}],"wp:term":[{"taxonomy":"product_cat","embeddable":true,"href":"https:\/\/all-pets.de\/shop\/wp-json\/wp\/v2\/product_cat?post=54202"},{"taxonomy":"product_tag","embeddable":true,"href":"https:\/\/all-pets.de\/shop\/wp-json\/wp\/v2\/product_tag?post=54202"}],"curies":[{"name":"wp","href":"https:\/\/api.w.org\/{rel}","templated":true}]}}