{"id":54241,"date":"2023-12-12T12:48:44","date_gmt":"2023-12-12T11:48:44","guid":{"rendered":"https:\/\/pet-shopping.de\/shop\/produkt\/trixie-flash-leuchtring-usb-aus-silikon-rot\/"},"modified":"2023-12-12T12:48:48","modified_gmt":"2023-12-12T11:48:48","slug":"trixie-flash-leuchtring-usb-aus-silikon-rot","status":"publish","type":"product","link":"https:\/\/all-pets.de\/shop\/produkt\/trixie-flash-leuchtring-usb-aus-silikon-rot\/","title":{"rendered":"Trixie Flash Leuchtring USB aus Silikon &#8211; rot"},"content":{"rendered":"<ul>\n<li>Silikon\/Kunststoff<\/li>\n<li>wiederaufladbar<\/li>\n<li>bis zu 3,5 Stunden Blinklicht, bis zu 1,5 Stunden Dauerlicht<\/li>\n<li>spritzwassergesch\u00fctzt<\/li>\n<li>mit Click-Verschluss<\/li>\n<li>individuelle Gr\u00f6\u00dfenanpassung durch einfaches Zuschneiden<\/li>\n<li>inkl. USB-Kabel (USB-Adapter separat erh\u00e4ltlich: Artikel 12709)<\/li>\n<li>bis zu 400m sichtbar<\/li>\n<li>Gr\u00f6\u00dfe XS-XL (Gesamtl\u00e4nge ca. 70 cm (k\u00fcrzbar) \/ Durchmesser ca. 10 mm)<\/li>\n<li>Farbe: rot<\/li>\n<\/ul>\n","protected":false},"excerpt":{"rendered":"<p>Silikon\/Kunststoff wiederaufladbar bis zu 3,5 Stunden Blinklicht, bis zu 1,5 Stunden Dauerlicht spritzwassergesch\u00fctzt mit Click-Verschluss individuelle Gr\u00f6\u00dfenanpassung durch einfaches Zuschneiden inkl. USB-Kabel (USB-Adapter separat erh\u00e4ltlich: Artikel 12709) bis zu 400m sichtbar Gr\u00f6\u00dfe XS-XL (Gesamtl\u00e4nge ca. 70 cm (k\u00fcrzbar) \/ Durchmesser ca. 10 mm) Farbe: rot<\/p>\n","protected":false},"featured_media":54242,"comment_status":"closed","ping_status":"open","template":"","meta":[],"product_cat":[14642],"product_tag":[],"class_list":{"0":"post-54241","1":"product","2":"type-product","3":"status-publish","4":"has-post-thumbnail","6":"product_cat-sicherheit-unterwegs-hundeadressanhaenger-blinkerhundewelt-halsbaender-leinen-reflektierendhundewelt-halsbaender-leinen","8":"first","9":"instock","10":"taxable","11":"shipping-taxable","12":"purchasable","13":"product-type-simple"},"_links":{"self":[{"href":"https:\/\/all-pets.de\/shop\/wp-json\/wp\/v2\/product\/54241","targetHints":{"allow":["GET"]}}],"collection":[{"href":"https:\/\/all-pets.de\/shop\/wp-json\/wp\/v2\/product"}],"about":[{"href":"https:\/\/all-pets.de\/shop\/wp-json\/wp\/v2\/types\/product"}],"replies":[{"embeddable":true,"href":"https:\/\/all-pets.de\/shop\/wp-json\/wp\/v2\/comments?post=54241"}],"wp:featuredmedia":[{"embeddable":true,"href":"https:\/\/all-pets.de\/shop\/wp-json\/wp\/v2\/media\/54242"}],"wp:attachment":[{"href":"https:\/\/all-pets.de\/shop\/wp-json\/wp\/v2\/media?parent=54241"}],"wp:term":[{"taxonomy":"product_cat","embeddable":true,"href":"https:\/\/all-pets.de\/shop\/wp-json\/wp\/v2\/product_cat?post=54241"},{"taxonomy":"product_tag","embeddable":true,"href":"https:\/\/all-pets.de\/shop\/wp-json\/wp\/v2\/product_tag?post=54241"}],"curies":[{"name":"wp","href":"https:\/\/api.w.org\/{rel}","templated":true}]}}