{"id":54257,"date":"2023-12-12T12:48:52","date_gmt":"2023-12-12T11:48:52","guid":{"rendered":"https:\/\/pet-shopping.de\/shop\/produkt\/trixie-flash-reflect-halsband-schwarz-gelb-l-xl-55-70cm\/"},"modified":"2023-12-12T12:48:52","modified_gmt":"2023-12-12T11:48:52","slug":"trixie-flash-reflect-halsband-schwarz-gelb-l-xl-55-70cm","status":"publish","type":"product","link":"https:\/\/all-pets.de\/shop\/produkt\/trixie-flash-reflect-halsband-schwarz-gelb-l-xl-55-70cm\/","title":{"rendered":"Trixie Flash + Reflect Halsband &#8211; Schwarz-Gelb &#8211; L-XL: 55-70cm"},"content":{"rendered":"<p>Mehr Sicherheit f\u00fcr Mensch und Tier!<\/p>\n<p>Vorallem in den Herbst- und Wintermonaten sollten Sie darauf achten, dass sowohl Sie als auch Ihr Hund f\u00fcr Autofahrer sofort sichtbar sind, um Unf\u00e4lle zu vermeiden. Das Flash Halsband vom Qualit\u00e4tshersteller Trixie besteht aus strapazierf\u00e4higem Nylon und besitzt zwei Leuchtfunktionen: Blink- oder Dauerlicht. Zus\u00e4tzlich ist das Halsband auch reflektierend.<\/p>\n<p>Die Sichtweite betr\u00e4gt bis zu 500 m. Das Halsband wird inklusive Batterie geliefert (f\u00fcr ca. 200 Stunden Blinklicht\/ca. 70 Stunden Dauerlicht). Selbstverst\u00e4ndlich ist das Halsband spritzwassergesch\u00fctzt und stufenlos verstellbar.<\/p>\n<p>Farbe: Schwarz\/Gelb<br \/> Gr\u00f6\u00dfe L-XL: ca. 55-70 cm \/ 35 mm (L\u00e4nge\/Breite)<\/p>\n","protected":false},"excerpt":{"rendered":"<p>Mehr Sicherheit f\u00fcr Mensch und Tier! Vorallem in den Herbst- und Wintermonaten sollten Sie darauf achten, dass sowohl Sie als auch Ihr Hund f\u00fcr Autofahrer sofort sichtbar sind, um Unf\u00e4lle zu vermeiden. Das Flash Halsband vom Qualit\u00e4tshersteller Trixie besteht aus strapazierf\u00e4higem Nylon und besitzt zwei Leuchtfunktionen: Blink- oder Dauerlicht. Zus\u00e4tzlich ist das Halsband auch reflektierend. [&hellip;]<\/p>\n","protected":false},"featured_media":34476,"comment_status":"closed","ping_status":"open","template":"","meta":[],"product_cat":[15462],"product_tag":[],"class_list":{"0":"post-54257","1":"product","2":"type-product","3":"status-publish","4":"has-post-thumbnail","6":"product_cat-sicherheit-unterwegs-nylonhalsbaenderhundewelt-halsbaender-halsbaender-leinen-reflektierendhundewelt-halsbaender-leinen","8":"first","9":"instock","10":"taxable","11":"shipping-taxable","12":"purchasable","13":"product-type-simple"},"_links":{"self":[{"href":"https:\/\/all-pets.de\/shop\/wp-json\/wp\/v2\/product\/54257","targetHints":{"allow":["GET"]}}],"collection":[{"href":"https:\/\/all-pets.de\/shop\/wp-json\/wp\/v2\/product"}],"about":[{"href":"https:\/\/all-pets.de\/shop\/wp-json\/wp\/v2\/types\/product"}],"replies":[{"embeddable":true,"href":"https:\/\/all-pets.de\/shop\/wp-json\/wp\/v2\/comments?post=54257"}],"wp:featuredmedia":[{"embeddable":true,"href":"https:\/\/all-pets.de\/shop\/wp-json\/wp\/v2\/media\/34476"}],"wp:attachment":[{"href":"https:\/\/all-pets.de\/shop\/wp-json\/wp\/v2\/media?parent=54257"}],"wp:term":[{"taxonomy":"product_cat","embeddable":true,"href":"https:\/\/all-pets.de\/shop\/wp-json\/wp\/v2\/product_cat?post=54257"},{"taxonomy":"product_tag","embeddable":true,"href":"https:\/\/all-pets.de\/shop\/wp-json\/wp\/v2\/product_tag?post=54257"}],"curies":[{"name":"wp","href":"https:\/\/api.w.org\/{rel}","templated":true}]}}