{"id":54260,"date":"2023-12-12T12:48:54","date_gmt":"2023-12-12T11:48:54","guid":{"rendered":"https:\/\/pet-shopping.de\/shop\/produkt\/trixie-salz-mineralstein-mit-halter-1-stueck-84-g\/"},"modified":"2023-12-12T12:48:54","modified_gmt":"2023-12-12T11:48:54","slug":"trixie-salz-mineralstein-mit-halter-1-stueck-84-g","status":"publish","type":"product","link":"https:\/\/all-pets.de\/shop\/produkt\/trixie-salz-mineralstein-mit-halter-1-stueck-84-g\/","title":{"rendered":"Trixie Salz-Mineralstein mit Halter &#8211; 1 St\u00fcck \/ 84 g"},"content":{"rendered":"<p>Mineralfuttermittel f\u00fcr Heimtiere<\/p>\n<p>Dieser Salz-Mineralstein f\u00fcr Nager und Kleintiere versorgt Ihren Liebling mit lebenswichtigen Salzen und Mineralien, die im normalen Futter nicht ausreichend vorhanden sind. Der Mineralstein ist die optimale Nahrungserg\u00e4nzung. Er unterst\u00fctzt ein gesundes Immunsystem und sollte besonders w\u00e4hrend des Fellwechsels in keinem K\u00e4fig fehlen. Inklusive praktischer Halterung f\u00fcr alle K\u00e4figgitter.<\/p>\n<p>1 Mineralstein mit 84g. Geeignet f\u00fcr Kaninchen, Chinchillas, Meerschweinchen und andere Kleintiere.<\/p>\n<p>Inhaltsstoffe: Natrium 40%  Phosphor 0,08%.<\/p>\n<p>Die Farbe der Halterung kann vom Bild abweichen.<\/p>\n","protected":false},"excerpt":{"rendered":"<p>Mineralfuttermittel f\u00fcr Heimtiere Dieser Salz-Mineralstein f\u00fcr Nager und Kleintiere versorgt Ihren Liebling mit lebenswichtigen Salzen und Mineralien, die im normalen Futter nicht ausreichend vorhanden sind. Der Mineralstein ist die optimale Nahrungserg\u00e4nzung. Er unterst\u00fctzt ein gesundes Immunsystem und sollte besonders w\u00e4hrend des Fellwechsels in keinem K\u00e4fig fehlen. Inklusive praktischer Halterung f\u00fcr alle K\u00e4figgitter. 1 Mineralstein mit [&hellip;]<\/p>\n","protected":false},"featured_media":54261,"comment_status":"closed","ping_status":"open","template":"","meta":[],"product_cat":[14655],"product_tag":[],"class_list":{"0":"post-54260","1":"product","2":"type-product","3":"status-publish","4":"has-post-thumbnail","6":"product_cat-nagersteine","8":"first","9":"instock","10":"taxable","11":"shipping-taxable","12":"purchasable","13":"product-type-simple"},"_links":{"self":[{"href":"https:\/\/all-pets.de\/shop\/wp-json\/wp\/v2\/product\/54260","targetHints":{"allow":["GET"]}}],"collection":[{"href":"https:\/\/all-pets.de\/shop\/wp-json\/wp\/v2\/product"}],"about":[{"href":"https:\/\/all-pets.de\/shop\/wp-json\/wp\/v2\/types\/product"}],"replies":[{"embeddable":true,"href":"https:\/\/all-pets.de\/shop\/wp-json\/wp\/v2\/comments?post=54260"}],"wp:featuredmedia":[{"embeddable":true,"href":"https:\/\/all-pets.de\/shop\/wp-json\/wp\/v2\/media\/54261"}],"wp:attachment":[{"href":"https:\/\/all-pets.de\/shop\/wp-json\/wp\/v2\/media?parent=54260"}],"wp:term":[{"taxonomy":"product_cat","embeddable":true,"href":"https:\/\/all-pets.de\/shop\/wp-json\/wp\/v2\/product_cat?post=54260"},{"taxonomy":"product_tag","embeddable":true,"href":"https:\/\/all-pets.de\/shop\/wp-json\/wp\/v2\/product_tag?post=54260"}],"curies":[{"name":"wp","href":"https:\/\/api.w.org\/{rel}","templated":true}]}}