{"id":54269,"date":"2023-12-12T12:48:54","date_gmt":"2023-12-12T11:48:54","guid":{"rendered":"https:\/\/pet-shopping.de\/shop\/produkt\/trixie-top-trainer-ausbildungsgeschirr-max-27-cm\/"},"modified":"2023-12-12T12:48:55","modified_gmt":"2023-12-12T11:48:55","slug":"trixie-top-trainer-ausbildungsgeschirr-max-27-cm","status":"publish","type":"product","link":"https:\/\/all-pets.de\/shop\/produkt\/trixie-top-trainer-ausbildungsgeschirr-max-27-cm\/","title":{"rendered":"Trixie Top Trainer Ausbildungsgeschirr &#8211; max. 27 cm"},"content":{"rendered":"<p>Das Top Trainer Ausbildungsgeschirr ist die optimale Erziehungshilfe.<\/p>\n<p>Top Trainer simuliert den hundetypischen Schauzengriff, der dazu dient, den Rang zu kl\u00e4ren und Sicherheit zu vermitteln. Die Befestigung am Kopf des Hundes erm\u00f6glicht schon durch leichte Kraftanwendung ein sicheres Halten des Tieres. Durch leichtes Ziehen kann der Blickkontakt des Hundes z.B. zu einem anderen Tier unterbrochen werden.. Der Kopf wird dadurch in Richtung Hundef\u00fchrer gedreht, so dass Befehle wieder entgegengenommen werden k\u00f6nnen. <\/p>\n<p>Bei der Ausbildung mit dem Top Trainer kann auf eine normale Verl\u00e4ngerungsleine zugegriffen werden. Dabei wird der gro\u00dfe Karabinerhaken am normalen Halsband Ihres Hundes befestigt und der kleine Haken am Ausbildungsgeschirr.<\/p>\n<p>Um die richtige Gr\u00f6\u00dfe f\u00fcr Ihren Hund herauszufinden, messen Sie den Schauzenumfang Ihres Hundes.<\/p>\n<p>Gr\u00f6\u00dfe M\/2: <br \/> Schnauzenumfang max. 27 cm<br \/> Nackenband: ca. 40-48 cm<br \/> Geeignet z.B. f\u00fcr Border Collie, Beagle, Husky<\/p>\n","protected":false},"excerpt":{"rendered":"<p>Das Top Trainer Ausbildungsgeschirr ist die optimale Erziehungshilfe. Top Trainer simuliert den hundetypischen Schauzengriff, der dazu dient, den Rang zu kl\u00e4ren und Sicherheit zu vermitteln. Die Befestigung am Kopf des Hundes erm\u00f6glicht schon durch leichte Kraftanwendung ein sicheres Halten des Tieres. Durch leichtes Ziehen kann der Blickkontakt des Hundes z.B. zu einem anderen Tier unterbrochen [&hellip;]<\/p>\n","protected":false},"featured_media":34559,"comment_status":"closed","ping_status":"open","template":"","meta":[],"product_cat":[15426],"product_tag":[],"class_list":{"0":"post-54269","1":"product","2":"type-product","3":"status-publish","4":"has-post-thumbnail","6":"product_cat-erziehungs-hilfen","8":"first","9":"instock","10":"taxable","11":"shipping-taxable","12":"purchasable","13":"product-type-simple"},"_links":{"self":[{"href":"https:\/\/all-pets.de\/shop\/wp-json\/wp\/v2\/product\/54269","targetHints":{"allow":["GET"]}}],"collection":[{"href":"https:\/\/all-pets.de\/shop\/wp-json\/wp\/v2\/product"}],"about":[{"href":"https:\/\/all-pets.de\/shop\/wp-json\/wp\/v2\/types\/product"}],"replies":[{"embeddable":true,"href":"https:\/\/all-pets.de\/shop\/wp-json\/wp\/v2\/comments?post=54269"}],"wp:featuredmedia":[{"embeddable":true,"href":"https:\/\/all-pets.de\/shop\/wp-json\/wp\/v2\/media\/34559"}],"wp:attachment":[{"href":"https:\/\/all-pets.de\/shop\/wp-json\/wp\/v2\/media?parent=54269"}],"wp:term":[{"taxonomy":"product_cat","embeddable":true,"href":"https:\/\/all-pets.de\/shop\/wp-json\/wp\/v2\/product_cat?post=54269"},{"taxonomy":"product_tag","embeddable":true,"href":"https:\/\/all-pets.de\/shop\/wp-json\/wp\/v2\/product_tag?post=54269"}],"curies":[{"name":"wp","href":"https:\/\/api.w.org\/{rel}","templated":true}]}}