{"id":54273,"date":"2023-12-12T12:48:56","date_gmt":"2023-12-12T11:48:56","guid":{"rendered":"https:\/\/pet-shopping.de\/shop\/produkt\/trixie-knoblauch-pellets-3kg\/"},"modified":"2023-12-12T12:48:56","modified_gmt":"2023-12-12T11:48:56","slug":"trixie-knoblauch-pellets-3kg","status":"publish","type":"product","link":"https:\/\/all-pets.de\/shop\/produkt\/trixie-knoblauch-pellets-3kg\/","title":{"rendered":"Trixie Knoblauch-Pellets &#8211; 3kg"},"content":{"rendered":"<p>Eigenschaften:<br \/> \u2022 die nat\u00fcrlichen Wirkstoffe des Knoblauchs f\u00f6rdern\u00a0 auf\u00a0 der Haut des Tieres ein Umfeld, das von Ungeziefer gemieden wird<br \/> \u2022 f\u00f6rdert die Gesundheit des Herz-Kreislauf-Systems\u00a0 <\/p>\n<p>Anwendungsgebiet: <br \/> \u2022 Ungeziefer- und Zeckenbefall <br \/> \u2022 Probleme mit dem Herz-Kreislauf-System<\/p>\n<p>F\u00fctterungsempfehlung: <br \/> 1\u20132 Teel\u00f6ffel pro 10 kg K\u00f6rpergewicht\/Tag. Die F\u00fctterungsempfehlung darf nicht \u00fcberschritten werden, da \u00fcberm\u00e4\u00dfiger Verzehr gesundheitssch\u00e4dlich ist. Wir empfehlen die kurweise Anwendung \u00fcber mehrere Wochen.<\/p>\n<p>Zusammensetzung: Getreide, pflanzliche Nebenerzeugnisse, Knoblauch (5 %), Fleisch und tierische Nebenerzeugnisse, Fisch und Fischnebenerzeugnisse, Milch und Molkereierzeugnisse, \u00d6le und Fette<\/p>\n<p>Inhaltsstoffe: Protein\u00a0 22,1 %, Rohasche\u00a0 7,1 %, Fettgehalt\u00a0 4,5 %, Rohfaser\u00a0 4,6 %, Calcium\u00a0 1,5 %, Phosphor\u00a0 0,8 % .<\/p>\n<p>Ern\u00e4hrungsphysiologische\u00a0 Zusatzstoffe \/ kg: Vitamin A\u00a0 25.000IE, Vitamin D3\u00a0 1.000 IE, Vitamin E\u00a0 125 g, Vitamin B1\u00a0 30 mg, Vitamin B2\u00a0 20 mg, Vitamin B6\u00a0 15 mg, Eisen\u00a0 37 mg, Kupfer\u00a0 3,3 mg, Mangan\u00a0 43 mg, Zink\u00a0\u00a0 36 mg<\/p>\n<p> Inhalt: 3kg<\/p>\n","protected":false},"excerpt":{"rendered":"<p>Eigenschaften: \u2022 die nat\u00fcrlichen Wirkstoffe des Knoblauchs f\u00f6rdern\u00a0 auf\u00a0 der Haut des Tieres ein Umfeld, das von Ungeziefer gemieden wird \u2022 f\u00f6rdert die Gesundheit des Herz-Kreislauf-Systems\u00a0 Anwendungsgebiet: \u2022 Ungeziefer- und Zeckenbefall \u2022 Probleme mit dem Herz-Kreislauf-System F\u00fctterungsempfehlung: 1\u20132 Teel\u00f6ffel pro 10 kg K\u00f6rpergewicht\/Tag. Die F\u00fctterungsempfehlung darf nicht \u00fcberschritten werden, da \u00fcberm\u00e4\u00dfiger Verzehr gesundheitssch\u00e4dlich ist. Wir [&hellip;]<\/p>\n","protected":false},"featured_media":54274,"comment_status":"closed","ping_status":"open","template":"","meta":[],"product_cat":[14412],"product_tag":[],"class_list":{"0":"post-54273","1":"product","2":"type-product","3":"status-publish","4":"has-post-thumbnail","6":"product_cat-futterergaenzung-hundewelt","8":"first","9":"instock","10":"taxable","11":"shipping-taxable","12":"purchasable","13":"product-type-simple"},"_links":{"self":[{"href":"https:\/\/all-pets.de\/shop\/wp-json\/wp\/v2\/product\/54273","targetHints":{"allow":["GET"]}}],"collection":[{"href":"https:\/\/all-pets.de\/shop\/wp-json\/wp\/v2\/product"}],"about":[{"href":"https:\/\/all-pets.de\/shop\/wp-json\/wp\/v2\/types\/product"}],"replies":[{"embeddable":true,"href":"https:\/\/all-pets.de\/shop\/wp-json\/wp\/v2\/comments?post=54273"}],"wp:featuredmedia":[{"embeddable":true,"href":"https:\/\/all-pets.de\/shop\/wp-json\/wp\/v2\/media\/54274"}],"wp:attachment":[{"href":"https:\/\/all-pets.de\/shop\/wp-json\/wp\/v2\/media?parent=54273"}],"wp:term":[{"taxonomy":"product_cat","embeddable":true,"href":"https:\/\/all-pets.de\/shop\/wp-json\/wp\/v2\/product_cat?post=54273"},{"taxonomy":"product_tag","embeddable":true,"href":"https:\/\/all-pets.de\/shop\/wp-json\/wp\/v2\/product_tag?post=54273"}],"curies":[{"name":"wp","href":"https:\/\/api.w.org\/{rel}","templated":true}]}}