{"id":54277,"date":"2023-12-12T12:48:56","date_gmt":"2023-12-12T11:48:56","guid":{"rendered":"https:\/\/pet-shopping.de\/shop\/produkt\/trixie-vorleger-fuer-katzentoiletten-anthrazit-40-x-60-cm\/"},"modified":"2023-12-12T12:48:57","modified_gmt":"2023-12-12T11:48:57","slug":"trixie-vorleger-fuer-katzentoiletten-anthrazit-40-x-60-cm","status":"publish","type":"product","link":"https:\/\/all-pets.de\/shop\/produkt\/trixie-vorleger-fuer-katzentoiletten-anthrazit-40-x-60-cm\/","title":{"rendered":"Trixie Vorleger f\u00fcr Katzentoiletten, anthrazit &#8211; 40 x 60 cm"},"content":{"rendered":"<p>Der Vorleger aus PVC befreit die Pfoten Ihrer Katze beim Verlassen der Katzentoilette von Streu. Somit wird das Verteilen der Katzenstreu verhindert und die Umgebung bleibt sauber. Der rutschfeste und weiche Vorleger eignet sich optimal besonders f\u00fcr empfindliche Katzenpfoten. Passend f\u00fcr alle Katzentoiletten und auch f\u00fcr Ultrastreu geeignet. Mit niedleichem Pfotenabdruck verziert.<\/p>\n<p>Ma\u00dfe: ca. 40 x 60 cm<br \/> Farbe: Anthrazit<\/p>\n","protected":false},"excerpt":{"rendered":"<p>Der Vorleger aus PVC befreit die Pfoten Ihrer Katze beim Verlassen der Katzentoilette von Streu. Somit wird das Verteilen der Katzenstreu verhindert und die Umgebung bleibt sauber. Der rutschfeste und weiche Vorleger eignet sich optimal besonders f\u00fcr empfindliche Katzenpfoten. Passend f\u00fcr alle Katzentoiletten und auch f\u00fcr Ultrastreu geeignet. Mit niedleichem Pfotenabdruck verziert. Ma\u00dfe: ca. 40 [&hellip;]<\/p>\n","protected":false},"featured_media":34569,"comment_status":"closed","ping_status":"open","template":"","meta":[],"product_cat":[14219],"product_tag":[],"class_list":{"0":"post-54277","1":"product","2":"type-product","3":"status-publish","4":"has-post-thumbnail","6":"product_cat-toiletten-zubehoer","8":"first","9":"instock","10":"taxable","11":"shipping-taxable","12":"purchasable","13":"product-type-simple"},"_links":{"self":[{"href":"https:\/\/all-pets.de\/shop\/wp-json\/wp\/v2\/product\/54277","targetHints":{"allow":["GET"]}}],"collection":[{"href":"https:\/\/all-pets.de\/shop\/wp-json\/wp\/v2\/product"}],"about":[{"href":"https:\/\/all-pets.de\/shop\/wp-json\/wp\/v2\/types\/product"}],"replies":[{"embeddable":true,"href":"https:\/\/all-pets.de\/shop\/wp-json\/wp\/v2\/comments?post=54277"}],"wp:featuredmedia":[{"embeddable":true,"href":"https:\/\/all-pets.de\/shop\/wp-json\/wp\/v2\/media\/34569"}],"wp:attachment":[{"href":"https:\/\/all-pets.de\/shop\/wp-json\/wp\/v2\/media?parent=54277"}],"wp:term":[{"taxonomy":"product_cat","embeddable":true,"href":"https:\/\/all-pets.de\/shop\/wp-json\/wp\/v2\/product_cat?post=54277"},{"taxonomy":"product_tag","embeddable":true,"href":"https:\/\/all-pets.de\/shop\/wp-json\/wp\/v2\/product_tag?post=54277"}],"curies":[{"name":"wp","href":"https:\/\/api.w.org\/{rel}","templated":true}]}}