{"id":54322,"date":"2023-12-12T12:49:04","date_gmt":"2023-12-12T11:49:04","guid":{"rendered":"https:\/\/pet-shopping.de\/shop\/produkt\/trixie-katzentoilette-berto-top-mit-trennsystem-taupe-helltaupe\/"},"modified":"2023-12-12T12:49:05","modified_gmt":"2023-12-12T11:49:05","slug":"trixie-katzentoilette-berto-top-mit-trennsystem-taupe-helltaupe","status":"publish","type":"product","link":"https:\/\/all-pets.de\/shop\/produkt\/trixie-katzentoilette-berto-top-mit-trennsystem-taupe-helltaupe\/","title":{"rendered":"Trixie Katzentoilette Berto Top mit Trennsystem &#8211; taupe\/helltaupe"},"content":{"rendered":"<ul>\n<li>mit Haube, Schwingt\u00fcr und Tragegriff<\/li>\n<li>Aktivkohlefilter neutralisiert unangenehme Ger\u00fcche<\/li>\n<li>2 Unterschalen und 1 Siebeinsatz f\u00fcr schnelles und einfaches Reinigen der Toilette<\/li>\n<li>Easy Click-Verschl\u00fcsse zum schnellen \u00d6ffnen und Verschlie\u00dfen<\/li>\n<li>hygienisches Trennsystem<\/li>\n<li>sparsam im Streuverbrauch<\/li>\n<li> Ma\u00dfe: ca. 39 \u00d7 42 \u00d7 59 cm<\/li>\n<\/ul>\n<div>Farbe: taupe\/taupe\/helltaupe<\/div>\n","protected":false},"excerpt":{"rendered":"<p>mit Haube, Schwingt\u00fcr und Tragegriff Aktivkohlefilter neutralisiert unangenehme Ger\u00fcche 2 Unterschalen und 1 Siebeinsatz f\u00fcr schnelles und einfaches Reinigen der Toilette Easy Click-Verschl\u00fcsse zum schnellen \u00d6ffnen und Verschlie\u00dfen hygienisches Trennsystem sparsam im Streuverbrauch Ma\u00dfe: ca. 39 \u00d7 42 \u00d7 59 cm Farbe: taupe\/taupe\/helltaupe<\/p>\n","protected":false},"featured_media":34987,"comment_status":"closed","ping_status":"open","template":"","meta":[],"product_cat":[13941],"product_tag":[],"class_list":{"0":"post-54322","1":"product","2":"type-product","3":"status-publish","4":"has-post-thumbnail","6":"product_cat-katzentoiletten","8":"first","9":"instock","10":"taxable","11":"shipping-taxable","12":"purchasable","13":"product-type-simple"},"_links":{"self":[{"href":"https:\/\/all-pets.de\/shop\/wp-json\/wp\/v2\/product\/54322","targetHints":{"allow":["GET"]}}],"collection":[{"href":"https:\/\/all-pets.de\/shop\/wp-json\/wp\/v2\/product"}],"about":[{"href":"https:\/\/all-pets.de\/shop\/wp-json\/wp\/v2\/types\/product"}],"replies":[{"embeddable":true,"href":"https:\/\/all-pets.de\/shop\/wp-json\/wp\/v2\/comments?post=54322"}],"wp:featuredmedia":[{"embeddable":true,"href":"https:\/\/all-pets.de\/shop\/wp-json\/wp\/v2\/media\/34987"}],"wp:attachment":[{"href":"https:\/\/all-pets.de\/shop\/wp-json\/wp\/v2\/media?parent=54322"}],"wp:term":[{"taxonomy":"product_cat","embeddable":true,"href":"https:\/\/all-pets.de\/shop\/wp-json\/wp\/v2\/product_cat?post=54322"},{"taxonomy":"product_tag","embeddable":true,"href":"https:\/\/all-pets.de\/shop\/wp-json\/wp\/v2\/product_tag?post=54322"}],"curies":[{"name":"wp","href":"https:\/\/api.w.org\/{rel}","templated":true}]}}