{"id":54324,"date":"2023-12-12T12:49:07","date_gmt":"2023-12-12T11:49:07","guid":{"rendered":"https:\/\/pet-shopping.de\/shop\/produkt\/trixie-xmas-halstuch-s-55-cm\/"},"modified":"2023-12-12T12:49:07","modified_gmt":"2023-12-12T11:49:07","slug":"trixie-xmas-halstuch-s-55-cm","status":"publish","type":"product","link":"https:\/\/all-pets.de\/shop\/produkt\/trixie-xmas-halstuch-s-55-cm\/","title":{"rendered":"Trixie Xmas Halstuch &#8211; S \/ 55 cm"},"content":{"rendered":"<div class=\"mb-3 row\">\n<div class=\"col\">\n<ul>\n<li>\n<ul>\n<ul>\n<li>Samt-Optik\/Pl\u00fcsch (Polyester)<\/li>\n<li>durch Knoten stufenlos verstellbar<\/li>\n<li>Gr\u00f6\u00dfe S: ca. 55 cm<\/li>\n<\/ul>\n<\/ul>\n<\/li>\n<\/ul>\n<\/div>\n<\/div>\n","protected":false},"excerpt":{"rendered":"<p>Samt-Optik\/Pl\u00fcsch (Polyester) durch Knoten stufenlos verstellbar Gr\u00f6\u00dfe S: ca. 55 cm<\/p>\n","protected":false},"featured_media":54325,"comment_status":"closed","ping_status":"open","template":"","meta":[],"product_cat":[14098],"product_tag":[],"class_list":{"0":"post-54324","1":"product","2":"type-product","3":"status-publish","4":"has-post-thumbnail","6":"product_cat-hunde-x-mas","8":"first","9":"instock","10":"taxable","11":"shipping-taxable","12":"purchasable","13":"product-type-simple"},"_links":{"self":[{"href":"https:\/\/all-pets.de\/shop\/wp-json\/wp\/v2\/product\/54324","targetHints":{"allow":["GET"]}}],"collection":[{"href":"https:\/\/all-pets.de\/shop\/wp-json\/wp\/v2\/product"}],"about":[{"href":"https:\/\/all-pets.de\/shop\/wp-json\/wp\/v2\/types\/product"}],"replies":[{"embeddable":true,"href":"https:\/\/all-pets.de\/shop\/wp-json\/wp\/v2\/comments?post=54324"}],"wp:featuredmedia":[{"embeddable":true,"href":"https:\/\/all-pets.de\/shop\/wp-json\/wp\/v2\/media\/54325"}],"wp:attachment":[{"href":"https:\/\/all-pets.de\/shop\/wp-json\/wp\/v2\/media?parent=54324"}],"wp:term":[{"taxonomy":"product_cat","embeddable":true,"href":"https:\/\/all-pets.de\/shop\/wp-json\/wp\/v2\/product_cat?post=54324"},{"taxonomy":"product_tag","embeddable":true,"href":"https:\/\/all-pets.de\/shop\/wp-json\/wp\/v2\/product_tag?post=54324"}],"curies":[{"name":"wp","href":"https:\/\/api.w.org\/{rel}","templated":true}]}}