{"id":54328,"date":"2023-12-12T12:49:07","date_gmt":"2023-12-12T11:49:07","guid":{"rendered":"https:\/\/pet-shopping.de\/shop\/produkt\/pet-star-leine-passend-zum-pet-star-softgeschirr-netzgeschirr-rot\/"},"modified":"2023-12-12T12:49:08","modified_gmt":"2023-12-12T11:49:08","slug":"pet-star-leine-passend-zum-pet-star-softgeschirr-netzgeschirr-rot","status":"publish","type":"product","link":"https:\/\/all-pets.de\/shop\/produkt\/pet-star-leine-passend-zum-pet-star-softgeschirr-netzgeschirr-rot\/","title":{"rendered":"Pet-Star Leine (passend zum Pet-Star Softgeschirr \/ Netzgeschirr) &#8211; Rot"},"content":{"rendered":"<p>Die stabile Leine von Pet-Star ist farblich genau auf das Pet-Star Soft- \/ Netzgeschirre &#8211; Rot abgestimmt (Artikelnr. PS-45405-VAR ), kann aber selbstverst\u00e4ndlich auch mit jedem anderen Halsband oder Geschirr verwendet werden.<\/p>\n<p> Die Leine besteht aus strapazierf\u00e4higem und dickem Nylonmaterial und ist mit einer Handschlaufe und selbstverst\u00e4ndlich einem Haken zur Befestigung an Halsband bzw. Leine ausgestattet. <\/p>\n<p>L\u00e4nge inkl. Haken und Handschlaufe: ca. 126 cm<br \/> L\u00e4nge ohne Haken: ca. 120 cm<br \/> Breite: ca. 20 mm<\/p>\n<p>Farbe: Rot<\/p>\n","protected":false},"excerpt":{"rendered":"<p>Die stabile Leine von Pet-Star ist farblich genau auf das Pet-Star Soft- \/ Netzgeschirre &#8211; Rot abgestimmt (Artikelnr. PS-45405-VAR ), kann aber selbstverst\u00e4ndlich auch mit jedem anderen Halsband oder Geschirr verwendet werden. Die Leine besteht aus strapazierf\u00e4higem und dickem Nylonmaterial und ist mit einer Handschlaufe und selbstverst\u00e4ndlich einem Haken zur Befestigung an Halsband bzw. Leine [&hellip;]<\/p>\n","protected":false},"featured_media":35035,"comment_status":"closed","ping_status":"open","template":"","meta":[],"product_cat":[14701],"product_tag":[],"class_list":{"0":"post-54328","1":"product","2":"type-product","3":"status-publish","4":"has-post-thumbnail","6":"product_cat-nylonleinen-leinen","8":"first","9":"instock","10":"taxable","11":"shipping-taxable","12":"purchasable","13":"product-type-simple"},"_links":{"self":[{"href":"https:\/\/all-pets.de\/shop\/wp-json\/wp\/v2\/product\/54328","targetHints":{"allow":["GET"]}}],"collection":[{"href":"https:\/\/all-pets.de\/shop\/wp-json\/wp\/v2\/product"}],"about":[{"href":"https:\/\/all-pets.de\/shop\/wp-json\/wp\/v2\/types\/product"}],"replies":[{"embeddable":true,"href":"https:\/\/all-pets.de\/shop\/wp-json\/wp\/v2\/comments?post=54328"}],"wp:featuredmedia":[{"embeddable":true,"href":"https:\/\/all-pets.de\/shop\/wp-json\/wp\/v2\/media\/35035"}],"wp:attachment":[{"href":"https:\/\/all-pets.de\/shop\/wp-json\/wp\/v2\/media?parent=54328"}],"wp:term":[{"taxonomy":"product_cat","embeddable":true,"href":"https:\/\/all-pets.de\/shop\/wp-json\/wp\/v2\/product_cat?post=54328"},{"taxonomy":"product_tag","embeddable":true,"href":"https:\/\/all-pets.de\/shop\/wp-json\/wp\/v2\/product_tag?post=54328"}],"curies":[{"name":"wp","href":"https:\/\/api.w.org\/{rel}","templated":true}]}}