{"id":54332,"date":"2023-12-12T12:49:07","date_gmt":"2023-12-12T11:49:07","guid":{"rendered":"https:\/\/pet-shopping.de\/shop\/produkt\/flexi-rollleine-new-comfort-seil-5m-bis-20kg-schwarz\/"},"modified":"2023-12-12T12:49:08","modified_gmt":"2023-12-12T11:49:08","slug":"flexi-rollleine-new-comfort-seil-5m-bis-20kg-schwarz","status":"publish","type":"product","link":"https:\/\/all-pets.de\/shop\/produkt\/flexi-rollleine-new-comfort-seil-5m-bis-20kg-schwarz\/","title":{"rendered":"FLEXI Rollleine New COMFORT Seil &#8211; 5m, bis 20kg &#8211; schwarz"},"content":{"rendered":"<ul>\n<li>mit Softgriff<\/li>\n<li>mit Kurzhub-Bremssystem<\/li>\n<li>mit reflektierendem Streifen im vorderen Gurtst\u00fcck <\/li>\n<li>erweiterbar durch flexi Multi Box und LED Lighting System<\/li>\n<li>mit Griffgr\u00f6\u00dfen-Einstellung<\/li>\n<li>Gr\u00f6\u00dfe M<\/li>\n<li>L\u00e4nge: 5m<\/li>\n<li>Geeignet bis 20kg K\u00f6rpergewicht<\/li>\n<li>Farbe: schwarz<\/li>\n<\/ul>\n","protected":false},"excerpt":{"rendered":"<p>mit Softgriff mit Kurzhub-Bremssystem mit reflektierendem Streifen im vorderen Gurtst\u00fcck erweiterbar durch flexi Multi Box und LED Lighting System mit Griffgr\u00f6\u00dfen-Einstellung Gr\u00f6\u00dfe M L\u00e4nge: 5m Geeignet bis 20kg K\u00f6rpergewicht Farbe: schwarz<\/p>\n","protected":false},"featured_media":35051,"comment_status":"closed","ping_status":"open","template":"","meta":[],"product_cat":[15321],"product_tag":[],"class_list":{"0":"post-54332","1":"product","2":"type-product","3":"status-publish","4":"has-post-thumbnail","6":"product_cat-roll-leinen","8":"first","9":"instock","10":"taxable","11":"shipping-taxable","12":"purchasable","13":"product-type-simple"},"_links":{"self":[{"href":"https:\/\/all-pets.de\/shop\/wp-json\/wp\/v2\/product\/54332","targetHints":{"allow":["GET"]}}],"collection":[{"href":"https:\/\/all-pets.de\/shop\/wp-json\/wp\/v2\/product"}],"about":[{"href":"https:\/\/all-pets.de\/shop\/wp-json\/wp\/v2\/types\/product"}],"replies":[{"embeddable":true,"href":"https:\/\/all-pets.de\/shop\/wp-json\/wp\/v2\/comments?post=54332"}],"wp:featuredmedia":[{"embeddable":true,"href":"https:\/\/all-pets.de\/shop\/wp-json\/wp\/v2\/media\/35051"}],"wp:attachment":[{"href":"https:\/\/all-pets.de\/shop\/wp-json\/wp\/v2\/media?parent=54332"}],"wp:term":[{"taxonomy":"product_cat","embeddable":true,"href":"https:\/\/all-pets.de\/shop\/wp-json\/wp\/v2\/product_cat?post=54332"},{"taxonomy":"product_tag","embeddable":true,"href":"https:\/\/all-pets.de\/shop\/wp-json\/wp\/v2\/product_tag?post=54332"}],"curies":[{"name":"wp","href":"https:\/\/api.w.org\/{rel}","templated":true}]}}