{"id":54339,"date":"2023-12-12T12:49:09","date_gmt":"2023-12-12T11:49:09","guid":{"rendered":"https:\/\/pet-shopping.de\/shop\/produkt\/trixie-nylon-maulkorb-0-xs\/"},"modified":"2023-12-12T12:49:09","modified_gmt":"2023-12-12T11:49:09","slug":"trixie-nylon-maulkorb-0-xs","status":"publish","type":"product","link":"https:\/\/all-pets.de\/shop\/produkt\/trixie-nylon-maulkorb-0-xs\/","title":{"rendered":"Trixie Nylon-Maulkorb &#8211; 0 &#8211; XS"},"content":{"rendered":"<p>Dieser Maulkorb aus Nylon eignet sich f\u00fcr den kurzzeitigen Gebrauch, z.B. beim Tierarzt, w\u00e4hrend einer Bahnfahrt etc.<\/p>\n<p>Er ist stufenlos verstellbar durch einen Genickriemen mit Schnappverschluss. Ein Bei\u00dfen, Kauen und Bellen wird verhindert, w\u00e4hrend Trinken und Hecheln weiterhin erlaubt wird.<\/p>\n<p>Farbe: Schwarz<br \/> Gr\u00f6\u00dfe: XS<br \/> f\u00fcr z. B.: Chihuahua<br \/> Genickriemen: 12-28 cm<br \/> Schnauzenriemen: 12 cm<\/p>\n","protected":false},"excerpt":{"rendered":"<p>Dieser Maulkorb aus Nylon eignet sich f\u00fcr den kurzzeitigen Gebrauch, z.B. beim Tierarzt, w\u00e4hrend einer Bahnfahrt etc. Er ist stufenlos verstellbar durch einen Genickriemen mit Schnappverschluss. Ein Bei\u00dfen, Kauen und Bellen wird verhindert, w\u00e4hrend Trinken und Hecheln weiterhin erlaubt wird. Farbe: Schwarz Gr\u00f6\u00dfe: XS f\u00fcr z. B.: Chihuahua Genickriemen: 12-28 cm Schnauzenriemen: 12 cm<\/p>\n","protected":false},"featured_media":35061,"comment_status":"closed","ping_status":"open","template":"","meta":[],"product_cat":[15461],"product_tag":[],"class_list":{"0":"post-54339","1":"product","2":"type-product","3":"status-publish","4":"has-post-thumbnail","6":"product_cat-maulkoerbe","8":"first","9":"instock","10":"taxable","11":"shipping-taxable","12":"purchasable","13":"product-type-simple"},"_links":{"self":[{"href":"https:\/\/all-pets.de\/shop\/wp-json\/wp\/v2\/product\/54339","targetHints":{"allow":["GET"]}}],"collection":[{"href":"https:\/\/all-pets.de\/shop\/wp-json\/wp\/v2\/product"}],"about":[{"href":"https:\/\/all-pets.de\/shop\/wp-json\/wp\/v2\/types\/product"}],"replies":[{"embeddable":true,"href":"https:\/\/all-pets.de\/shop\/wp-json\/wp\/v2\/comments?post=54339"}],"wp:featuredmedia":[{"embeddable":true,"href":"https:\/\/all-pets.de\/shop\/wp-json\/wp\/v2\/media\/35061"}],"wp:attachment":[{"href":"https:\/\/all-pets.de\/shop\/wp-json\/wp\/v2\/media?parent=54339"}],"wp:term":[{"taxonomy":"product_cat","embeddable":true,"href":"https:\/\/all-pets.de\/shop\/wp-json\/wp\/v2\/product_cat?post=54339"},{"taxonomy":"product_tag","embeddable":true,"href":"https:\/\/all-pets.de\/shop\/wp-json\/wp\/v2\/product_tag?post=54339"}],"curies":[{"name":"wp","href":"https:\/\/api.w.org\/{rel}","templated":true}]}}